{"id":8,"date":"2016-03-02T13:33:19","date_gmt":"2016-03-02T13:33:19","guid":{"rendered":"http:\/\/ultimato.com.br\/sites\/fe-esperanca-tecnologia\/?page_id=8"},"modified":"2016-03-02T13:34:41","modified_gmt":"2016-03-02T13:34:41","slug":"o-que-disseram","status":"publish","type":"page","link":"https:\/\/ultimato.com.br\/sites\/fe-esperanca-tecnologia\/o-que-disseram\/","title":{"rendered":"O que disseram"},"content":{"rendered":"<blockquote><p><strong>F\u00e9, Esperan\u00e7a e Tecnologia<\/strong> \u00e9 essencial para os crist\u00e3os que est\u00e3o lutando com quest\u00f5es como biotecnologia, cibern\u00e9tica e o crescente car\u00e1ter tecnol\u00f3gico da vida contempor\u00e2nea.<\/p><\/blockquote>\n<p><em>\u2013 Charles C. Adams<\/em><\/p>\n<p>&nbsp;<\/p>\n<blockquote><p>Egbert Schuurman oferece uma cr\u00edtica prof\u00e9tica sobre o desenvolvimento aut\u00f4nomo da tecnologia moderna. Cuidadosamente documentado, ele chega \u00e0 conclus\u00e3o inevit\u00e1vel de que a tecnologia moderna n\u00e3o entrega a liberdade que promete, mas, em vez disso, escraviza e degrada a sociedade em que vivemos.<\/p><\/blockquote>\n<p>\u2013<em> Hans Boersma<\/em><\/p>\n","protected":false},"excerpt":{"rendered":"<p>F\u00e9, Esperan\u00e7a e Tecnologia \u00e9 essencial para os crist\u00e3os que est\u00e3o lutando com quest\u00f5es como biotecnologia, cibern\u00e9tica e o crescente car\u00e1ter tecnol\u00f3gico da vida contempor\u00e2nea. \u2013 Charles C. Adams &nbsp; Egbert Schuurman oferece uma cr\u00edtica prof\u00e9tica sobre o desenvolvimento aut\u00f4nomo da tecnologia moderna. Cuidadosamente documentado, ele chega \u00e0 conclus\u00e3o inevit\u00e1vel de que a tecnologia moderna [&hellip;]<\/p>\n","protected":false},"author":24,"featured_media":0,"parent":0,"menu_order":1,"comment_status":"closed","ping_status":"closed","template":"","meta":{"footnotes":""},"class_list":["post-8","page","type-page","status-publish","hentry"],"_links":{"self":[{"href":"https:\/\/ultimato.com.br\/sites\/fe-esperanca-tecnologia\/wp-json\/wp\/v2\/pages\/8","targetHints":{"allow":["GET"]}}],"collection":[{"href":"https:\/\/ultimato.com.br\/sites\/fe-esperanca-tecnologia\/wp-json\/wp\/v2\/pages"}],"about":[{"href":"https:\/\/ultimato.com.br\/sites\/fe-esperanca-tecnologia\/wp-json\/wp\/v2\/types\/page"}],"author":[{"embeddable":true,"href":"https:\/\/ultimato.com.br\/sites\/fe-esperanca-tecnologia\/wp-json\/wp\/v2\/users\/24"}],"replies":[{"embeddable":true,"href":"https:\/\/ultimato.com.br\/sites\/fe-esperanca-tecnologia\/wp-json\/wp\/v2\/comments?post=8"}],"version-history":[{"count":2,"href":"https:\/\/ultimato.com.br\/sites\/fe-esperanca-tecnologia\/wp-json\/wp\/v2\/pages\/8\/revisions"}],"predecessor-version":[{"id":26,"href":"https:\/\/ultimato.com.br\/sites\/fe-esperanca-tecnologia\/wp-json\/wp\/v2\/pages\/8\/revisions\/26"}],"wp:attachment":[{"href":"https:\/\/ultimato.com.br\/sites\/fe-esperanca-tecnologia\/wp-json\/wp\/v2\/media?parent=8"}],"curies":[{"name":"wp","href":"https:\/\/api.w.org\/{rel}","templated":true}]}}