{"id":7,"date":"2016-03-02T13:33:05","date_gmt":"2016-03-02T13:33:05","guid":{"rendered":"http:\/\/ultimato.com.br\/sites\/fe-esperanca-tecnologia\/?page_id=7"},"modified":"2016-03-02T13:34:44","modified_gmt":"2016-03-02T13:34:44","slug":"o-livro","status":"publish","type":"page","link":"https:\/\/ultimato.com.br\/sites\/fe-esperanca-tecnologia\/","title":{"rendered":"O livro"},"content":{"rendered":"<blockquote><p>Cuidadosamente documentado, <strong>F\u00e9, Esperan\u00e7a e Tecnologia<\/strong> chega \u00e0 conclus\u00e3o inevit\u00e1vel de que a tecnologia moderna n\u00e3o entrega a liberdade que promete, mas, em vez disso, escraviza e degrada a sociedade em que vivemos.<\/p><\/blockquote>\n<p>\u2013<em> Hans Boersma<\/em><\/p>\n<p><strong>\u00a0<\/strong><\/p>\n<p>O avan\u00e7o da tecnologia nas \u00faltimas d\u00e9cadas \u00e9 maior do que em qualquer outra \u00e9poca da hist\u00f3ria. Como lidar com tantos benef\u00edcios e tamb\u00e9m com os danos da tecnologia sobre a cultura e a sociedade?<\/p>\n<p>Para Egbert Schuurman, a venera\u00e7\u00e3o da ci\u00eancia e o tecnicismo nos levam a uma percep\u00e7\u00e3o equivocada em muitas \u00e1reas da cultura e da ci\u00eancia. Estamos entorpecidos pela tecnologia, indiferentes \u00e0 sua alian\u00e7a com a economia e sem perceber a natureza e as limita\u00e7\u00f5es do pensamento cient\u00edfico e tecnol\u00f3gico.<\/p>\n<p><strong>F\u00e9, Esperan\u00e7a e Tecnologia<\/strong> oferece uma abordagem b\u00edblica e filos\u00f3fica sobre o impacto da tecnologia na cultura e no comportamento social.<\/p>\n","protected":false},"excerpt":{"rendered":"<p>Cuidadosamente documentado, F\u00e9, Esperan\u00e7a e Tecnologia chega \u00e0 conclus\u00e3o inevit\u00e1vel de que a tecnologia moderna n\u00e3o entrega a liberdade que promete, mas, em vez disso, escraviza e degrada a sociedade em que vivemos. \u2013 Hans Boersma \u00a0 O avan\u00e7o da tecnologia nas \u00faltimas d\u00e9cadas \u00e9 maior do que em qualquer outra \u00e9poca da hist\u00f3ria. Como [&hellip;]<\/p>\n","protected":false},"author":24,"featured_media":0,"parent":0,"menu_order":0,"comment_status":"closed","ping_status":"closed","template":"","meta":{"footnotes":""},"class_list":["post-7","page","type-page","status-publish","hentry"],"_links":{"self":[{"href":"https:\/\/ultimato.com.br\/sites\/fe-esperanca-tecnologia\/wp-json\/wp\/v2\/pages\/7","targetHints":{"allow":["GET"]}}],"collection":[{"href":"https:\/\/ultimato.com.br\/sites\/fe-esperanca-tecnologia\/wp-json\/wp\/v2\/pages"}],"about":[{"href":"https:\/\/ultimato.com.br\/sites\/fe-esperanca-tecnologia\/wp-json\/wp\/v2\/types\/page"}],"author":[{"embeddable":true,"href":"https:\/\/ultimato.com.br\/sites\/fe-esperanca-tecnologia\/wp-json\/wp\/v2\/users\/24"}],"replies":[{"embeddable":true,"href":"https:\/\/ultimato.com.br\/sites\/fe-esperanca-tecnologia\/wp-json\/wp\/v2\/comments?post=7"}],"version-history":[{"count":3,"href":"https:\/\/ultimato.com.br\/sites\/fe-esperanca-tecnologia\/wp-json\/wp\/v2\/pages\/7\/revisions"}],"predecessor-version":[{"id":27,"href":"https:\/\/ultimato.com.br\/sites\/fe-esperanca-tecnologia\/wp-json\/wp\/v2\/pages\/7\/revisions\/27"}],"wp:attachment":[{"href":"https:\/\/ultimato.com.br\/sites\/fe-esperanca-tecnologia\/wp-json\/wp\/v2\/media?parent=7"}],"curies":[{"name":"wp","href":"https:\/\/api.w.org\/{rel}","templated":true}]}}