{"id":8,"date":"2018-08-29T09:12:58","date_gmt":"2018-08-29T12:12:58","guid":{"rendered":"http:\/\/ultimato.com.br\/sites\/fe-crista-acao-politica\/?page_id=8"},"modified":"2018-08-30T09:06:23","modified_gmt":"2018-08-30T12:06:23","slug":"o-autor","status":"publish","type":"page","link":"https:\/\/ultimato.com.br\/sites\/fe-crista-acao-politica\/o-autor\/","title":{"rendered":"O Autor"},"content":{"rendered":"<p><img loading=\"lazy\" decoding=\"async\" class=\"alignleft wp-image-28\" src=\"http:\/\/ultimato.com.br\/sites\/fe-crista-acao-politica\/files\/Pedro-Dulci-300x300.jpg\" alt=\"\" width=\"168\" height=\"168\" srcset=\"https:\/\/ultimato.com.br\/sites\/fe-crista-acao-politica\/files\/Pedro-Dulci-300x300.jpg 300w, https:\/\/ultimato.com.br\/sites\/fe-crista-acao-politica\/files\/Pedro-Dulci-150x150.jpg 150w, https:\/\/ultimato.com.br\/sites\/fe-crista-acao-politica\/files\/Pedro-Dulci.jpg 500w\" sizes=\"auto, (max-width: 168px) 100vw, 168px\" \/><strong>Pedro Lucas Dulci<\/strong>, fil\u00f3sofo e pastor presbiteriano, \u00e9 casado com Carolinne e pai de Benjamin. Tem gradua\u00e7\u00e3o em teologia (SPBC) e \u00e9 doutorando em filosofia (UFG) com pesquisa em \u00c9tica e Filosofia Pol\u00edtica Contempor\u00e2nea. Em 2016 recebeu uma bolsa da John Templeton Foundation atrav\u00e9s do Ian Ramsey Centre, da Universidade de Oxford, para realizar estudos sobre o di\u00e1logo entre ci\u00eancia e religi\u00e3o na Universidade Livre de Amsterd\u00e3, onde acompanhou as atividades do Abraham Kuyper Center e do Herman Bavinck Center sob a supervis\u00e3o do professor Gerrit Glas. \u00c9 pastor auxiliar na Igreja Presbiteriana Bereia, capel\u00e3o do Instituto Presbiteriano de Educa\u00e7\u00e3o e professor de filosofia no Semin\u00e1rio Presbiteriano Brasil Central, em Goi\u00e2nia.<\/p>\n","protected":false},"excerpt":{"rendered":"<p>Pedro Lucas Dulci, fil\u00f3sofo e pastor presbiteriano, \u00e9 casado com Carolinne e pai de Benjamin. Tem gradua\u00e7\u00e3o em teologia (SPBC) e \u00e9 doutorando em filosofia (UFG) com pesquisa em \u00c9tica e Filosofia Pol\u00edtica Contempor\u00e2nea. Em 2016 recebeu uma bolsa da John Templeton Foundation atrav\u00e9s do Ian Ramsey Centre, da Universidade de Oxford, para realizar estudos [&hellip;]<\/p>\n","protected":false},"author":24,"featured_media":0,"parent":0,"menu_order":2,"comment_status":"closed","ping_status":"closed","template":"","meta":{"footnotes":""},"class_list":["post-8","page","type-page","status-publish","hentry"],"_links":{"self":[{"href":"https:\/\/ultimato.com.br\/sites\/fe-crista-acao-politica\/wp-json\/wp\/v2\/pages\/8","targetHints":{"allow":["GET"]}}],"collection":[{"href":"https:\/\/ultimato.com.br\/sites\/fe-crista-acao-politica\/wp-json\/wp\/v2\/pages"}],"about":[{"href":"https:\/\/ultimato.com.br\/sites\/fe-crista-acao-politica\/wp-json\/wp\/v2\/types\/page"}],"author":[{"embeddable":true,"href":"https:\/\/ultimato.com.br\/sites\/fe-crista-acao-politica\/wp-json\/wp\/v2\/users\/24"}],"replies":[{"embeddable":true,"href":"https:\/\/ultimato.com.br\/sites\/fe-crista-acao-politica\/wp-json\/wp\/v2\/comments?post=8"}],"version-history":[{"count":3,"href":"https:\/\/ultimato.com.br\/sites\/fe-crista-acao-politica\/wp-json\/wp\/v2\/pages\/8\/revisions"}],"predecessor-version":[{"id":39,"href":"https:\/\/ultimato.com.br\/sites\/fe-crista-acao-politica\/wp-json\/wp\/v2\/pages\/8\/revisions\/39"}],"wp:attachment":[{"href":"https:\/\/ultimato.com.br\/sites\/fe-crista-acao-politica\/wp-json\/wp\/v2\/media?parent=8"}],"curies":[{"name":"wp","href":"https:\/\/api.w.org\/{rel}","templated":true}]}}