{"id":10,"date":"2018-08-29T09:13:12","date_gmt":"2018-08-29T12:13:12","guid":{"rendered":"http:\/\/ultimato.com.br\/sites\/fe-crista-acao-politica\/?page_id=10"},"modified":"2018-08-30T09:04:07","modified_gmt":"2018-08-30T12:04:07","slug":"o-que-disseram","status":"publish","type":"page","link":"https:\/\/ultimato.com.br\/sites\/fe-crista-acao-politica\/o-que-disseram\/","title":{"rendered":"O que disseram"},"content":{"rendered":"<blockquote><p><span style=\"color: #333333;\">N\u00e3o existe nada mais revolucion\u00e1rio e transformador para uma sociedade do que crist\u00e3os que buscam integrar a f\u00e9 pessoal com as diferentes esferas p\u00fablicas. <strong>F\u00e9 Crist\u00e3 e A\u00e7\u00e3o Pol\u00edtica<\/strong> \u00e9 um livro fundamental para aqueles que desejam viver a f\u00e9 de forma integral em todas as dimens\u00f5es da vida.<\/span><br \/>\n&nbsp;<br \/>\n<span style=\"color: #333333;\"><em>\u2013 <\/em><em>Ricardo Barbosa<\/em><\/span><\/p><\/blockquote>\n<blockquote><p><span style=\"color: #333333;\">Al\u00e9m de lan\u00e7ar fundamentos para a compreens\u00e3o das rela\u00e7\u00f5es entre f\u00e9 crist\u00e3, teologia e pol\u00edtica, Pedro Dulci analisa o sentido de esfera p\u00fablica, o pluralismo social e o lugar da igreja local diante dos desafios pol\u00edticos e da necessidade de envolvimento crist\u00e3o.<\/span><br \/>\n<span style=\"color: #333333;\">\u00a0<\/span><br \/>\n&nbsp;<br \/>\n<span style=\"color: #333333;\"><em>\u2013 Rodolfo Amorim Carlos de Souza<\/em><\/span><\/p><\/blockquote>\n<blockquote><p><span style=\"color: #333333;\">Nesta obra de f\u00f4lego o fil\u00f3sofo Pedro Dulci apresenta possibilidades concretas para o testemunho crist\u00e3o na arena p\u00fablica contempor\u00e2nea. Com s\u00f3lido arcabou\u00e7o b\u00edblico-teol\u00f3gico e ampla percep\u00e7\u00e3o dos impasses filos\u00f3ficos atuais,\u00a0Dulci demonstra a for\u00e7a da f\u00e9 crist\u00e3 para a transforma\u00e7\u00e3o social.<\/span><br \/>\n&nbsp;<br \/>\n<span style=\"color: #333333;\"><em>\u2013 Davi Lago<\/em><\/span><\/p><\/blockquote>\n<blockquote><p><span style=\"color: #333333;\">Em um momento eivado de fanatismos, fundamentalismos, discursos de \u00f3dio e apatia pol\u00edtica, <strong>F\u00e9 Crist\u00e3 e A\u00e7\u00e3o Pol\u00edtica<\/strong><em>\u00a0<\/em>\u00a0\u00e9 uma obra oportuna e necess\u00e1ria para uma igreja que quer ser sal e luz no mundo. Um marco nos estudos brasileiros em teologia p\u00fablica.<\/span><br \/>\n&nbsp;<br \/>\n<span style=\"color: #333333;\"><em>\u2013 <\/em><em>Leonardo Ramos<\/em><\/span><\/p><\/blockquote>\n<blockquote><p><span style=\"color: #333333;\">Escrito a partir de uma teologia p\u00fablica fundada no senhorio de Cristo, <strong>F\u00e9 Crist\u00e3 e A\u00e7\u00e3o Pol\u00edtica<\/strong><em>\u00a0<\/em>\u00a0sugere um horizonte de ativismo pol\u00edtico crist\u00e3o prudente e que n\u00e3o subestime o potencial da igreja local para a produ\u00e7\u00e3o de virtudes p\u00fablicas. Pedro Dulci oferece os contornos de uma narrativa que exige coragem ortodoxa enquanto resguarda crist\u00e3os do ufanismo pol\u00edtico e ideol\u00f3gico.<\/span><br \/>\n&nbsp;<br \/>\n<span style=\"color: #333333;\"><em>\u2013 <\/em><em>Igor Miguel<\/em><\/span><\/p><\/blockquote>\n<blockquote><p><span style=\"color: #333333;\">Recomendo com alegria este livro a todos aqueles que t\u00eam interesse na rela\u00e7\u00e3o do cristianismo com a cultura, em geral, e com a pol\u00edtica e a sociedade, em particular.<\/span><br \/>\n&nbsp;<br \/>\n<span style=\"color: #333333;\"><em>\u2013 <\/em><em>Filipe Costa Fontes<\/em><\/span><\/p><\/blockquote>\n","protected":false},"excerpt":{"rendered":"<p>N\u00e3o existe nada mais revolucion\u00e1rio e transformador para uma sociedade do que crist\u00e3os que buscam integrar a f\u00e9 pessoal com as diferentes esferas p\u00fablicas. F\u00e9 Crist\u00e3 e A\u00e7\u00e3o Pol\u00edtica \u00e9 um livro fundamental para aqueles que desejam viver a f\u00e9 de forma integral em todas as dimens\u00f5es da vida. &nbsp; \u2013 Ricardo Barbosa Al\u00e9m de [&hellip;]<\/p>\n","protected":false},"author":24,"featured_media":0,"parent":0,"menu_order":3,"comment_status":"closed","ping_status":"closed","template":"","meta":{"footnotes":""},"class_list":["post-10","page","type-page","status-publish","hentry"],"_links":{"self":[{"href":"https:\/\/ultimato.com.br\/sites\/fe-crista-acao-politica\/wp-json\/wp\/v2\/pages\/10","targetHints":{"allow":["GET"]}}],"collection":[{"href":"https:\/\/ultimato.com.br\/sites\/fe-crista-acao-politica\/wp-json\/wp\/v2\/pages"}],"about":[{"href":"https:\/\/ultimato.com.br\/sites\/fe-crista-acao-politica\/wp-json\/wp\/v2\/types\/page"}],"author":[{"embeddable":true,"href":"https:\/\/ultimato.com.br\/sites\/fe-crista-acao-politica\/wp-json\/wp\/v2\/users\/24"}],"replies":[{"embeddable":true,"href":"https:\/\/ultimato.com.br\/sites\/fe-crista-acao-politica\/wp-json\/wp\/v2\/comments?post=10"}],"version-history":[{"count":3,"href":"https:\/\/ultimato.com.br\/sites\/fe-crista-acao-politica\/wp-json\/wp\/v2\/pages\/10\/revisions"}],"predecessor-version":[{"id":37,"href":"https:\/\/ultimato.com.br\/sites\/fe-crista-acao-politica\/wp-json\/wp\/v2\/pages\/10\/revisions\/37"}],"wp:attachment":[{"href":"https:\/\/ultimato.com.br\/sites\/fe-crista-acao-politica\/wp-json\/wp\/v2\/media?parent=10"}],"curies":[{"name":"wp","href":"https:\/\/api.w.org\/{rel}","templated":true}]}}