{"id":9,"date":"2014-12-22T13:24:16","date_gmt":"2014-12-22T13:24:16","guid":{"rendered":"http:\/\/ultimato.com.br\/sites\/evangelizacao-ou-colonizacao\/?page_id=9"},"modified":"2014-12-22T13:24:16","modified_gmt":"2014-12-22T13:24:16","slug":"a-autora","status":"publish","type":"page","link":"https:\/\/ultimato.com.br\/sites\/evangelizacao-ou-colonizacao\/a-autora\/","title":{"rendered":"A autora"},"content":{"rendered":"<p><strong><a href=\"http:\/\/ultimato.com.br\/sites\/evangelizacao-ou-colonizacao\/files\/2014\/12\/foto_hs_eoc.jpg\"><img loading=\"lazy\" decoding=\"async\" class=\"alignleft size-thumbnail wp-image-10\" src=\"http:\/\/ultimato.com.br\/sites\/evangelizacao-ou-colonizacao\/files\/2014\/12\/foto_hs_eoc-150x150.jpg\" alt=\"foto_hs_eoc\" width=\"150\" height=\"150\" \/><\/a>Analzira Nascimento<\/strong> \u00e9 mission\u00e1ria da Junta de Miss\u00f5es Mundiais e serviu em Angola por 17 anos durante a guerra civil naquele pa\u00eds. Doutora em ci\u00eancias da religi\u00e3o pela Universidade Metodista de S\u00e3o Paulo, coordena o minist\u00e9rio Com Voca\u00e7\u00e3o, da JMM, e trabalha com a Associa\u00e7\u00e3o de Miss\u00f5es Transculturais Brasileiras e a Associa\u00e7\u00e3o de Professores de Miss\u00f5es do Brasil. \u00c9 respons\u00e1vel pelos projetos mission\u00e1rios da Igreja Batista de \u00c1gua Branca, em S\u00e3o Paulo.<\/p>\n","protected":false},"excerpt":{"rendered":"<p>Analzira Nascimento \u00e9 mission\u00e1ria da Junta de Miss\u00f5es Mundiais e serviu em Angola por 17 anos durante a guerra civil naquele pa\u00eds. Doutora em ci\u00eancias da religi\u00e3o pela Universidade Metodista de S\u00e3o Paulo, coordena o minist\u00e9rio Com Voca\u00e7\u00e3o, da JMM, e trabalha com a Associa\u00e7\u00e3o de Miss\u00f5es Transculturais Brasileiras e a Associa\u00e7\u00e3o de Professores de [&hellip;]<\/p>\n","protected":false},"author":24,"featured_media":0,"parent":0,"menu_order":2,"comment_status":"closed","ping_status":"open","template":"","meta":{"footnotes":""},"class_list":["post-9","page","type-page","status-publish","hentry"],"_links":{"self":[{"href":"https:\/\/ultimato.com.br\/sites\/evangelizacao-ou-colonizacao\/wp-json\/wp\/v2\/pages\/9","targetHints":{"allow":["GET"]}}],"collection":[{"href":"https:\/\/ultimato.com.br\/sites\/evangelizacao-ou-colonizacao\/wp-json\/wp\/v2\/pages"}],"about":[{"href":"https:\/\/ultimato.com.br\/sites\/evangelizacao-ou-colonizacao\/wp-json\/wp\/v2\/types\/page"}],"author":[{"embeddable":true,"href":"https:\/\/ultimato.com.br\/sites\/evangelizacao-ou-colonizacao\/wp-json\/wp\/v2\/users\/24"}],"replies":[{"embeddable":true,"href":"https:\/\/ultimato.com.br\/sites\/evangelizacao-ou-colonizacao\/wp-json\/wp\/v2\/comments?post=9"}],"version-history":[{"count":1,"href":"https:\/\/ultimato.com.br\/sites\/evangelizacao-ou-colonizacao\/wp-json\/wp\/v2\/pages\/9\/revisions"}],"predecessor-version":[{"id":11,"href":"https:\/\/ultimato.com.br\/sites\/evangelizacao-ou-colonizacao\/wp-json\/wp\/v2\/pages\/9\/revisions\/11"}],"wp:attachment":[{"href":"https:\/\/ultimato.com.br\/sites\/evangelizacao-ou-colonizacao\/wp-json\/wp\/v2\/media?parent=9"}],"curies":[{"name":"wp","href":"https:\/\/api.w.org\/{rel}","templated":true}]}}