{"id":7,"date":"2014-12-22T13:23:17","date_gmt":"2014-12-22T13:23:17","guid":{"rendered":"http:\/\/ultimato.com.br\/sites\/evangelizacao-ou-colonizacao\/?page_id=7"},"modified":"2014-12-22T13:23:17","modified_gmt":"2014-12-22T13:23:17","slug":"o-que-disseram","status":"publish","type":"page","link":"https:\/\/ultimato.com.br\/sites\/evangelizacao-ou-colonizacao\/o-que-disseram\/","title":{"rendered":"O que disseram"},"content":{"rendered":"<blockquote><p>A igreja, no decorrer da hist\u00f3ria, adotou pr\u00e1ticas evangelizadoras que contribu\u00edram para sedimentar um modelo de miss\u00e3o fortemente marcado pela expans\u00e3o colonialista [&#8230;]. Esse modelo foi formatado nos Estados Unidos e deu origem ao formato mission\u00e1rio protestante dominante.<\/p>\n<p>\u00c9 preciso parar de invadir \u201ca casa do outro\u201d, entender que ele tamb\u00e9m tem o que dizer e que, ouvindo-o, alcan\u00e7aremos condi\u00e7\u00f5es de di\u00e1logo.<\/p><\/blockquote>\n","protected":false},"excerpt":{"rendered":"<p>A igreja, no decorrer da hist\u00f3ria, adotou pr\u00e1ticas evangelizadoras que contribu\u00edram para sedimentar um modelo de miss\u00e3o fortemente marcado pela expans\u00e3o colonialista [&#8230;]. Esse modelo foi formatado nos Estados Unidos e deu origem ao formato mission\u00e1rio protestante dominante. \u00c9 preciso parar de invadir \u201ca casa do outro\u201d, entender que ele tamb\u00e9m tem o que dizer [&hellip;]<\/p>\n","protected":false},"author":24,"featured_media":0,"parent":0,"menu_order":1,"comment_status":"closed","ping_status":"open","template":"","meta":{"footnotes":""},"class_list":["post-7","page","type-page","status-publish","hentry"],"_links":{"self":[{"href":"https:\/\/ultimato.com.br\/sites\/evangelizacao-ou-colonizacao\/wp-json\/wp\/v2\/pages\/7","targetHints":{"allow":["GET"]}}],"collection":[{"href":"https:\/\/ultimato.com.br\/sites\/evangelizacao-ou-colonizacao\/wp-json\/wp\/v2\/pages"}],"about":[{"href":"https:\/\/ultimato.com.br\/sites\/evangelizacao-ou-colonizacao\/wp-json\/wp\/v2\/types\/page"}],"author":[{"embeddable":true,"href":"https:\/\/ultimato.com.br\/sites\/evangelizacao-ou-colonizacao\/wp-json\/wp\/v2\/users\/24"}],"replies":[{"embeddable":true,"href":"https:\/\/ultimato.com.br\/sites\/evangelizacao-ou-colonizacao\/wp-json\/wp\/v2\/comments?post=7"}],"version-history":[{"count":1,"href":"https:\/\/ultimato.com.br\/sites\/evangelizacao-ou-colonizacao\/wp-json\/wp\/v2\/pages\/7\/revisions"}],"predecessor-version":[{"id":8,"href":"https:\/\/ultimato.com.br\/sites\/evangelizacao-ou-colonizacao\/wp-json\/wp\/v2\/pages\/7\/revisions\/8"}],"wp:attachment":[{"href":"https:\/\/ultimato.com.br\/sites\/evangelizacao-ou-colonizacao\/wp-json\/wp\/v2\/media?parent=7"}],"curies":[{"name":"wp","href":"https:\/\/api.w.org\/{rel}","templated":true}]}}