{"id":5,"date":"2014-12-22T13:22:51","date_gmt":"2014-12-22T13:22:51","guid":{"rendered":"http:\/\/ultimato.com.br\/sites\/evangelizacao-ou-colonizacao\/?page_id=5"},"modified":"2014-12-22T13:24:47","modified_gmt":"2014-12-22T13:24:47","slug":"o-livro","status":"publish","type":"page","link":"https:\/\/ultimato.com.br\/sites\/evangelizacao-ou-colonizacao\/","title":{"rendered":"O livro"},"content":{"rendered":"<p><strong>Evangeliza\u00e7\u00e3o ou Coloniza\u00e7\u00e3o? <\/strong>mostra como chegamos ao atual modelo de evangeliza\u00e7\u00e3o e pr\u00e1tica mission\u00e1ria no meio evang\u00e9lico.<\/p>\n<p>Por que nossos m\u00e9todos e motiva\u00e7\u00f5es ainda reproduzem uma pr\u00e1tica mission\u00e1ria colonialista, caracterizada pelos \u201csuperiores\u201d que sabem o que \u00e9 melhor para \u201celes\u201d?<\/p>\n<p>N\u00e3o \u00e9 \u00e0 toa que a pergunta mais ouvida nas reuni\u00f5es e balan\u00e7os anuais \u00e9 algo do tipo: \u201cQuantas almas voc\u00ea ou sua igreja ganharam para Cristo ano passado?\u201d<\/p>\n<p>A pergunta revela nossa obsess\u00e3o pelo cumprimento da agenda da igreja. E, pior, o \u201coutro\u201d \u00e9 visto como objeto, \u00e9 apenas um \u201calvo\u201d da miss\u00e3o, que mostra se alcan\u00e7amos (ou n\u00e3o) os objetivos do \u201cnosso\u201d grupo.<\/p>\n<p>\u00c9 preciso desconstruir aquilo que a tradi\u00e7\u00e3o moldou ao longo dos s\u00e9culos, voltando ao modelo simples do nosso Senhor e Mestre Jesus Cristo. <strong>Evangeliza\u00e7\u00e3o ou Coloniza\u00e7\u00e3o?<\/strong> aponta alguns elementos que podem ajudar aqueles que est\u00e3o incomodados com os nossos modelos e mostra como pegar o caminho de volta para trabalhar-viver <em>com<\/em> o outro, e n\u00e3o <em>pelo<\/em> outro.<\/p>\n","protected":false},"excerpt":{"rendered":"<p>Evangeliza\u00e7\u00e3o ou Coloniza\u00e7\u00e3o? mostra como chegamos ao atual modelo de evangeliza\u00e7\u00e3o e pr\u00e1tica mission\u00e1ria no meio evang\u00e9lico. Por que nossos m\u00e9todos e motiva\u00e7\u00f5es ainda reproduzem uma pr\u00e1tica mission\u00e1ria colonialista, caracterizada pelos \u201csuperiores\u201d que sabem o que \u00e9 melhor para \u201celes\u201d? N\u00e3o \u00e9 \u00e0 toa que a pergunta mais ouvida nas reuni\u00f5es e balan\u00e7os anuais \u00e9 [&hellip;]<\/p>\n","protected":false},"author":24,"featured_media":0,"parent":0,"menu_order":0,"comment_status":"closed","ping_status":"open","template":"","meta":{"footnotes":""},"class_list":["post-5","page","type-page","status-publish","hentry"],"_links":{"self":[{"href":"https:\/\/ultimato.com.br\/sites\/evangelizacao-ou-colonizacao\/wp-json\/wp\/v2\/pages\/5","targetHints":{"allow":["GET"]}}],"collection":[{"href":"https:\/\/ultimato.com.br\/sites\/evangelizacao-ou-colonizacao\/wp-json\/wp\/v2\/pages"}],"about":[{"href":"https:\/\/ultimato.com.br\/sites\/evangelizacao-ou-colonizacao\/wp-json\/wp\/v2\/types\/page"}],"author":[{"embeddable":true,"href":"https:\/\/ultimato.com.br\/sites\/evangelizacao-ou-colonizacao\/wp-json\/wp\/v2\/users\/24"}],"replies":[{"embeddable":true,"href":"https:\/\/ultimato.com.br\/sites\/evangelizacao-ou-colonizacao\/wp-json\/wp\/v2\/comments?post=5"}],"version-history":[{"count":2,"href":"https:\/\/ultimato.com.br\/sites\/evangelizacao-ou-colonizacao\/wp-json\/wp\/v2\/pages\/5\/revisions"}],"predecessor-version":[{"id":12,"href":"https:\/\/ultimato.com.br\/sites\/evangelizacao-ou-colonizacao\/wp-json\/wp\/v2\/pages\/5\/revisions\/12"}],"wp:attachment":[{"href":"https:\/\/ultimato.com.br\/sites\/evangelizacao-ou-colonizacao\/wp-json\/wp\/v2\/media?parent=5"}],"curies":[{"name":"wp","href":"https:\/\/api.w.org\/{rel}","templated":true}]}}