{"id":6,"date":"2016-01-25T16:51:05","date_gmt":"2016-01-25T16:51:05","guid":{"rendered":"http:\/\/ultimato.com.br\/sites\/evangelho-sociedade-pluralista\/?page_id=6"},"modified":"2016-01-26T00:07:18","modified_gmt":"2016-01-26T00:07:18","slug":"o-que-disseram","status":"publish","type":"page","link":"https:\/\/ultimato.com.br\/sites\/evangelho-sociedade-pluralista\/o-que-disseram\/","title":{"rendered":"O que disseram"},"content":{"rendered":"<blockquote><p><em>Como promover uma mensagem de amplitude universal, com aspectos e exig\u00eancias t\u00e3o singulares e exclusivos como os encontrados no cristianismo?<\/em><em>\u00a0<\/em><em><br \/>\nComo viver o testemunho crist\u00e3o num contexto em que o pluralismo foi al\u00e9m de uma descri\u00e7\u00e3o da realidade e se tornou uma ideologia?<br \/>\nO desafio continua sendo o exerc\u00edcio da persuas\u00e3o, apoiada na argumenta\u00e7\u00e3o baseada na B\u00edblia e no exemplo de servi\u00e7o comprometido com a justi\u00e7a, expressos na a\u00e7\u00e3o social e pol\u00edtica. E,\u00a0<strong>O Evangelho em uma Sociedade Pluralista<\/strong>\u00a0chega em boa hora, para nos ajudar neste desejo de um compromisso obediente ao Senhor e relevante ao nosso contexto de miss\u00e3o.<\/em><\/p><\/blockquote>\n<p>ZIEL J. O. MACHADO, no \u201cPref\u00e1cio \u00e0 edi\u00e7\u00e3o brasileira\u201d<\/p>\n<blockquote><p><em>Um dos analistas mais brilhantes das consequ\u00eancias do pluralismo para as igrejas crist\u00e3s \u00e9 Lesslie Newbigin. A partir da sua experi\u00eancia de vida como crist\u00e3o na \u00cdndia, Newbigin reflete sobre o que o pluralismo significa e n\u00e3o significa para o cristianismo contempor\u00e2neo.<\/em><\/p><\/blockquote>\n<p>ALISTER MCGRATH<\/p>\n<blockquote><p>\n<em>Ao atravessar a trilha espinhosa do p\u00f3s-modernismo,<\/em><em>\u00a0<\/em><strong><em>O Evangelho em uma Sociedade Pluralista<\/em><\/strong><em>\u00a0<\/em><em>\u00e9 a introdu\u00e7\u00e3o mais l\u00facida que temos \u00e0 m\u00e3o.<\/em><\/p><\/blockquote>\n<p>RODNEY CLAPP, Christianity Today<\/p>\n<blockquote><p>\n<em>Lesslie Newbigin deu um passo ousado e importante \u00e0 frente no debate sobre o cristianismo e o pluralismo.<\/em><\/p><\/blockquote>\n<p>LAMIN SANNEH, The Christian Century<\/p>\n<blockquote><p>\n<em><strong>O Evangelho em uma Sociedade Pluralista<\/strong><\/em><em>\u00a0<\/em><em>\u00e9 o exemplo mais abrangente j\u00e1 apresentado de uma abordagem que, por mais que se pense nela \u2013 como p\u00f3s-moderna, p\u00f3s-liberal ou neotradicionalista \u2013, est\u00e1 repleta de surpresas quando assinada por um autor talentoso como Newbigin.<\/em><\/p><\/blockquote>\n<p>GEORGE LINDBECK, International Bulletin of Missionary Research<\/p>\n","protected":false},"excerpt":{"rendered":"<p>Como promover uma mensagem de amplitude universal, com aspectos e exig\u00eancias t\u00e3o singulares e exclusivos como os encontrados no cristianismo?\u00a0 Como viver o testemunho crist\u00e3o num contexto em que o pluralismo foi al\u00e9m de uma descri\u00e7\u00e3o da realidade e se tornou uma ideologia? O desafio continua sendo o exerc\u00edcio da persuas\u00e3o, apoiada na argumenta\u00e7\u00e3o baseada [&hellip;]<\/p>\n","protected":false},"author":24,"featured_media":0,"parent":0,"menu_order":1,"comment_status":"closed","ping_status":"closed","template":"","meta":{"footnotes":""},"class_list":["post-6","page","type-page","status-publish","hentry"],"_links":{"self":[{"href":"https:\/\/ultimato.com.br\/sites\/evangelho-sociedade-pluralista\/wp-json\/wp\/v2\/pages\/6","targetHints":{"allow":["GET"]}}],"collection":[{"href":"https:\/\/ultimato.com.br\/sites\/evangelho-sociedade-pluralista\/wp-json\/wp\/v2\/pages"}],"about":[{"href":"https:\/\/ultimato.com.br\/sites\/evangelho-sociedade-pluralista\/wp-json\/wp\/v2\/types\/page"}],"author":[{"embeddable":true,"href":"https:\/\/ultimato.com.br\/sites\/evangelho-sociedade-pluralista\/wp-json\/wp\/v2\/users\/24"}],"replies":[{"embeddable":true,"href":"https:\/\/ultimato.com.br\/sites\/evangelho-sociedade-pluralista\/wp-json\/wp\/v2\/comments?post=6"}],"version-history":[{"count":4,"href":"https:\/\/ultimato.com.br\/sites\/evangelho-sociedade-pluralista\/wp-json\/wp\/v2\/pages\/6\/revisions"}],"predecessor-version":[{"id":38,"href":"https:\/\/ultimato.com.br\/sites\/evangelho-sociedade-pluralista\/wp-json\/wp\/v2\/pages\/6\/revisions\/38"}],"wp:attachment":[{"href":"https:\/\/ultimato.com.br\/sites\/evangelho-sociedade-pluralista\/wp-json\/wp\/v2\/media?parent=6"}],"curies":[{"name":"wp","href":"https:\/\/api.w.org\/{rel}","templated":true}]}}