{"id":5,"date":"2016-01-25T16:50:52","date_gmt":"2016-01-25T16:50:52","guid":{"rendered":"http:\/\/ultimato.com.br\/sites\/evangelho-sociedade-pluralista\/?page_id=5"},"modified":"2016-01-26T00:06:06","modified_gmt":"2016-01-26T00:06:06","slug":"o-livro","status":"publish","type":"page","link":"https:\/\/ultimato.com.br\/sites\/evangelho-sociedade-pluralista\/","title":{"rendered":"O Livro"},"content":{"rendered":"<p><strong>O Evangelho em uma Sociedade Pluralista<\/strong>\u00a0\u00e9 uma leitura inteligente e relevante sobre as boas novas de Jesus Cristo para o mundo de hoje.<\/p>\n<p>Um\u00a0cl\u00e1ssico n\u00e3o apenas para missi\u00f3logos e te\u00f3logos, mas tamb\u00e9m para todos os crist\u00e3os contempor\u00e2neos.<\/p>\n<p><em>\u00a0<\/em><\/p>\n<blockquote><p><em>Uma reflex\u00e3o sobre o que o pluralismo significa e o que n\u00e3o significa para o cristianismo contempor\u00e2neo.<\/em><\/p><\/blockquote>\n<p>\u2013 ALISTER MCGRATH<br \/>\nO que os crist\u00e3os diriam para uma sociedade marcada pelo pluralismo religioso, pela diversidade \u00e9tnica e cultural e pelo relativismo?<\/p>\n<p>Para Lesslie Newbigin, conhecer a verdade \u00e9 sempre um risco e requer compromisso pessoal, n\u00e3o apenas uma investiga\u00e7\u00e3o. E mais. As afirma\u00e7\u00f5es do cristianismo tornam-se convincentes somente no contexto de uma comunidade que incorpora a hist\u00f3ria crist\u00e3.<\/p>\n","protected":false},"excerpt":{"rendered":"<p>O Evangelho em uma Sociedade Pluralista\u00a0\u00e9 uma leitura inteligente e relevante sobre as boas novas de Jesus Cristo para o mundo de hoje. Um\u00a0cl\u00e1ssico n\u00e3o apenas para missi\u00f3logos e te\u00f3logos, mas tamb\u00e9m para todos os crist\u00e3os contempor\u00e2neos. \u00a0 Uma reflex\u00e3o sobre o que o pluralismo significa e o que n\u00e3o significa para o cristianismo contempor\u00e2neo. [&hellip;]<\/p>\n","protected":false},"author":24,"featured_media":0,"parent":0,"menu_order":0,"comment_status":"closed","ping_status":"closed","template":"","meta":{"footnotes":""},"class_list":["post-5","page","type-page","status-publish","hentry"],"_links":{"self":[{"href":"https:\/\/ultimato.com.br\/sites\/evangelho-sociedade-pluralista\/wp-json\/wp\/v2\/pages\/5","targetHints":{"allow":["GET"]}}],"collection":[{"href":"https:\/\/ultimato.com.br\/sites\/evangelho-sociedade-pluralista\/wp-json\/wp\/v2\/pages"}],"about":[{"href":"https:\/\/ultimato.com.br\/sites\/evangelho-sociedade-pluralista\/wp-json\/wp\/v2\/types\/page"}],"author":[{"embeddable":true,"href":"https:\/\/ultimato.com.br\/sites\/evangelho-sociedade-pluralista\/wp-json\/wp\/v2\/users\/24"}],"replies":[{"embeddable":true,"href":"https:\/\/ultimato.com.br\/sites\/evangelho-sociedade-pluralista\/wp-json\/wp\/v2\/comments?post=5"}],"version-history":[{"count":3,"href":"https:\/\/ultimato.com.br\/sites\/evangelho-sociedade-pluralista\/wp-json\/wp\/v2\/pages\/5\/revisions"}],"predecessor-version":[{"id":36,"href":"https:\/\/ultimato.com.br\/sites\/evangelho-sociedade-pluralista\/wp-json\/wp\/v2\/pages\/5\/revisions\/36"}],"wp:attachment":[{"href":"https:\/\/ultimato.com.br\/sites\/evangelho-sociedade-pluralista\/wp-json\/wp\/v2\/media?parent=5"}],"curies":[{"name":"wp","href":"https:\/\/api.w.org\/{rel}","templated":true}]}}