{"id":20,"date":"2016-01-25T16:53:18","date_gmt":"2016-01-25T16:53:18","guid":{"rendered":"http:\/\/ultimato.com.br\/sites\/evangelho-sociedade-pluralista\/?page_id=20"},"modified":"2016-01-26T12:49:22","modified_gmt":"2016-01-26T12:49:22","slug":"release","status":"publish","type":"page","link":"https:\/\/ultimato.com.br\/sites\/evangelho-sociedade-pluralista\/extras\/release\/","title":{"rendered":"Release"},"content":{"rendered":"<p><a href=\"http:\/\/ultimato.com.br\/sites\/evangelho-sociedade-pluralista\/files\/2016\/01\/2-Release_Evangelho_Sociedade_Pluralista_Fev_2016.pdf\"rel=\"\">Aqui<\/a> est\u00e1 o press-release do livro <strong>O Evangelho em uma Sociedade Pluralista <\/strong>para voc\u00ea divulgar no seu site, blog, jornal ou outro meio de comunica\u00e7\u00e3o do seu acesso.<\/p>\n","protected":false},"excerpt":{"rendered":"<p>Aqui est\u00e1 o press-release do livro O Evangelho em uma Sociedade Pluralista para voc\u00ea divulgar no seu site, blog, jornal ou outro meio de comunica\u00e7\u00e3o do seu acesso.<\/p>\n","protected":false},"author":24,"featured_media":0,"parent":8,"menu_order":2,"comment_status":"closed","ping_status":"closed","template":"","meta":{"footnotes":""},"class_list":["post-20","page","type-page","status-publish","hentry"],"_links":{"self":[{"href":"https:\/\/ultimato.com.br\/sites\/evangelho-sociedade-pluralista\/wp-json\/wp\/v2\/pages\/20","targetHints":{"allow":["GET"]}}],"collection":[{"href":"https:\/\/ultimato.com.br\/sites\/evangelho-sociedade-pluralista\/wp-json\/wp\/v2\/pages"}],"about":[{"href":"https:\/\/ultimato.com.br\/sites\/evangelho-sociedade-pluralista\/wp-json\/wp\/v2\/types\/page"}],"author":[{"embeddable":true,"href":"https:\/\/ultimato.com.br\/sites\/evangelho-sociedade-pluralista\/wp-json\/wp\/v2\/users\/24"}],"replies":[{"embeddable":true,"href":"https:\/\/ultimato.com.br\/sites\/evangelho-sociedade-pluralista\/wp-json\/wp\/v2\/comments?post=20"}],"version-history":[{"count":5,"href":"https:\/\/ultimato.com.br\/sites\/evangelho-sociedade-pluralista\/wp-json\/wp\/v2\/pages\/20\/revisions"}],"predecessor-version":[{"id":45,"href":"https:\/\/ultimato.com.br\/sites\/evangelho-sociedade-pluralista\/wp-json\/wp\/v2\/pages\/20\/revisions\/45"}],"up":[{"embeddable":true,"href":"https:\/\/ultimato.com.br\/sites\/evangelho-sociedade-pluralista\/wp-json\/wp\/v2\/pages\/8"}],"wp:attachment":[{"href":"https:\/\/ultimato.com.br\/sites\/evangelho-sociedade-pluralista\/wp-json\/wp\/v2\/media?parent=20"}],"curies":[{"name":"wp","href":"https:\/\/api.w.org\/{rel}","templated":true}]}}