{"id":5,"date":"2012-08-17T09:47:05","date_gmt":"2012-08-17T12:47:05","guid":{"rendered":"http:\/\/ultimato.com.br\/sites\/eu-creio-e-agora\/?page_id=5"},"modified":"2012-08-24T12:24:41","modified_gmt":"2012-08-24T15:24:41","slug":"o-livro","status":"publish","type":"page","link":"https:\/\/ultimato.com.br\/sites\/eu-creio-e-agora\/","title":{"rendered":"O Livro"},"content":{"rendered":"<div>\n<p><span style=\"color: #000000;\"><strong>A TRILOGIA EST\u00c1 COMPLETA<\/strong><\/span><\/p>\n<p><span style=\"color: #000000;\">Convidamos o leitor a se encantar com um dos mais conhecidos e respeitados estudiosos do Novo Testamento da atualidade, N. T. Wright. Ele \u00e9 comparado a C. S. Lewis. \u00c9 tamb\u00e9m um pouco de John Stott. E, talvez, exatamente por essas raz\u00f5es, Ultimato publica mais um delicioso e premiado livro do bispo anglicano de Durham, na Inglaterra.<\/span><\/p>\n<p><span style=\"color: #000000;\">Depois de apresentar a ess\u00eancia do cristianismo no cl\u00e1ssico <a href=\"http:\/\/www.ultimato.com.br\/loja\/produtos\/simplesmente-cristao\" target=\"_blank\">Simplesmente Crist\u00e3o<\/a> e arrebatar os leitores sobre o que esperam os crist\u00e3os depois da morte, em <a href=\"http:\/\/www.ultimato.com.br\/loja\/produtos\/surpreendido-pela-esperanca\" target=\"_blank\">Surpreendido pela Esperan\u00e7a<\/a>, N. T. Wright se volta para uma das quest\u00f5es que mais confundem os crist\u00e3os: como viver aqui e agora? A trilogia est\u00e1 completa.<\/span><\/p>\n<p><span style=\"color: #000000;\">Para o autor, a vida crist\u00e3 n\u00e3o \u00e9 uma lista de \u201cpode\u201d e \u201cn\u00e3o-pode\u201d nem, muito menos, uma recomenda\u00e7\u00e3o para que cada um siga \u201co que estiver sentindo no cora\u00e7\u00e3o\u201d. Antes, Eu Creio. E Agora? convoca o leitor para uma revolu\u00e7\u00e3o \u2014 entender o que significa seguir a Cristo no mundo contempor\u00e2neo. Boa leitura.<\/span><\/p>\n<\/div>\n<div><\/div>\n","protected":false},"excerpt":{"rendered":"<p>A TRILOGIA EST\u00c1 COMPLETA Convidamos o leitor a se encantar com um dos mais conhecidos e respeitados estudiosos do Novo Testamento da atualidade, N. T. Wright. Ele \u00e9 comparado a C. S. Lewis. \u00c9 tamb\u00e9m um pouco de John Stott. E, talvez, exatamente por essas raz\u00f5es, Ultimato publica mais um delicioso e premiado livro do [&hellip;]<\/p>\n","protected":false},"author":24,"featured_media":0,"parent":0,"menu_order":1,"comment_status":"open","ping_status":"open","template":"","meta":{"footnotes":""},"class_list":["post-5","page","type-page","status-publish","hentry"],"_links":{"self":[{"href":"https:\/\/ultimato.com.br\/sites\/eu-creio-e-agora\/wp-json\/wp\/v2\/pages\/5","targetHints":{"allow":["GET"]}}],"collection":[{"href":"https:\/\/ultimato.com.br\/sites\/eu-creio-e-agora\/wp-json\/wp\/v2\/pages"}],"about":[{"href":"https:\/\/ultimato.com.br\/sites\/eu-creio-e-agora\/wp-json\/wp\/v2\/types\/page"}],"author":[{"embeddable":true,"href":"https:\/\/ultimato.com.br\/sites\/eu-creio-e-agora\/wp-json\/wp\/v2\/users\/24"}],"replies":[{"embeddable":true,"href":"https:\/\/ultimato.com.br\/sites\/eu-creio-e-agora\/wp-json\/wp\/v2\/comments?post=5"}],"version-history":[{"count":4,"href":"https:\/\/ultimato.com.br\/sites\/eu-creio-e-agora\/wp-json\/wp\/v2\/pages\/5\/revisions"}],"predecessor-version":[{"id":9,"href":"https:\/\/ultimato.com.br\/sites\/eu-creio-e-agora\/wp-json\/wp\/v2\/pages\/5\/revisions\/9"}],"wp:attachment":[{"href":"https:\/\/ultimato.com.br\/sites\/eu-creio-e-agora\/wp-json\/wp\/v2\/media?parent=5"}],"curies":[{"name":"wp","href":"https:\/\/api.w.org\/{rel}","templated":true}]}}