{"id":10,"date":"2012-08-17T10:25:57","date_gmt":"2012-08-17T13:25:57","guid":{"rendered":"http:\/\/ultimato.com.br\/sites\/eu-creio-e-agora\/?page_id=10"},"modified":"2012-08-22T08:59:29","modified_gmt":"2012-08-22T11:59:29","slug":"o-autor","status":"publish","type":"page","link":"https:\/\/ultimato.com.br\/sites\/eu-creio-e-agora\/o-autor\/","title":{"rendered":"O Autor"},"content":{"rendered":"<p><span style=\"color: #000000;\"><a href=\"http:\/\/ultimato.com.br\/sites\/eu-creio-e-agora\/files\/2012\/08\/foto_hs_ecea.jpg\"><img loading=\"lazy\" decoding=\"async\" class=\"alignright  wp-image-32\" title=\"foto_hs_ecea\" src=\"http:\/\/ultimato.com.br\/sites\/eu-creio-e-agora\/files\/2012\/08\/foto_hs_ecea-276x300.jpg\" alt=\"\" width=\"212\" height=\"230\" srcset=\"https:\/\/ultimato.com.br\/sites\/eu-creio-e-agora\/files\/2012\/08\/foto_hs_ecea-276x300.jpg 276w, https:\/\/ultimato.com.br\/sites\/eu-creio-e-agora\/files\/2012\/08\/foto_hs_ecea.jpg 442w\" sizes=\"auto, (max-width: 212px) 100vw, 212px\" \/><\/a>Autor de\u00a0<\/span><a href=\"http:\/\/www.ultimato.com.br\/loja\/produtos\/surpreendido-pela-esperanca\" target=\"_blank\">Surpreendido pela Esperan\u00e7a<\/a>,\u00a0<a href=\"http:\/\/www.ultimato.com.br\/loja\/produtos\/simplesmente-cristao\" target=\"_blank\">Simplesmente Crist\u00e3o<\/a>\u00a0e\u00a0<a href=\"http:\/\/www.ultimato.com.br\/loja\/produtos\/o-mal-e-a-justica-de-deus-1\" target=\"_blank\">O Mal e a Justi\u00e7a de Deus<\/a>,\u00a0<span style=\"color: #000000;\">N.T. Wright \u00e9 um dos mais conhecidos e respeitados estudiosos do Novo Testamento da atualidade. Bispo anglicano de Durham, na Inglaterra, foi professor das universidades de Cambridge e Oxford por vinte anos e \u00e9 professor visitante de universidades como Harvard Divinity School, nos Estados Unidos, Universidade Hebraica de Jerusal\u00e9m e Universidade Gregoriana em Roma, entre outras. \u00c9 autor de mais de quarenta livros e articulista de jornais como\u00a0The Times,\u00a0The Independent\u00a0e\u00a0The Guardian.<\/span><\/p>\n","protected":false},"excerpt":{"rendered":"<p>Autor de\u00a0Surpreendido pela Esperan\u00e7a,\u00a0Simplesmente Crist\u00e3o\u00a0e\u00a0O Mal e a Justi\u00e7a de Deus,\u00a0N.T. Wright \u00e9 um dos mais conhecidos e respeitados estudiosos do Novo Testamento da atualidade. Bispo anglicano de Durham, na Inglaterra, foi professor das universidades de Cambridge e Oxford por vinte anos e \u00e9 professor visitante de universidades como Harvard Divinity School, nos Estados Unidos, [&hellip;]<\/p>\n","protected":false},"author":24,"featured_media":0,"parent":0,"menu_order":2,"comment_status":"open","ping_status":"open","template":"","meta":{"footnotes":""},"class_list":["post-10","page","type-page","status-publish","hentry"],"_links":{"self":[{"href":"https:\/\/ultimato.com.br\/sites\/eu-creio-e-agora\/wp-json\/wp\/v2\/pages\/10","targetHints":{"allow":["GET"]}}],"collection":[{"href":"https:\/\/ultimato.com.br\/sites\/eu-creio-e-agora\/wp-json\/wp\/v2\/pages"}],"about":[{"href":"https:\/\/ultimato.com.br\/sites\/eu-creio-e-agora\/wp-json\/wp\/v2\/types\/page"}],"author":[{"embeddable":true,"href":"https:\/\/ultimato.com.br\/sites\/eu-creio-e-agora\/wp-json\/wp\/v2\/users\/24"}],"replies":[{"embeddable":true,"href":"https:\/\/ultimato.com.br\/sites\/eu-creio-e-agora\/wp-json\/wp\/v2\/comments?post=10"}],"version-history":[{"count":3,"href":"https:\/\/ultimato.com.br\/sites\/eu-creio-e-agora\/wp-json\/wp\/v2\/pages\/10\/revisions"}],"predecessor-version":[{"id":12,"href":"https:\/\/ultimato.com.br\/sites\/eu-creio-e-agora\/wp-json\/wp\/v2\/pages\/10\/revisions\/12"}],"wp:attachment":[{"href":"https:\/\/ultimato.com.br\/sites\/eu-creio-e-agora\/wp-json\/wp\/v2\/media?parent=10"}],"curies":[{"name":"wp","href":"https:\/\/api.w.org\/{rel}","templated":true}]}}