{"id":2,"date":"2013-05-22T18:36:20","date_gmt":"2013-05-22T18:36:20","guid":{"rendered":"http:\/\/ultimato.com.br\/sites\/estudos-biblicos\/?page_id=2"},"modified":"2016-06-03T15:16:33","modified_gmt":"2016-06-03T18:16:33","slug":"sobre","status":"publish","type":"page","link":"https:\/\/ultimato.com.br\/sites\/estudos-biblicos\/sobre\/","title":{"rendered":"Sobre"},"content":{"rendered":"<p>Nem sempre sabemos por onde come\u00e7ar um estudo b\u00edblico.<\/p>\n<p>\u00c0s vezes, uma passagem b\u00edblica nos fala e queremos compartilhar com um grupo ou com a igreja, mas n\u00e3o temos tempo ou ferramentas para desenvolver um estudo. Outras vezes, temos um tema, um assunto, mas n\u00e3o temos base b\u00edblica ou argumentos para desenvolv\u00ea-lo.<\/p>\n<p>O blog Estudos B\u00edblicos do portal Ultimato foi criado para ajudar o leitor tanto no primeiro como no segundo caso. Relacionamos a B\u00edblia com a pr\u00f3pria B\u00edblia e a B\u00edblia com os acontecimentos. Trabalhamos para criar uma mentalidade b\u00edblica e tamb\u00e9m para desenvolver a arte de encarar os acontecimentos sob uma perspectiva crist\u00e3.<\/p>\n<p>Ent\u00e3o, a partir de agora, se voc\u00ea n\u00e3o sabe sobre o que vai falar no pr\u00f3ximo encontro do seu grupo de estudos, Ultimato pode ajud\u00e1-lo. Que Deus nos aben\u00e7oe.<\/p>\n","protected":false},"excerpt":{"rendered":"<p>Nem sempre sabemos por onde come\u00e7ar um estudo b\u00edblico. \u00c0s vezes, uma passagem b\u00edblica nos fala e queremos compartilhar com um grupo ou com a igreja, mas n\u00e3o temos tempo ou ferramentas para desenvolver um estudo. Outras vezes, temos um tema, um assunto, mas n\u00e3o temos base b\u00edblica ou argumentos para desenvolv\u00ea-lo. O blog Estudos [&hellip;]<\/p>\n","protected":false},"author":1,"featured_media":0,"parent":0,"menu_order":0,"comment_status":"closed","ping_status":"closed","template":"","meta":{"ngg_post_thumbnail":0,"footnotes":""},"class_list":["post-2","page","type-page","status-publish","hentry"],"_links":{"self":[{"href":"https:\/\/ultimato.com.br\/sites\/estudos-biblicos\/wp-json\/wp\/v2\/pages\/2","targetHints":{"allow":["GET"]}}],"collection":[{"href":"https:\/\/ultimato.com.br\/sites\/estudos-biblicos\/wp-json\/wp\/v2\/pages"}],"about":[{"href":"https:\/\/ultimato.com.br\/sites\/estudos-biblicos\/wp-json\/wp\/v2\/types\/page"}],"author":[{"embeddable":true,"href":"https:\/\/ultimato.com.br\/sites\/estudos-biblicos\/wp-json\/wp\/v2\/users\/1"}],"replies":[{"embeddable":true,"href":"https:\/\/ultimato.com.br\/sites\/estudos-biblicos\/wp-json\/wp\/v2\/comments?post=2"}],"version-history":[{"count":3,"href":"https:\/\/ultimato.com.br\/sites\/estudos-biblicos\/wp-json\/wp\/v2\/pages\/2\/revisions"}],"predecessor-version":[{"id":1336,"href":"https:\/\/ultimato.com.br\/sites\/estudos-biblicos\/wp-json\/wp\/v2\/pages\/2\/revisions\/1336"}],"wp:attachment":[{"href":"https:\/\/ultimato.com.br\/sites\/estudos-biblicos\/wp-json\/wp\/v2\/media?parent=2"}],"curies":[{"name":"wp","href":"https:\/\/api.w.org\/{rel}","templated":true}]}}