{"id":36,"date":"2010-08-13T12:19:50","date_gmt":"2010-08-13T15:19:50","guid":{"rendered":"http:\/\/ultimato.com.br\/sites\/espiritualidade\/"},"modified":"2010-08-17T12:19:46","modified_gmt":"2010-08-17T15:19:46","slug":"o-livro","status":"publish","type":"page","link":"https:\/\/ultimato.com.br\/sites\/espiritualidade\/","title":{"rendered":"O livro"},"content":{"rendered":"<p>Os evang\u00e9licos conhecem pouco sobre espiritualidade. A crescente \u201creligiosidade\u201d das igrejas brasileiras \u00e9 ainda carente de bases teol\u00f3gicas e de conte\u00fado b\u00edblico.<\/p>\n<p><strong>Para Que Serve a Espiritualidade?<\/strong> aponta para o que se pode chamar de \u201cuma espiritualidade de compromisso\u201d. Uma espiritualidade que se identifica e demonstra v\u00ednculos com o reino de Deus e a sua justi\u00e7a. Que n\u00e3o deixa espa\u00e7o para uma religiosidade superficial ou descontextualizada, nem para o ritualismo religioso.<\/p>\n<p>Para o autor, aquilo que somos e as nossas motiva\u00e7\u00f5es dizem mais sobre a nossa \u201cespiritualidade\u201d do que as experi\u00eancias de \u00eaxtase ou alguma pr\u00e1tica religiosa revestida de misticismo.<\/p>\n<h3>O que disseram&#8230;<\/h3>\n<p><img loading=\"lazy\" decoding=\"async\" class=\"alignright size-full wp-image-45\" title=\"Ren\u00e9 Padilla\" src=\"http:\/\/ultimato.com.br\/sites\/espiritualidade\/files\/2010\/08\/rene_padilla.jpg\" alt=\"\" width=\"100\" height=\"128\" \/>\u201cEspiritualidade \u00e9 colocar em pr\u00e1tica o discernimento da vontade de Deus para a vida comunit\u00e1ria em todas as suas dimens\u00f5es. A espiritualidade \u00e9 um dom e uma tarefa.\u201d<br \/>\n<em>C. Ren\u00e9 Padilla<\/em>, te\u00f3logo, autor de <a href=\"http:\/\/www.ultimato.com.br\/?pg=show_livros&amp;util=1&amp;registro=580\" target=\"_blank\">O Que \u00c9 Miss\u00e3o Integral?<\/a><\/p>\n<p><em> <\/em><\/p>\n","protected":false},"excerpt":{"rendered":"<p>Os evang\u00e9licos conhecem pouco sobre espiritualidade. A crescente \u201creligiosidade\u201d das igrejas brasileiras \u00e9 ainda carente de bases teol\u00f3gicas e de conte\u00fado b\u00edblico. Para Que Serve a Espiritualidade? aponta para o que se pode chamar de \u201cuma espiritualidade de compromisso\u201d. Uma espiritualidade que se identifica e demonstra v\u00ednculos com o reino de Deus e a sua [&hellip;]<\/p>\n","protected":false},"author":4,"featured_media":0,"parent":0,"menu_order":1,"comment_status":"open","ping_status":"open","template":"","meta":{"footnotes":""},"class_list":["post-36","page","type-page","status-publish","hentry"],"_links":{"self":[{"href":"https:\/\/ultimato.com.br\/sites\/espiritualidade\/wp-json\/wp\/v2\/pages\/36","targetHints":{"allow":["GET"]}}],"collection":[{"href":"https:\/\/ultimato.com.br\/sites\/espiritualidade\/wp-json\/wp\/v2\/pages"}],"about":[{"href":"https:\/\/ultimato.com.br\/sites\/espiritualidade\/wp-json\/wp\/v2\/types\/page"}],"author":[{"embeddable":true,"href":"https:\/\/ultimato.com.br\/sites\/espiritualidade\/wp-json\/wp\/v2\/users\/4"}],"replies":[{"embeddable":true,"href":"https:\/\/ultimato.com.br\/sites\/espiritualidade\/wp-json\/wp\/v2\/comments?post=36"}],"version-history":[{"count":4,"href":"https:\/\/ultimato.com.br\/sites\/espiritualidade\/wp-json\/wp\/v2\/pages\/36\/revisions"}],"predecessor-version":[{"id":44,"href":"https:\/\/ultimato.com.br\/sites\/espiritualidade\/wp-json\/wp\/v2\/pages\/36\/revisions\/44"}],"wp:attachment":[{"href":"https:\/\/ultimato.com.br\/sites\/espiritualidade\/wp-json\/wp\/v2\/media?parent=36"}],"curies":[{"name":"wp","href":"https:\/\/api.w.org\/{rel}","templated":true}]}}