{"id":57,"date":"2013-04-23T17:00:18","date_gmt":"2013-04-23T20:00:18","guid":{"rendered":"http:\/\/ultimato.com.br\/sites\/espiritualidade-evangelho-igreja\/?page_id=57"},"modified":"2013-04-23T17:03:55","modified_gmt":"2013-04-23T20:03:55","slug":"release","status":"publish","type":"page","link":"https:\/\/ultimato.com.br\/sites\/espiritualidade-evangelho-igreja\/extras\/release\/","title":{"rendered":"Release"},"content":{"rendered":"<p>Aqui est\u00e1 o\u00a0<em>press-release<\/em>\u00a0do livro\u00a0<strong>A Espiritualidade, o Evangelho e a Igreja<\/strong>\u00a0para voc\u00ea divulgar no seu site, blog, jornal ou outro meio de comunica\u00e7\u00e3o do seu acesso. Ajude-nos a espalhar este conte\u00fado que se faz t\u00e3o necess\u00e1rio para nossa caminhada di\u00e1ria.<\/p>\n<p>&#8211; Arquivo em\u00a0<a href=\"http:\/\/editoraultimato.com.br\/downloads\/a-espiritualidade-o-evangelho-e-a-igreja\/Release_Espirit_Evang_Igreja_Abr_2013.pdf\" target=\"_blank\">PDF<\/a>.<\/p>\n","protected":false},"excerpt":{"rendered":"<p>Aqui est\u00e1 o\u00a0press-release\u00a0do livro\u00a0A Espiritualidade, o Evangelho e a Igreja\u00a0para voc\u00ea divulgar no seu site, blog, jornal ou outro meio de comunica\u00e7\u00e3o do seu acesso. Ajude-nos a espalhar este conte\u00fado que se faz t\u00e3o necess\u00e1rio para nossa caminhada di\u00e1ria. &#8211; Arquivo em\u00a0PDF.<\/p>\n","protected":false},"author":8,"featured_media":0,"parent":15,"menu_order":6,"comment_status":"open","ping_status":"open","template":"","meta":{"footnotes":""},"class_list":["post-57","page","type-page","status-publish","hentry"],"_links":{"self":[{"href":"https:\/\/ultimato.com.br\/sites\/espiritualidade-evangelho-igreja\/wp-json\/wp\/v2\/pages\/57","targetHints":{"allow":["GET"]}}],"collection":[{"href":"https:\/\/ultimato.com.br\/sites\/espiritualidade-evangelho-igreja\/wp-json\/wp\/v2\/pages"}],"about":[{"href":"https:\/\/ultimato.com.br\/sites\/espiritualidade-evangelho-igreja\/wp-json\/wp\/v2\/types\/page"}],"author":[{"embeddable":true,"href":"https:\/\/ultimato.com.br\/sites\/espiritualidade-evangelho-igreja\/wp-json\/wp\/v2\/users\/8"}],"replies":[{"embeddable":true,"href":"https:\/\/ultimato.com.br\/sites\/espiritualidade-evangelho-igreja\/wp-json\/wp\/v2\/comments?post=57"}],"version-history":[{"count":4,"href":"https:\/\/ultimato.com.br\/sites\/espiritualidade-evangelho-igreja\/wp-json\/wp\/v2\/pages\/57\/revisions"}],"predecessor-version":[{"id":61,"href":"https:\/\/ultimato.com.br\/sites\/espiritualidade-evangelho-igreja\/wp-json\/wp\/v2\/pages\/57\/revisions\/61"}],"up":[{"embeddable":true,"href":"https:\/\/ultimato.com.br\/sites\/espiritualidade-evangelho-igreja\/wp-json\/wp\/v2\/pages\/15"}],"wp:attachment":[{"href":"https:\/\/ultimato.com.br\/sites\/espiritualidade-evangelho-igreja\/wp-json\/wp\/v2\/media?parent=57"}],"curies":[{"name":"wp","href":"https:\/\/api.w.org\/{rel}","templated":true}]}}