{"id":4,"date":"2013-04-17T22:01:40","date_gmt":"2013-04-17T22:01:40","guid":{"rendered":"http:\/\/ultimato.com.br\/sites\/espiritualidade-evangelho-igreja\/?page_id=4"},"modified":"2013-04-23T10:52:36","modified_gmt":"2013-04-23T13:52:36","slug":"o-livro","status":"publish","type":"page","link":"https:\/\/ultimato.com.br\/sites\/espiritualidade-evangelho-igreja\/","title":{"rendered":"O livro"},"content":{"rendered":"<p><iframe loading=\"lazy\" width=\"600\" height=\"338\" src=\"http:\/\/www.youtube.com\/embed\/KIoRANC9KV4\" frameborder=\"0\" allowfullscreen><\/iframe><br \/>\nO lan\u00e7amento <b>A Espiritualidade, o Evangelho e a Igreja<\/b>, do pastor Ricardo Barbosa, deixa claro, logo nas primeiras p\u00e1ginas, que a f\u00e9 crist\u00e3 [e a espiritualidade] nasce da revela\u00e7\u00e3o de Deus a n\u00f3s. N\u00e3o se trata de uma autodescoberta.<\/p>\n<p>O modelo de espiritualidade intimista que invade as livrarias e at\u00e9 mesmo a igreja \u00e9 uma vers\u00e3o religiosa do individualismo narcisista da sociedade. Uma esp\u00e9cie de escapismo subjetivo que nos afasta da realidade e das verdades b\u00edblicas.<\/p>\n<p>Para o autor, a espiritualidade crist\u00e3 e b\u00edblica reconhece a centralidade da cruz e encontra nos Evangelhos \u2013 na pessoa de Cristo \u2013 e na presen\u00e7a do reino de Deus, sua forma e seu conte\u00fado.<\/p>\n<p><b>A Espiritualidade, o Evangelho e a Igreja<\/b> \u00e9 uma preciosa colet\u00e2nea de textos, organizados em tr\u00eas blocos tem\u00e1ticos \u2013 \u201cEspiritualidade\u201d, \u201cEvangelho\u201d e \u201cIgreja\u201d \u2013, que guiam o leitor pelos tortuosos caminhos da religiosidade dos nossos dias.<\/p>\n","protected":false},"excerpt":{"rendered":"<p>O lan\u00e7amento A Espiritualidade, o Evangelho e a Igreja, do pastor Ricardo Barbosa, deixa claro, logo nas primeiras p\u00e1ginas, que a f\u00e9 crist\u00e3 [e a espiritualidade] nasce da revela\u00e7\u00e3o de Deus a n\u00f3s. N\u00e3o se trata de uma autodescoberta. O modelo de espiritualidade intimista que invade as livrarias e at\u00e9 mesmo a igreja \u00e9 uma [&hellip;]<\/p>\n","protected":false},"author":24,"featured_media":0,"parent":0,"menu_order":1,"comment_status":"open","ping_status":"open","template":"","meta":{"footnotes":""},"class_list":["post-4","page","type-page","status-publish","hentry"],"_links":{"self":[{"href":"https:\/\/ultimato.com.br\/sites\/espiritualidade-evangelho-igreja\/wp-json\/wp\/v2\/pages\/4","targetHints":{"allow":["GET"]}}],"collection":[{"href":"https:\/\/ultimato.com.br\/sites\/espiritualidade-evangelho-igreja\/wp-json\/wp\/v2\/pages"}],"about":[{"href":"https:\/\/ultimato.com.br\/sites\/espiritualidade-evangelho-igreja\/wp-json\/wp\/v2\/types\/page"}],"author":[{"embeddable":true,"href":"https:\/\/ultimato.com.br\/sites\/espiritualidade-evangelho-igreja\/wp-json\/wp\/v2\/users\/24"}],"replies":[{"embeddable":true,"href":"https:\/\/ultimato.com.br\/sites\/espiritualidade-evangelho-igreja\/wp-json\/wp\/v2\/comments?post=4"}],"version-history":[{"count":2,"href":"https:\/\/ultimato.com.br\/sites\/espiritualidade-evangelho-igreja\/wp-json\/wp\/v2\/pages\/4\/revisions"}],"predecessor-version":[{"id":55,"href":"https:\/\/ultimato.com.br\/sites\/espiritualidade-evangelho-igreja\/wp-json\/wp\/v2\/pages\/4\/revisions\/55"}],"wp:attachment":[{"href":"https:\/\/ultimato.com.br\/sites\/espiritualidade-evangelho-igreja\/wp-json\/wp\/v2\/media?parent=4"}],"curies":[{"name":"wp","href":"https:\/\/api.w.org\/{rel}","templated":true}]}}