{"id":25,"date":"2013-04-17T19:37:07","date_gmt":"2013-04-17T22:37:07","guid":{"rendered":"http:\/\/ultimato.com.br\/sites\/espiritualidade-evangelho-igreja\/?page_id=25"},"modified":"2013-04-29T11:29:53","modified_gmt":"2013-04-29T14:29:53","slug":"divulgue","status":"publish","type":"page","link":"https:\/\/ultimato.com.br\/sites\/espiritualidade-evangelho-igreja\/extras\/divulgue\/","title":{"rendered":"Divulgue"},"content":{"rendered":"<p><strong>Banner 120&#215;240<\/strong><\/p>\n<table width=\"100%\" border=\"0\" cellspacing=\"0\" cellpadding=\"0\">\n<tbody>\n<tr>\n<td><a href=\"http:\/\/ultimato.com.br\/sites\/espiritualidade-evangelho-igreja\/files\/2013\/04\/bannerD_eei.gif\"><img loading=\"lazy\" decoding=\"async\" class=\"size-full wp-image-28 aligncenter\" alt=\"bannerD_eei\" src=\"http:\/\/ultimato.com.br\/sites\/espiritualidade-evangelho-igreja\/files\/2013\/04\/bannerD_eei.gif\" width=\"120\" height=\"240\" \/><\/a><\/td>\n<\/tr>\n<tr>\n<td><a href=\"http:\/\/ultimato.com.br\/sites\/teologia-pura-simples\/files\/2012\/10\/bannerD_tps.gif\" target=\"_blank\">[120&#215;240]<\/a><\/td>\n<\/tr>\n<\/tbody>\n<\/table>\n<p><em>C\u00f3digo de incorpora\u00e7\u00e3o:<\/em><br \/>\n<a title=\"A Espiritualidade, o Evangelho e a Igreja\" href=\"http:\/\/ultimato.com.br\/sites\/espiritualidade-evangelho-igreja\/\" target=\"_blank\"><img loading=\"lazy\" decoding=\"async\" style=\"border: 0px initial initial;\" title=\"Banner 120\u00d7240\" alt=\"\" src=\"http:\/\/ultimato.com.br\/sites\/espiritualidade-evangelho-igreja\/files\/2013\/04\/bannerD_eei.gif\" width=\"120\" height=\"240\" \/><\/a><\/p>\n","protected":false},"excerpt":{"rendered":"<p>Banner 120&#215;240 [120&#215;240] C\u00f3digo de incorpora\u00e7\u00e3o:<\/p>\n","protected":false},"author":24,"featured_media":0,"parent":15,"menu_order":3,"comment_status":"open","ping_status":"open","template":"","meta":{"footnotes":""},"class_list":["post-25","page","type-page","status-publish","hentry"],"_links":{"self":[{"href":"https:\/\/ultimato.com.br\/sites\/espiritualidade-evangelho-igreja\/wp-json\/wp\/v2\/pages\/25","targetHints":{"allow":["GET"]}}],"collection":[{"href":"https:\/\/ultimato.com.br\/sites\/espiritualidade-evangelho-igreja\/wp-json\/wp\/v2\/pages"}],"about":[{"href":"https:\/\/ultimato.com.br\/sites\/espiritualidade-evangelho-igreja\/wp-json\/wp\/v2\/types\/page"}],"author":[{"embeddable":true,"href":"https:\/\/ultimato.com.br\/sites\/espiritualidade-evangelho-igreja\/wp-json\/wp\/v2\/users\/24"}],"replies":[{"embeddable":true,"href":"https:\/\/ultimato.com.br\/sites\/espiritualidade-evangelho-igreja\/wp-json\/wp\/v2\/comments?post=25"}],"version-history":[{"count":6,"href":"https:\/\/ultimato.com.br\/sites\/espiritualidade-evangelho-igreja\/wp-json\/wp\/v2\/pages\/25\/revisions"}],"predecessor-version":[{"id":64,"href":"https:\/\/ultimato.com.br\/sites\/espiritualidade-evangelho-igreja\/wp-json\/wp\/v2\/pages\/25\/revisions\/64"}],"up":[{"embeddable":true,"href":"https:\/\/ultimato.com.br\/sites\/espiritualidade-evangelho-igreja\/wp-json\/wp\/v2\/pages\/15"}],"wp:attachment":[{"href":"https:\/\/ultimato.com.br\/sites\/espiritualidade-evangelho-igreja\/wp-json\/wp\/v2\/media?parent=25"}],"curies":[{"name":"wp","href":"https:\/\/api.w.org\/{rel}","templated":true}]}}