{"id":12,"date":"2013-04-17T19:25:21","date_gmt":"2013-04-17T22:25:21","guid":{"rendered":"http:\/\/ultimato.com.br\/sites\/espiritualidade-evangelho-igreja\/?page_id=12"},"modified":"2013-04-17T21:38:13","modified_gmt":"2013-04-18T00:38:13","slug":"o-autor","status":"publish","type":"page","link":"https:\/\/ultimato.com.br\/sites\/espiritualidade-evangelho-igreja\/o-autor\/","title":{"rendered":"O autor"},"content":{"rendered":"<p><b><a href=\"http:\/\/ultimato.com.br\/sites\/espiritualidade-evangelho-igreja\/files\/2013\/04\/foto_hs_eei.jpg\"><img loading=\"lazy\" decoding=\"async\" class=\" wp-image-41 alignright\" alt=\"foto_hs_eei\" src=\"http:\/\/ultimato.com.br\/sites\/espiritualidade-evangelho-igreja\/files\/2013\/04\/foto_hs_eei.jpg\" width=\"180\" height=\"190\" \/><\/a>Ricardo Barbosa de Sousa<\/b> \u00e9 pastor da Igreja Presbiteriana do Planalto e coordenador do Centro Crist\u00e3o de Estudos, em Bras\u00edlia, DF. \u00c9 autor de, entre outros, <i>O Caminho do Cora\u00e7\u00e3o<\/i> e <i>Identidade Perdida<\/i>, ambos publicados pela Encontro Publica\u00e7\u00f5es.<\/p>\n","protected":false},"excerpt":{"rendered":"<p>Ricardo Barbosa de Sousa \u00e9 pastor da Igreja Presbiteriana do Planalto e coordenador do Centro Crist\u00e3o de Estudos, em Bras\u00edlia, DF. \u00c9 autor de, entre outros, O Caminho do Cora\u00e7\u00e3o e Identidade Perdida, ambos publicados pela Encontro Publica\u00e7\u00f5es.<\/p>\n","protected":false},"author":24,"featured_media":0,"parent":0,"menu_order":2,"comment_status":"open","ping_status":"open","template":"","meta":{"footnotes":""},"class_list":["post-12","page","type-page","status-publish","hentry"],"_links":{"self":[{"href":"https:\/\/ultimato.com.br\/sites\/espiritualidade-evangelho-igreja\/wp-json\/wp\/v2\/pages\/12","targetHints":{"allow":["GET"]}}],"collection":[{"href":"https:\/\/ultimato.com.br\/sites\/espiritualidade-evangelho-igreja\/wp-json\/wp\/v2\/pages"}],"about":[{"href":"https:\/\/ultimato.com.br\/sites\/espiritualidade-evangelho-igreja\/wp-json\/wp\/v2\/types\/page"}],"author":[{"embeddable":true,"href":"https:\/\/ultimato.com.br\/sites\/espiritualidade-evangelho-igreja\/wp-json\/wp\/v2\/users\/24"}],"replies":[{"embeddable":true,"href":"https:\/\/ultimato.com.br\/sites\/espiritualidade-evangelho-igreja\/wp-json\/wp\/v2\/comments?post=12"}],"version-history":[{"count":2,"href":"https:\/\/ultimato.com.br\/sites\/espiritualidade-evangelho-igreja\/wp-json\/wp\/v2\/pages\/12\/revisions"}],"predecessor-version":[{"id":13,"href":"https:\/\/ultimato.com.br\/sites\/espiritualidade-evangelho-igreja\/wp-json\/wp\/v2\/pages\/12\/revisions\/13"}],"wp:attachment":[{"href":"https:\/\/ultimato.com.br\/sites\/espiritualidade-evangelho-igreja\/wp-json\/wp\/v2\/media?parent=12"}],"curies":[{"name":"wp","href":"https:\/\/api.w.org\/{rel}","templated":true}]}}