{"id":6,"date":"2014-05-26T23:31:29","date_gmt":"2014-05-26T23:31:29","guid":{"rendered":"http:\/\/ultimato.com.br\/sites\/engolidos-cultura-pop\/?page_id=6"},"modified":"2014-06-04T14:14:26","modified_gmt":"2014-06-04T14:14:26","slug":"o-livro","status":"publish","type":"page","link":"https:\/\/ultimato.com.br\/sites\/engolidos-cultura-pop\/","title":{"rendered":"O livro"},"content":{"rendered":"<p><b style=\"line-height: 1.5em;\">Engolidos pela Cultura Pop<\/b><span style=\"line-height: 1.5em;\"> fala da influ\u00eancia da propaganda, das novas tecnologias, das celebridades, da literatura, enfim, da cultura da nossa \u00e9poca.<\/span><\/p>\n<p>E, mais. Steve Turner ajuda o leitor a fazer diferen\u00e7a entre o modo como a B\u00edblia enxerga os produtos, os s\u00edmbolos da cultura, e a forma como eles nos s\u00e3o apresentados.<\/p>\n<p>O que vestimos, o que lemos, o que vemos e como nos movemos pelas ruas, pelas redes sociais e tamb\u00e9m nas igrejas tem tudo a ver com discernimento espiritual \u2013 ou a aus\u00eancia dele.<\/p>\n<p>Para o autor de <b>Engolidos pela Cultura Pop<\/b>, a pergunta n\u00e3o \u00e9 \u201co que devemos evitar?\u201d, mas \u201co que e como devemos consumir?\u201d. Como apreciar, criar e criticar as tend\u00eancias e os modismos?<\/p>\n<p>Uma leitura profunda e divertida. Essencial para os crist\u00e3os que querem fazer diferen\u00e7a nos diferentes campos da cultura.<\/p>\n<p><iframe loading=\"lazy\" width=\"560\" height=\"315\" src=\"\/\/www.youtube.com\/embed\/jkJbIefnQkI\" frameborder=\"0\" allowfullscreen><\/iframe><\/p>\n","protected":false},"excerpt":{"rendered":"<p>Engolidos pela Cultura Pop fala da influ\u00eancia da propaganda, das novas tecnologias, das celebridades, da literatura, enfim, da cultura da nossa \u00e9poca. E, mais. Steve Turner ajuda o leitor a fazer diferen\u00e7a entre o modo como a B\u00edblia enxerga os produtos, os s\u00edmbolos da cultura, e a forma como eles nos s\u00e3o apresentados. O que [&hellip;]<\/p>\n","protected":false},"author":24,"featured_media":0,"parent":0,"menu_order":0,"comment_status":"closed","ping_status":"open","template":"","meta":{"footnotes":""},"class_list":["post-6","page","type-page","status-publish","hentry"],"_links":{"self":[{"href":"https:\/\/ultimato.com.br\/sites\/engolidos-cultura-pop\/wp-json\/wp\/v2\/pages\/6","targetHints":{"allow":["GET"]}}],"collection":[{"href":"https:\/\/ultimato.com.br\/sites\/engolidos-cultura-pop\/wp-json\/wp\/v2\/pages"}],"about":[{"href":"https:\/\/ultimato.com.br\/sites\/engolidos-cultura-pop\/wp-json\/wp\/v2\/types\/page"}],"author":[{"embeddable":true,"href":"https:\/\/ultimato.com.br\/sites\/engolidos-cultura-pop\/wp-json\/wp\/v2\/users\/24"}],"replies":[{"embeddable":true,"href":"https:\/\/ultimato.com.br\/sites\/engolidos-cultura-pop\/wp-json\/wp\/v2\/comments?post=6"}],"version-history":[{"count":4,"href":"https:\/\/ultimato.com.br\/sites\/engolidos-cultura-pop\/wp-json\/wp\/v2\/pages\/6\/revisions"}],"predecessor-version":[{"id":50,"href":"https:\/\/ultimato.com.br\/sites\/engolidos-cultura-pop\/wp-json\/wp\/v2\/pages\/6\/revisions\/50"}],"wp:attachment":[{"href":"https:\/\/ultimato.com.br\/sites\/engolidos-cultura-pop\/wp-json\/wp\/v2\/media?parent=6"}],"curies":[{"name":"wp","href":"https:\/\/api.w.org\/{rel}","templated":true}]}}