{"id":10,"date":"2014-05-26T23:32:31","date_gmt":"2014-05-26T23:32:31","guid":{"rendered":"http:\/\/ultimato.com.br\/sites\/engolidos-cultura-pop\/?page_id=10"},"modified":"2014-05-26T23:32:31","modified_gmt":"2014-05-26T23:32:31","slug":"o-que-disseram","status":"publish","type":"page","link":"https:\/\/ultimato.com.br\/sites\/engolidos-cultura-pop\/o-que-disseram\/","title":{"rendered":"O que disseram"},"content":{"rendered":"<blockquote><p>Steve Turner oferece n\u00e3o apenas as ferramentas para engajamento e avalia\u00e7\u00e3o cr\u00edtica da cultura, mas tamb\u00e9m uma abordagem cuidadosa do que significa criar cultura \u2013 consciente ou inconscientemente \u2013, como crist\u00e3os no mundo.<\/p><\/blockquote>\n<p><i>\u2013 Publishers Weekly<\/i><\/p>\n<blockquote><p>As igrejas locais pouco ajudam os seus membros quando o assunto \u00e9 avaliar os produtos da cultura popular a partir de um ponto de vista crist\u00e3o. <b>Engolidos pela Cultura Pop<\/b> \u00e9 a resposta para aqueles que precisam de ajuda nessa \u00e1rea.<\/p><\/blockquote>\n<p><i>\u2013 Christian Librarian<\/i><\/p>\n<blockquote><p>Estamos cercados pela cultura popular. Cinema, televis\u00e3o, m\u00fasica e novas tecnologias influenciam toda a sociedade. O envolvimento com a cultura pop faz parte de nossa voca\u00e7\u00e3o crist\u00e3. <b>Engolidos pela Cultura Pop<\/b> apresenta um texto convincente e cheio de sabedoria pr\u00e1tica que vai ajudar o leitor a entender e avaliar a cultura popular, estimulando o discernimento espiritual e o equil\u00edbrio teol\u00f3gico.<\/p><\/blockquote>\n<p><i>\u2013 Robert Velarde<\/i><\/p>\n","protected":false},"excerpt":{"rendered":"<p>Steve Turner oferece n\u00e3o apenas as ferramentas para engajamento e avalia\u00e7\u00e3o cr\u00edtica da cultura, mas tamb\u00e9m uma abordagem cuidadosa do que significa criar cultura \u2013 consciente ou inconscientemente \u2013, como crist\u00e3os no mundo. \u2013 Publishers Weekly As igrejas locais pouco ajudam os seus membros quando o assunto \u00e9 avaliar os produtos da cultura popular a [&hellip;]<\/p>\n","protected":false},"author":24,"featured_media":0,"parent":0,"menu_order":1,"comment_status":"closed","ping_status":"open","template":"","meta":{"footnotes":""},"class_list":["post-10","page","type-page","status-publish","hentry"],"_links":{"self":[{"href":"https:\/\/ultimato.com.br\/sites\/engolidos-cultura-pop\/wp-json\/wp\/v2\/pages\/10","targetHints":{"allow":["GET"]}}],"collection":[{"href":"https:\/\/ultimato.com.br\/sites\/engolidos-cultura-pop\/wp-json\/wp\/v2\/pages"}],"about":[{"href":"https:\/\/ultimato.com.br\/sites\/engolidos-cultura-pop\/wp-json\/wp\/v2\/types\/page"}],"author":[{"embeddable":true,"href":"https:\/\/ultimato.com.br\/sites\/engolidos-cultura-pop\/wp-json\/wp\/v2\/users\/24"}],"replies":[{"embeddable":true,"href":"https:\/\/ultimato.com.br\/sites\/engolidos-cultura-pop\/wp-json\/wp\/v2\/comments?post=10"}],"version-history":[{"count":1,"href":"https:\/\/ultimato.com.br\/sites\/engolidos-cultura-pop\/wp-json\/wp\/v2\/pages\/10\/revisions"}],"predecessor-version":[{"id":11,"href":"https:\/\/ultimato.com.br\/sites\/engolidos-cultura-pop\/wp-json\/wp\/v2\/pages\/10\/revisions\/11"}],"wp:attachment":[{"href":"https:\/\/ultimato.com.br\/sites\/engolidos-cultura-pop\/wp-json\/wp\/v2\/media?parent=10"}],"curies":[{"name":"wp","href":"https:\/\/api.w.org\/{rel}","templated":true}]}}