{"id":9,"date":"2016-10-06T08:56:33","date_gmt":"2016-10-06T11:56:33","guid":{"rendered":"http:\/\/ultimato.com.br\/sites\/elbencesar\/?page_id=9"},"modified":"2016-12-21T12:49:49","modified_gmt":"2016-12-21T14:49:49","slug":"linha-do-tempo","status":"publish","type":"page","link":"https:\/\/ultimato.com.br\/sites\/elbencesar\/linha-do-tempo\/","title":{"rendered":"Linha do Tempo"},"content":{"rendered":"<p><strong>Abril de 1930 \u2013<\/strong>\u00a0Nasce em Campos dos Goytacazes, RJ.<\/p>\n<p><strong>Fevereiro de 1951 a Dezembro de 1954\u00a0\u2013 <\/strong>Estuda no Instituto B\u00edblico de Pedra de Guaratiba, RJ.<\/p>\n<p><strong>Outubro de 1954<\/strong>\u00a0(Rio de Janeiro) \u2013 Abre o cora\u00e7\u00e3o com a futura esposa, dizendo-lhe que sente grande necessidade de repartir com os outros as belezas que encontra na Palavra de Deus.<\/p>\n<p><strong>Fevereiro de 1956 \u2013\u00a0<\/strong>\u00c9 ordenado pastor pelo Presbit\u00e9rio de Juiz de Fora, MG, e casa-se com Djanira Momesso em Mogi das Cruzes, SP.<\/p>\n<p><strong>Agosto de 1963<\/strong>\u00a0(Vi\u00e7osa, MG) \u2013 Depois de v\u00e1rias tentativas, consegue um hor\u00e1rio na R\u00e1dio Montanhesa de Vi\u00e7osa, com a condi\u00e7\u00e3o de apresentar um programa noticioso. Come\u00e7a a preparar o Informativo Evang\u00e9lico, com not\u00edcias internacionais, nacionais, regionais, hist\u00f3ricas e\u2026 not\u00edcias da B\u00edblia. \u00c9 obrigado a assinar jornais e revistas de v\u00e1rias denomina\u00e7\u00f5es evang\u00e9licas para ficar bem informado. Aprende a selecionar e condensar not\u00edcias. Escreve tudo \u00e0 m\u00e3o. Neusa bate \u00e0 m\u00e1quina. Walace e Daison leem as not\u00edcias imitando o rep\u00f3rter Esso.<\/p>\n<p><strong>Maio de 1966<\/strong>\u00a0(S\u00e3o Paulo) \u2013 O presb\u00edtero Paulo C\u00e9sar pede-lhe para escrever a hist\u00f3ria de alguns de nossos jornais evang\u00e9licos para publica\u00e7\u00e3o no Brasil Presbiteriano. Faz um longo trabalho de pesquisa e descobre que quase todos os jornais do passado vieram a lume para evangelizar o Brasil. A Imprensa Evang\u00e9lica (1864), o primeiro jornal evang\u00e9lico brasileiro, diz que \u201co an\u00fancio do evangelho n\u00e3o pode depender s\u00f3 do p\u00falpito\u201d. O P\u00falpito Evang\u00e9lico (1874) foi lan\u00e7ado com o prop\u00f3sito de levar \u201cas mesmas doutrinas que chamam ao arrependimento\u201d a milhares de leitores, j\u00e1 que \u201co n\u00famero de pregadores \u00e9 ainda pequeno\u201d. O Salva\u00e7\u00e3o de Gra\u00e7a (1875) surgiu com o objetivo de \u201cchamar os homens das trevas \u00e0 luz de Deus, guiar os pecadores ao Salvador e edificar na verdade\u201d. A Sociedade de Tratados Evang\u00e9licos (1883) veio \u00e0 luz para produzir folhetos de evangeliza\u00e7\u00e3o \u201cda lavra de brasileiros, em l\u00edngua escorreita, refletindo o nosso temperamento e feitio\u201d. O Evangelista (1885) tinha a ideia fixa de evangelizar. O Puritano (1898) foi lan\u00e7ado pela Associa\u00e7\u00e3o de Propaganda da Igreja Presbiteriana do Rio de Janeiro para fazer propaganda do evangelho, numa \u00e9poca em que apenas 0,3% dos 700 mil\u00a0habitantes da velha capital frequentavam os templos evang\u00e9licos. A revista F\u00e9 e Vida (1930), depois Unitas, apareceu para evangelizar a elite brasileira. Nenhum desses jornais e revistas existe mais. Os peri\u00f3dicos existentes, muitos e de boa qualidade, em geral s\u00f3 visam os leitores crentes e servem suas pr\u00f3prias denomina\u00e7\u00f5es. Fica muito surpreso com essa constata\u00e7\u00e3o, sobretudo porque na \u00e9poca h\u00e1 muito mais recursos humanos e materiais.<\/p>\n<p><strong>Junho de 1966<\/strong>\u00a0(S\u00e3o Paulo) \u2013 Vem-lhe \u00e0 cabe\u00e7a a t\u00edmida ideia de suprir a lacuna existente e fundar um jornal que chame a aten\u00e7\u00e3o de n\u00e3o-crentes. Escreve a pessoas competentes de quatro diferentes denomina\u00e7\u00f5es \u2013 Henriqueta Rosa Fernandes Braga, Flam\u00ednio F\u00e1vero, M\u00e1rio Barreto Fran\u00e7a e Augusto Gotardelo \u2013 e ao pai, Benjamim C\u00e9sar, expondo a ideia e pedindo opini\u00e3o. Para sua surpresa, todos respondem \u00e0 carta e p\u00f5em mais lenha na fogueira. Come\u00e7a a orar sobre o assunto com a antiga namorada, ent\u00e3o esposa.<br \/>\n<strong><br \/>\nNovembro de 1967<\/strong>\u00a0(Barbacena, MG) \u2013 Escreve ao conselho da Igreja Presbiteriana de Vi\u00e7osa, da qual foi um dos fundadores e o primeiro pastor, perguntando se eles podem dar o empurr\u00e3o inicial, pagando as despesas gr\u00e1ficas do primeiro n\u00famero do jornal que pretende lan\u00e7ar no in\u00edcio de 1968, ainda sem nome. A resposta \u00e9 positiva.<br \/>\n<strong><br \/>\nDezembro de 1967<\/strong>\u00a0(Barbacena) \u2013 Euf\u00f3rico por ter conseguido, com a b\u00ean\u00e7\u00e3o de Deus, o primeiro programa radiof\u00f4nico evang\u00e9lico na hist\u00f3ria de Barbacena, dirige-se \u00e0 R\u00e1dio Correio da Serra para dar in\u00edcio a esse programa. O deputado Andradinha chama-o \u00e0 parte e diz que teria de voltar atr\u00e1s na concess\u00e3o do hor\u00e1rio porque havia recebido um ultimato do padre Hil\u00e1rio: se os protestantes entrassem, ele deixaria de apresentar o programa cat\u00f3lico. Impressionado com a for\u00e7a de um ultimato e lembrando-se das palavras gravadas na parede externa do templo da Igreja Presbiteriana de Barbacena\u2013 \u201cBuscai o Senhor enquanto se pode achar, invocai-o enquanto est\u00e1 perto\u201d (Is 55.6) \u2013 entende que o nome do jornal pode ser Ultimato. Perde o programa de r\u00e1dio, mas ganha o nome do jornal.<\/p>\n<p><strong>Janeiro de 1968<\/strong>\u00a0(Barbacena) \u2013 Impresso na Gr\u00e1fica Cidade de Barbacena, sai o primeiro n\u00famero de Ultimato, um tabloide de oito p\u00e1ginas em papel jornal. S\u00e3o 10\u00a0mil\u00a0exemplares. A esposa, as filhas e a sogra dobram um por um. Solenemente colocam nas m\u00e3os de Deus a trajet\u00f3ria que o jornal deve descrever, para gl\u00f3ria e louvor de seu Filho Jesus Cristo.<\/p>\n<p><strong>Janeiro de 1971<\/strong>\u00a0\u2013 Depois de mudar de cidade tr\u00eas vezes nos tr\u00eas primeiros anos \u2013 Barbacena (1967), Porto Alegre, RS (1969), e Campinas, SP (1970), Ultimato fixa-se definitivamente em Vi\u00e7osa.<\/p>\n<p><strong>Mar\u00e7o de 1976<\/strong>\u00a0\u2013 Depois de 86 n\u00fameros (janeiro de 1968 a dezembro de 1975), Ultimato deixa de ser jornal e se torna revista, inicialmente com vinte p\u00e1ginas.<br \/>\n<strong>1976<\/strong> \u2013 Compra o \u201cAnu\u00e1rio Cat\u00f3lico\u201d para copiar e gravar o nome e o endere\u00e7o de milhares de par\u00f3quias cat\u00f3licas do Brasil nas antigas chapinhas de endere\u00e7amento para enviar-lhes gratuitamente a revista\u00a0<strong>Ultimato<\/strong>.<\/p>\n<p><strong>1985<\/strong>\u00a0\u2013 \u00c9 organizada a Editora Ultimato, com o prop\u00f3sito de dar continuidade \u00e0 revista Ultimato e publicar tamb\u00e9m livros.<\/p>\n<p><strong>Mar\u00e7o de 1993<\/strong>\u00a0\u2013 Inaugura a publica\u00e7\u00e3o de livros da Editora Ultimato com o t\u00edtulo \u201c<a href=\"http:\/\/www.ultimato.com.br\/?pg=show_livros&amp;util=1&amp;registro=17\">Deixem que Elas Mesmas Falem<\/a>\u201d, de sua autoria.<\/p>\n<p><strong>1993 \u2013<\/strong> Publica \u201cEntrevistas com William Carey\u201d e \u201cEm Letras Grandes\u201d (v. 1).<\/p>\n<p><strong>1994 \u2013 <\/strong>Publica \u201cPr\u00e1ticas Devocionais\u201d e \u201cEntrevistas com Ashbel Green Simonton\u201d.<\/p>\n<p><strong>1995 <\/strong>\u2013 Publica \u201cDeixem que Elas Mesmas Falem\u201d e \u201cN\u00e3o Perca Jesus de Vista\u201d.<\/p>\n<p><strong>Janeiro de 1996<\/strong>\u00a0\u2013 Com 28 anos de circula\u00e7\u00e3o e 232 edi\u00e7\u00f5es publicadas, Ultimato passa a ser impressa em cores.<\/p>\n<p><strong>1996<\/strong> \u2013 Publica \u201cDes\u00e7a do Elevador\u201d e \u201cS\u00faplicas de Um Necessitado\u201d.<\/p>\n<p><strong>Mar\u00e7o de 1997 \u2013<\/strong>\u00a0Ultimato publica as primeiras \u201cCartas \u00e0 Reda\u00e7\u00e3o\u201d recebidas por e-mail.<\/p>\n<p><strong>1997<\/strong> \u2013 Publica \u201cDicion\u00e1rio dos Desprovidos\u201d.<\/p>\n<p><strong>Agosto de 1998<\/strong>\u00a0\u2013 \u00c9 inaugurada a sede pr\u00f3pria da Editora Ultimato.<\/p>\n<p><strong>1998<\/strong> \u2013 Publica \u201cAntes de Amarrar Satan\u00e1s\u201d.<\/p>\n<p><strong>1999<\/strong> \u2013 Publica \u201cDevocionais para Todas as Esta\u00e7\u00f5es\u201d, com colabora\u00e7\u00e3o de v\u00e1rios, e \u201cO Mineiro com Cara de Matuto ao Redor do Mundo\u201d.<\/p>\n<p><strong>2000<\/strong> \u2013 Publica \u201cEm Letras Grandes\u201d (v. 2), \u201cHist\u00f3ria da Evangeliza\u00e7\u00e3o do Brasil\u201d e \u201cPastorais para o Terceiro Mil\u00eanio\u201d.<\/p>\n<p><strong>2001<\/strong> \u2013 Publica \u201cA Pessoa Mais Importante do Mundo\u201d e \u201cPr\u00e1ticas Devocionais \u2013 estudos b\u00edblicos\u201d.<\/p>\n<p><strong>2002<\/strong> \u2013 Publica \u201cOs Mortos do Mar\u201d e \u201cS\u00f3 Eu e Deus\u201d.<\/p>\n<p><strong>2003<\/strong> &#8211; Publica \u00a0\u201cRefei\u00e7\u00f5es Di\u00e1rias com o Sabor dos Salmos\u201d.<\/p>\n<p><strong>2004<\/strong> \u2013 Publica \u201cOlhe para o Alto\u201d e \u201cRefei\u00e7\u00f5es Di\u00e1rias com os Profetas Menores\u201d.<\/p>\n<p><strong>2006<\/strong> \u2013 Publica \u201cConversas com Lutero\u201d.<\/p>\n<p><strong>2008<\/strong> \u2013 Publica \u201cPara (Melhor) Enfrentar o Sofrimento\u201d e \u201cCartas a Ultimato\u201d.<\/p>\n<p><strong>2009<\/strong> \u2013 Publica \u201cMochila nas Costas e Di\u00e1rio na M\u00e3o\u201d.<\/p>\n<p><strong>2010<\/strong> \u2013 Publica \u201cRefei\u00e7\u00f5es Di\u00e1rias com Jesus\u201d.<\/p>\n<p><strong>2011<\/strong> \u2013 Publica \u201cPor Que (Sempre) Fa\u00e7o o que n\u00e3o Quero?\u201d e \u201cRefei\u00e7\u00f5es Di\u00e1rias\u201d.<\/p>\n<p><strong>2013<\/strong> \u2013 Publica \u201cRefei\u00e7\u00f5es Di\u00e1rias com os Disc\u00edpulos\u201d.<\/p>\n<p><strong>2014<\/strong> \u2013 Publica \u201cSou Eu, Calvino\u201d e \u201cTeologia para o Cotidiano\u201d.<\/p>\n<p><strong>2015<\/strong> \u2013 Publica \u201cDe Hoje em Diante\u201d.<\/p>\n<p><strong>Setembro de 2016<\/strong>\u00a0\u2013 Escreve seu \u00faltimo artigo, para a edi\u00e7\u00e3o 363 da revista Ultimato.<\/p>\n","protected":false},"excerpt":{"rendered":"<p>Abril de 1930 \u2013\u00a0Nasce em Campos dos Goytacazes, RJ. Fevereiro de 1951 a Dezembro de 1954\u00a0\u2013 Estuda no Instituto B\u00edblico de Pedra de Guaratiba, RJ. Outubro de 1954\u00a0(Rio de Janeiro) \u2013 Abre o cora\u00e7\u00e3o com a futura esposa, dizendo-lhe que sente grande necessidade de repartir com os outros as belezas que encontra na Palavra de [&hellip;]<\/p>\n","protected":false},"author":24,"featured_media":0,"parent":0,"menu_order":2,"comment_status":"closed","ping_status":"closed","template":"","meta":{"ngg_post_thumbnail":0,"footnotes":""},"class_list":["post-9","page","type-page","status-publish","hentry"],"_links":{"self":[{"href":"https:\/\/ultimato.com.br\/sites\/elbencesar\/wp-json\/wp\/v2\/pages\/9","targetHints":{"allow":["GET"]}}],"collection":[{"href":"https:\/\/ultimato.com.br\/sites\/elbencesar\/wp-json\/wp\/v2\/pages"}],"about":[{"href":"https:\/\/ultimato.com.br\/sites\/elbencesar\/wp-json\/wp\/v2\/types\/page"}],"author":[{"embeddable":true,"href":"https:\/\/ultimato.com.br\/sites\/elbencesar\/wp-json\/wp\/v2\/users\/24"}],"replies":[{"embeddable":true,"href":"https:\/\/ultimato.com.br\/sites\/elbencesar\/wp-json\/wp\/v2\/comments?post=9"}],"version-history":[{"count":6,"href":"https:\/\/ultimato.com.br\/sites\/elbencesar\/wp-json\/wp\/v2\/pages\/9\/revisions"}],"predecessor-version":[{"id":56,"href":"https:\/\/ultimato.com.br\/sites\/elbencesar\/wp-json\/wp\/v2\/pages\/9\/revisions\/56"}],"wp:attachment":[{"href":"https:\/\/ultimato.com.br\/sites\/elbencesar\/wp-json\/wp\/v2\/media?parent=9"}],"curies":[{"name":"wp","href":"https:\/\/api.w.org\/{rel}","templated":true}]}}