{"id":8,"date":"2016-10-06T08:53:45","date_gmt":"2016-10-06T11:53:45","guid":{"rendered":"http:\/\/ultimato.com.br\/sites\/elbencesar\/?page_id=8"},"modified":"2016-10-06T09:33:39","modified_gmt":"2016-10-06T12:33:39","slug":"a-ultima-declaracao","status":"publish","type":"page","link":"https:\/\/ultimato.com.br\/sites\/elbencesar\/a-ultima-declaracao\/","title":{"rendered":"A \u00faltima declara\u00e7\u00e3o"},"content":{"rendered":"<p><iframe src='https:\/\/podomatic.com\/embed\/html5\/episode\/8163078?autoplay=true' height='208' width='504'frameborder='0' marginheight='0' marginwidth='0' scrolling='no' allowfullscreen style: 'border: 1px solid #ececec;'><\/iframe><\/p>\n","protected":false},"excerpt":{"rendered":"","protected":false},"author":24,"featured_media":0,"parent":0,"menu_order":3,"comment_status":"closed","ping_status":"closed","template":"","meta":{"ngg_post_thumbnail":0,"footnotes":""},"class_list":["post-8","page","type-page","status-publish","hentry"],"_links":{"self":[{"href":"https:\/\/ultimato.com.br\/sites\/elbencesar\/wp-json\/wp\/v2\/pages\/8","targetHints":{"allow":["GET"]}}],"collection":[{"href":"https:\/\/ultimato.com.br\/sites\/elbencesar\/wp-json\/wp\/v2\/pages"}],"about":[{"href":"https:\/\/ultimato.com.br\/sites\/elbencesar\/wp-json\/wp\/v2\/types\/page"}],"author":[{"embeddable":true,"href":"https:\/\/ultimato.com.br\/sites\/elbencesar\/wp-json\/wp\/v2\/users\/24"}],"replies":[{"embeddable":true,"href":"https:\/\/ultimato.com.br\/sites\/elbencesar\/wp-json\/wp\/v2\/comments?post=8"}],"version-history":[{"count":6,"href":"https:\/\/ultimato.com.br\/sites\/elbencesar\/wp-json\/wp\/v2\/pages\/8\/revisions"}],"predecessor-version":[{"id":21,"href":"https:\/\/ultimato.com.br\/sites\/elbencesar\/wp-json\/wp\/v2\/pages\/8\/revisions\/21"}],"wp:attachment":[{"href":"https:\/\/ultimato.com.br\/sites\/elbencesar\/wp-json\/wp\/v2\/media?parent=8"}],"curies":[{"name":"wp","href":"https:\/\/api.w.org\/{rel}","templated":true}]}}