{"id":7,"date":"2016-10-06T08:53:05","date_gmt":"2016-10-06T11:53:05","guid":{"rendered":"http:\/\/ultimato.com.br\/sites\/elbencesar\/?page_id=7"},"modified":"2016-10-06T09:08:16","modified_gmt":"2016-10-06T12:08:16","slug":"livro-de-visitas","status":"publish","type":"page","link":"https:\/\/ultimato.com.br\/sites\/elbencesar\/livro-de-visitas\/","title":{"rendered":"Livro de Visitas"},"content":{"rendered":"<blockquote><p>Desde que voc\u00ea nasceu, eu o tenho carregado; sempre cuidei de voc\u00ea.\u00a0E, quando ficar velho, eu serei o mesmo Deus; cuidarei de voc\u00ea quando tiver cabelos brancos. Eu o criei e o carregarei; eu o ajudarei e salvarei (Is 46.4).<\/p><\/blockquote>\n<p>Celebramos a vida e a mem\u00f3ria do pastor de muitas gera\u00e7\u00f5es de crist\u00e3os espalhados pelo pa\u00eds. Algumas de suas marcas podem ser vistas ou lidas nestas p\u00e1ginas.<\/p>\n<p>Voc\u00ea \u00e9 nosso convidado para tamb\u00e9m deixar sua palavra ou lembran\u00e7a sobre o pastor Elben C\u00e9sar no\u00a0Livro de Visitas.<\/p>\n","protected":false},"excerpt":{"rendered":"<p>Desde que voc\u00ea nasceu, eu o tenho carregado; sempre cuidei de voc\u00ea.\u00a0E, quando ficar velho, eu serei o mesmo Deus; cuidarei de voc\u00ea quando tiver cabelos brancos. Eu o criei e o carregarei; eu o ajudarei e salvarei (Is 46.4). Celebramos a vida e a mem\u00f3ria do pastor de muitas gera\u00e7\u00f5es de crist\u00e3os espalhados pelo [&hellip;]<\/p>\n","protected":false},"author":24,"featured_media":0,"parent":0,"menu_order":1,"comment_status":"open","ping_status":"closed","template":"","meta":{"ngg_post_thumbnail":0,"footnotes":""},"class_list":["post-7","page","type-page","status-publish","hentry"],"_links":{"self":[{"href":"https:\/\/ultimato.com.br\/sites\/elbencesar\/wp-json\/wp\/v2\/pages\/7","targetHints":{"allow":["GET"]}}],"collection":[{"href":"https:\/\/ultimato.com.br\/sites\/elbencesar\/wp-json\/wp\/v2\/pages"}],"about":[{"href":"https:\/\/ultimato.com.br\/sites\/elbencesar\/wp-json\/wp\/v2\/types\/page"}],"author":[{"embeddable":true,"href":"https:\/\/ultimato.com.br\/sites\/elbencesar\/wp-json\/wp\/v2\/users\/24"}],"replies":[{"embeddable":true,"href":"https:\/\/ultimato.com.br\/sites\/elbencesar\/wp-json\/wp\/v2\/comments?post=7"}],"version-history":[{"count":5,"href":"https:\/\/ultimato.com.br\/sites\/elbencesar\/wp-json\/wp\/v2\/pages\/7\/revisions"}],"predecessor-version":[{"id":17,"href":"https:\/\/ultimato.com.br\/sites\/elbencesar\/wp-json\/wp\/v2\/pages\/7\/revisions\/17"}],"wp:attachment":[{"href":"https:\/\/ultimato.com.br\/sites\/elbencesar\/wp-json\/wp\/v2\/media?parent=7"}],"curies":[{"name":"wp","href":"https:\/\/api.w.org\/{rel}","templated":true}]}}