{"id":44,"date":"2016-12-21T12:40:06","date_gmt":"2016-12-21T14:40:06","guid":{"rendered":"http:\/\/ultimato.com.br\/sites\/elbencesar\/?page_id=44"},"modified":"2017-01-16T11:34:54","modified_gmt":"2017-01-16T13:34:54","slug":"biografia","status":"publish","type":"page","link":"https:\/\/ultimato.com.br\/sites\/elbencesar\/biografia\/","title":{"rendered":"Biografia"},"content":{"rendered":"<p>Elben M. Lenz C\u00e9sar\u00a0 (1930-2016) nasceu em Campos dos Goytacazes, RJ, era casado com Djanira Momesso C\u00e9sar e tinha cinco filhas, dez netos e quatro bisnetos. Era jornalista e pastor presbiteriano. Formou-se no Instituto B\u00edblico de Pedra de Guaratiba, no Rio de Janeiro, em 1954, e serviu como mission\u00e1rio na Zona da Mata de Minas Gerais e em Porto Alegre, RS, entre 1955 e 1970. Exerceu por longos anos o pastorado da Igreja Presbiteriana de Vi\u00e7osa, MG, da qual era pastor em\u00e9rito. Foi o fundador e diretor da revista\u00a0<strong>Ultimato<\/strong>\u00a0desde a sua primeira edi\u00e7\u00e3o, em janeiro de 1968. Foi tamb\u00e9m fundador da Rebusca \u2013 A\u00e7\u00e3o Social Evang\u00e9lica Vi\u00e7osense e do Centro Evang\u00e9lico de Miss\u00f5es (CEM), dos quais era presidente honor\u00e1rio. Publicou <a href=\"http:\/\/www.ultimato.com.br\/loja\/produtos\/praticas-devocionais-edicao-ampliada\">Pr\u00e1ticas Devocionais<\/a>,\u00a0<a href=\"http:\/\/www.ultimato.com.br\/loja\/produtos\/refeicoes-diarias-com-o-sabor-dos-salmos\">Refei\u00e7\u00f5es Di\u00e1rias com o Sabor dos Salmos<\/a>,\u00a0Refei\u00e7\u00f5es Di\u00e1rias com os Disc\u00edpulos, Refei\u00e7\u00f5es Di\u00e1rias com Jesus, <a href=\"http:\/\/www.ultimato.com.br\/loja\/produtos\/por-que-sempre-faco-o-que-nao-quero\">Por que (Sempre) Fa\u00e7o o Que N\u00e3o Quero<\/a>,\u00a0<a href=\"http:\/\/www.ultimato.com.br\/loja\/produtos\/sou-eu-calvino\">Sou Eu, Calvino<\/a>,\u00a0<a href=\"http:\/\/www.ultimato.com.br\/loja\/produtos\/para-melhor-enfrentar-o-sofrimento\">Para Melhor Enfrentar o Sofrimento<\/a>,\u00a0<a href=\"http:\/\/www.ultimato.com.br\/loja\/produtos\/suplicas-de-um-necessitado-ebook\">S\u00faplicas de Um Necessitado<\/a>, entre outros.<\/p>\n","protected":false},"excerpt":{"rendered":"<p>Elben M. Lenz C\u00e9sar\u00a0 (1930-2016) nasceu em Campos dos Goytacazes, RJ, era casado com Djanira Momesso C\u00e9sar e tinha cinco filhas, dez netos e quatro bisnetos. Era jornalista e pastor presbiteriano. Formou-se no Instituto B\u00edblico de Pedra de Guaratiba, no Rio de Janeiro, em 1954, e serviu como mission\u00e1rio na Zona da Mata de Minas [&hellip;]<\/p>\n","protected":false},"author":24,"featured_media":0,"parent":0,"menu_order":0,"comment_status":"closed","ping_status":"closed","template":"","meta":{"ngg_post_thumbnail":0,"footnotes":""},"class_list":["post-44","page","type-page","status-publish","hentry"],"_links":{"self":[{"href":"https:\/\/ultimato.com.br\/sites\/elbencesar\/wp-json\/wp\/v2\/pages\/44","targetHints":{"allow":["GET"]}}],"collection":[{"href":"https:\/\/ultimato.com.br\/sites\/elbencesar\/wp-json\/wp\/v2\/pages"}],"about":[{"href":"https:\/\/ultimato.com.br\/sites\/elbencesar\/wp-json\/wp\/v2\/types\/page"}],"author":[{"embeddable":true,"href":"https:\/\/ultimato.com.br\/sites\/elbencesar\/wp-json\/wp\/v2\/users\/24"}],"replies":[{"embeddable":true,"href":"https:\/\/ultimato.com.br\/sites\/elbencesar\/wp-json\/wp\/v2\/comments?post=44"}],"version-history":[{"count":1,"href":"https:\/\/ultimato.com.br\/sites\/elbencesar\/wp-json\/wp\/v2\/pages\/44\/revisions"}],"predecessor-version":[{"id":45,"href":"https:\/\/ultimato.com.br\/sites\/elbencesar\/wp-json\/wp\/v2\/pages\/44\/revisions\/45"}],"wp:attachment":[{"href":"https:\/\/ultimato.com.br\/sites\/elbencesar\/wp-json\/wp\/v2\/media?parent=44"}],"curies":[{"name":"wp","href":"https:\/\/api.w.org\/{rel}","templated":true}]}}