{"id":29,"date":"2016-10-14T17:02:36","date_gmt":"2016-10-14T20:02:36","guid":{"rendered":"http:\/\/ultimato.com.br\/sites\/elbencesar\/?page_id=29"},"modified":"2023-11-28T09:54:27","modified_gmt":"2023-11-28T12:54:27","slug":"livros","status":"publish","type":"page","link":"https:\/\/ultimato.com.br\/sites\/elbencesar\/livros\/","title":{"rendered":"Para ler"},"content":{"rendered":"<p>&nbsp;<\/p>\n<p>&nbsp;<\/p>\n<h4><strong><span style=\"color: #008080;\">Para conhecer melhor a obra do pastor Elben C\u00e9sar,\u00a0acesse os\u00a0livros dispon\u00edveis:<\/span><\/strong><\/h4>\n\n\t\t<style type=\"text\/css\">\n\t\t\t#gallery-1 {\n\t\t\t\tmargin: auto;\n\t\t\t}\n\t\t\t#gallery-1 .gallery-item {\n\t\t\t\tfloat: left;\n\t\t\t\tmargin-top: 10px;\n\t\t\t\ttext-align: center;\n\t\t\t\twidth: 25%;\n\t\t\t}\n\t\t\t#gallery-1 img {\n\t\t\t\tborder: 2px solid #cfcfcf;\n\t\t\t}\n\t\t\t#gallery-1 .gallery-caption {\n\t\t\t\tmargin-left: 0;\n\t\t\t}\n\t\t\t\/* see gallery_shortcode() in wp-includes\/media.php *\/\n\t\t<\/style>\n\t\t<div id='gallery-1' class='gallery galleryid-29 gallery-columns-4 gallery-size-medium'><dl class='gallery-item'>\n\t\t\t<dt class='gallery-icon portrait'>\n\t\t\t\t<a href='https:\/\/ultimato.com.br\/sites\/elbencesar\/files\/2023\/11\/capa_deixem_que_elas_mesmas_falem.jpg'><img loading=\"lazy\" decoding=\"async\" width=\"197\" height=\"300\" src=\"https:\/\/ultimato.com.br\/sites\/elbencesar\/files\/2023\/11\/capa_deixem_que_elas_mesmas_falem-197x300.jpg\" class=\"attachment-medium size-medium\" alt=\"\" aria-describedby=\"gallery-1-3129\" srcset=\"https:\/\/ultimato.com.br\/sites\/elbencesar\/files\/2023\/11\/capa_deixem_que_elas_mesmas_falem-197x300.jpg 197w, https:\/\/ultimato.com.br\/sites\/elbencesar\/files\/2023\/11\/capa_deixem_que_elas_mesmas_falem.jpg 590w\" sizes=\"auto, (max-width: 197px) 100vw, 197px\" \/><\/a>\n\t\t\t<\/dt>\n\t\t\t\t<dd class='wp-caption-text gallery-caption' id='gallery-1-3129'>\n\t\t\t\tDeixem que Elas Mesmas Falem (1993)\n\t\t\t\t<\/dd><\/dl><dl class='gallery-item'>\n\t\t\t<dt class='gallery-icon portrait'>\n\t\t\t\t<a href='https:\/\/ultimato.com.br\/sites\/elbencesar\/files\/2023\/11\/capa_nao_perca_jesus_vista.jpg'><img loading=\"lazy\" decoding=\"async\" width=\"200\" height=\"300\" src=\"https:\/\/ultimato.com.br\/sites\/elbencesar\/files\/2023\/11\/capa_nao_perca_jesus_vista-200x300.jpg\" class=\"attachment-medium size-medium\" alt=\"\" aria-describedby=\"gallery-1-3132\" srcset=\"https:\/\/ultimato.com.br\/sites\/elbencesar\/files\/2023\/11\/capa_nao_perca_jesus_vista-200x300.jpg 200w, https:\/\/ultimato.com.br\/sites\/elbencesar\/files\/2023\/11\/capa_nao_perca_jesus_vista.jpg 599w\" sizes=\"auto, (max-width: 200px) 100vw, 200px\" \/><\/a>\n\t\t\t<\/dt>\n\t\t\t\t<dd class='wp-caption-text gallery-caption' id='gallery-1-3132'>\n\t\t\t\tN\u00e3o perca Jesus de Vista (1995)\n\t\t\t\t<\/dd><\/dl><dl class='gallery-item'>\n\t\t\t<dt class='gallery-icon portrait'>\n\t\t\t\t<a href='https:\/\/ultimato.com.br\/sites\/elbencesar\/files\/2023\/11\/capa_historia_evangelizacao_brasil.jpg'><img loading=\"lazy\" decoding=\"async\" width=\"204\" height=\"300\" src=\"https:\/\/ultimato.com.br\/sites\/elbencesar\/files\/2023\/11\/capa_historia_evangelizacao_brasil-204x300.jpg\" class=\"attachment-medium size-medium\" alt=\"\" aria-describedby=\"gallery-1-3130\" srcset=\"https:\/\/ultimato.com.br\/sites\/elbencesar\/files\/2023\/11\/capa_historia_evangelizacao_brasil-204x300.jpg 204w, https:\/\/ultimato.com.br\/sites\/elbencesar\/files\/2023\/11\/capa_historia_evangelizacao_brasil.jpg 679w\" sizes=\"auto, (max-width: 204px) 100vw, 204px\" \/><\/a>\n\t\t\t<\/dt>\n\t\t\t\t<dd class='wp-caption-text gallery-caption' id='gallery-1-3130'>\n\t\t\t\tHist\u00f3ria da Evangeliza\u00e7\u00e3o do Brasil (2000)\n\t\t\t\t<\/dd><\/dl><dl class='gallery-item'>\n\t\t\t<dt class='gallery-icon portrait'>\n\t\t\t\t<a href='https:\/\/ultimato.com.br\/sites\/elbencesar\/files\/2023\/11\/capa_a_pessoa_mais_importante.jpg'><img loading=\"lazy\" decoding=\"async\" width=\"198\" height=\"300\" src=\"https:\/\/ultimato.com.br\/sites\/elbencesar\/files\/2023\/11\/capa_a_pessoa_mais_importante-198x300.jpg\" class=\"attachment-medium size-medium\" alt=\"\" aria-describedby=\"gallery-1-3124\" srcset=\"https:\/\/ultimato.com.br\/sites\/elbencesar\/files\/2023\/11\/capa_a_pessoa_mais_importante-198x300.jpg 198w, https:\/\/ultimato.com.br\/sites\/elbencesar\/files\/2023\/11\/capa_a_pessoa_mais_importante.jpg 496w\" sizes=\"auto, (max-width: 198px) 100vw, 198px\" \/><\/a>\n\t\t\t<\/dt>\n\t\t\t\t<dd class='wp-caption-text gallery-caption' id='gallery-1-3124'>\n\t\t\t\tA Pessoa Mais Importante do Mundo (2001)\n\t\t\t\t<\/dd><\/dl><br style=\"clear: both\" \/><dl class='gallery-item'>\n\t\t\t<dt class='gallery-icon portrait'>\n\t\t\t\t<a href='https:\/\/ultimato.com.br\/sites\/elbencesar\/files\/2023\/11\/capa_como_anunciar.jpg'><img loading=\"lazy\" decoding=\"async\" width=\"198\" height=\"300\" src=\"https:\/\/ultimato.com.br\/sites\/elbencesar\/files\/2023\/11\/capa_como_anunciar-198x300.jpg\" class=\"attachment-medium size-medium\" alt=\"\" aria-describedby=\"gallery-1-3126\" srcset=\"https:\/\/ultimato.com.br\/sites\/elbencesar\/files\/2023\/11\/capa_como_anunciar-198x300.jpg 198w, https:\/\/ultimato.com.br\/sites\/elbencesar\/files\/2023\/11\/capa_como_anunciar.jpg 594w\" sizes=\"auto, (max-width: 198px) 100vw, 198px\" \/><\/a>\n\t\t\t<\/dt>\n\t\t\t\t<dd class='wp-caption-text gallery-caption' id='gallery-1-3126'>\n\t\t\t\tComo Anunciar o Evangelho Entre os Presos (2001)\n\t\t\t\t<\/dd><\/dl><dl class='gallery-item'>\n\t\t\t<dt class='gallery-icon portrait'>\n\t\t\t\t<a href='https:\/\/ultimato.com.br\/sites\/elbencesar\/files\/2023\/11\/capa_conversas_lutero.jpg'><img loading=\"lazy\" decoding=\"async\" width=\"210\" height=\"300\" src=\"https:\/\/ultimato.com.br\/sites\/elbencesar\/files\/2023\/11\/capa_conversas_lutero-210x300.jpg\" class=\"attachment-medium size-medium\" alt=\"\" aria-describedby=\"gallery-1-3127\" srcset=\"https:\/\/ultimato.com.br\/sites\/elbencesar\/files\/2023\/11\/capa_conversas_lutero-210x300.jpg 210w, https:\/\/ultimato.com.br\/sites\/elbencesar\/files\/2023\/11\/capa_conversas_lutero.jpg 630w\" sizes=\"auto, (max-width: 210px) 100vw, 210px\" \/><\/a>\n\t\t\t<\/dt>\n\t\t\t\t<dd class='wp-caption-text gallery-caption' id='gallery-1-3127'>\n\t\t\t\tConversas com Lutero (2006)\n\t\t\t\t<\/dd><\/dl><dl class='gallery-item'>\n\t\t\t<dt class='gallery-icon portrait'>\n\t\t\t\t<a href='https:\/\/ultimato.com.br\/sites\/elbencesar\/files\/2023\/11\/capa_suplicas_necessitado.jpg'><img loading=\"lazy\" decoding=\"async\" width=\"197\" height=\"300\" src=\"https:\/\/ultimato.com.br\/sites\/elbencesar\/files\/2023\/11\/capa_suplicas_necessitado-197x300.jpg\" class=\"attachment-medium size-medium\" alt=\"\" aria-describedby=\"gallery-1-3139\" srcset=\"https:\/\/ultimato.com.br\/sites\/elbencesar\/files\/2023\/11\/capa_suplicas_necessitado-197x300.jpg 197w, https:\/\/ultimato.com.br\/sites\/elbencesar\/files\/2023\/11\/capa_suplicas_necessitado.jpg 591w\" sizes=\"auto, (max-width: 197px) 100vw, 197px\" \/><\/a>\n\t\t\t<\/dt>\n\t\t\t\t<dd class='wp-caption-text gallery-caption' id='gallery-1-3139'>\n\t\t\t\tS\u00faplicas de um Necessitado (2007)\n\t\t\t\t<\/dd><\/dl><dl class='gallery-item'>\n\t\t\t<dt class='gallery-icon portrait'>\n\t\t\t\t<a href='https:\/\/ultimato.com.br\/sites\/elbencesar\/files\/2023\/11\/capa_para_melhor_enfrentar_sofrimento.jpg'><img loading=\"lazy\" decoding=\"async\" width=\"197\" height=\"300\" src=\"https:\/\/ultimato.com.br\/sites\/elbencesar\/files\/2023\/11\/capa_para_melhor_enfrentar_sofrimento-197x300.jpg\" class=\"attachment-medium size-medium\" alt=\"\" aria-describedby=\"gallery-1-3133\" srcset=\"https:\/\/ultimato.com.br\/sites\/elbencesar\/files\/2023\/11\/capa_para_melhor_enfrentar_sofrimento-197x300.jpg 197w, https:\/\/ultimato.com.br\/sites\/elbencesar\/files\/2023\/11\/capa_para_melhor_enfrentar_sofrimento.jpg 657w\" sizes=\"auto, (max-width: 197px) 100vw, 197px\" \/><\/a>\n\t\t\t<\/dt>\n\t\t\t\t<dd class='wp-caption-text gallery-caption' id='gallery-1-3133'>\n\t\t\t\tPara (melhor) Enfrentar o Sofrimento (2008)\n\t\t\t\t<\/dd><\/dl><br style=\"clear: both\" \/><dl class='gallery-item'>\n\t\t\t<dt class='gallery-icon portrait'>\n\t\t\t\t<a href='https:\/\/ultimato.com.br\/sites\/elbencesar\/files\/2023\/11\/capa_praticas_devocionais.jpg'><img loading=\"lazy\" decoding=\"async\" width=\"197\" height=\"300\" src=\"https:\/\/ultimato.com.br\/sites\/elbencesar\/files\/2023\/11\/capa_praticas_devocionais-197x300.jpg\" class=\"attachment-medium size-medium\" alt=\"\" aria-describedby=\"gallery-1-3135\" srcset=\"https:\/\/ultimato.com.br\/sites\/elbencesar\/files\/2023\/11\/capa_praticas_devocionais-197x300.jpg 197w, https:\/\/ultimato.com.br\/sites\/elbencesar\/files\/2023\/11\/capa_praticas_devocionais.jpg 591w\" sizes=\"auto, (max-width: 197px) 100vw, 197px\" \/><\/a>\n\t\t\t<\/dt>\n\t\t\t\t<dd class='wp-caption-text gallery-caption' id='gallery-1-3135'>\n\t\t\t\tPr\u00e1ticas Devocionais (2008)\n\t\t\t\t<\/dd><\/dl><dl class='gallery-item'>\n\t\t\t<dt class='gallery-icon portrait'>\n\t\t\t\t<a href='https:\/\/ultimato.com.br\/sites\/elbencesar\/files\/2023\/11\/capa_cartas_a_ultimato.jpg'><img loading=\"lazy\" decoding=\"async\" width=\"209\" height=\"300\" src=\"https:\/\/ultimato.com.br\/sites\/elbencesar\/files\/2023\/11\/capa_cartas_a_ultimato-209x300.jpg\" class=\"attachment-medium size-medium\" alt=\"\" aria-describedby=\"gallery-1-3125\" srcset=\"https:\/\/ultimato.com.br\/sites\/elbencesar\/files\/2023\/11\/capa_cartas_a_ultimato-209x300.jpg 209w, https:\/\/ultimato.com.br\/sites\/elbencesar\/files\/2023\/11\/capa_cartas_a_ultimato.jpg 626w\" sizes=\"auto, (max-width: 209px) 100vw, 209px\" \/><\/a>\n\t\t\t<\/dt>\n\t\t\t\t<dd class='wp-caption-text gallery-caption' id='gallery-1-3125'>\n\t\t\t\tCartas a Ultimato (2008)\n\t\t\t\t<\/dd><\/dl><dl class='gallery-item'>\n\t\t\t<dt class='gallery-icon portrait'>\n\t\t\t\t<a href='https:\/\/ultimato.com.br\/sites\/elbencesar\/files\/2023\/11\/capa_mochila_nas_costas.jpg'><img loading=\"lazy\" decoding=\"async\" width=\"202\" height=\"300\" src=\"https:\/\/ultimato.com.br\/sites\/elbencesar\/files\/2023\/11\/capa_mochila_nas_costas-202x300.jpg\" class=\"attachment-medium size-medium\" alt=\"\" aria-describedby=\"gallery-1-3131\" srcset=\"https:\/\/ultimato.com.br\/sites\/elbencesar\/files\/2023\/11\/capa_mochila_nas_costas-202x300.jpg 202w, https:\/\/ultimato.com.br\/sites\/elbencesar\/files\/2023\/11\/capa_mochila_nas_costas.jpg 606w\" sizes=\"auto, (max-width: 202px) 100vw, 202px\" \/><\/a>\n\t\t\t<\/dt>\n\t\t\t\t<dd class='wp-caption-text gallery-caption' id='gallery-1-3131'>\n\t\t\t\tMochila nas Costas e Di\u00e1rio na M\u00e3o (2009)\n\t\t\t\t<\/dd><\/dl><dl class='gallery-item'>\n\t\t\t<dt class='gallery-icon portrait'>\n\t\t\t\t<a href='https:\/\/ultimato.com.br\/sites\/elbencesar\/files\/2023\/11\/capa_por_que_sempre_faco.jpg'><img loading=\"lazy\" decoding=\"async\" width=\"194\" height=\"300\" src=\"https:\/\/ultimato.com.br\/sites\/elbencesar\/files\/2023\/11\/capa_por_que_sempre_faco-194x300.jpg\" class=\"attachment-medium size-medium\" alt=\"\" aria-describedby=\"gallery-1-3134\" srcset=\"https:\/\/ultimato.com.br\/sites\/elbencesar\/files\/2023\/11\/capa_por_que_sempre_faco-194x300.jpg 194w, https:\/\/ultimato.com.br\/sites\/elbencesar\/files\/2023\/11\/capa_por_que_sempre_faco.jpg 582w\" sizes=\"auto, (max-width: 194px) 100vw, 194px\" \/><\/a>\n\t\t\t<\/dt>\n\t\t\t\t<dd class='wp-caption-text gallery-caption' id='gallery-1-3134'>\n\t\t\t\tPor Que (sempre) Fa\u00e7o o que N\u00e3o Quero? (2011)\n\t\t\t\t<\/dd><\/dl><br style=\"clear: both\" \/>\n\t\t<\/div>\n\n\n\t\t<style type=\"text\/css\">\n\t\t\t#gallery-2 {\n\t\t\t\tmargin: auto;\n\t\t\t}\n\t\t\t#gallery-2 .gallery-item {\n\t\t\t\tfloat: left;\n\t\t\t\tmargin-top: 10px;\n\t\t\t\ttext-align: center;\n\t\t\t\twidth: 20%;\n\t\t\t}\n\t\t\t#gallery-2 img {\n\t\t\t\tborder: 2px solid #cfcfcf;\n\t\t\t}\n\t\t\t#gallery-2 .gallery-caption {\n\t\t\t\tmargin-left: 0;\n\t\t\t}\n\t\t\t\/* see gallery_shortcode() in wp-includes\/media.php *\/\n\t\t<\/style>\n\t\t<div id='gallery-2' class='gallery galleryid-29 gallery-columns-5 gallery-size-medium'><dl class='gallery-item'>\n\t\t\t<dt class='gallery-icon portrait'>\n\t\t\t\t<a href='https:\/\/ultimato.com.br\/sites\/elbencesar\/files\/2023\/11\/capa_refeicoes_diarias_partir_pao.jpg'><img loading=\"lazy\" decoding=\"async\" width=\"202\" height=\"300\" src=\"https:\/\/ultimato.com.br\/sites\/elbencesar\/files\/2023\/11\/capa_refeicoes_diarias_partir_pao-202x300.jpg\" class=\"attachment-medium size-medium\" alt=\"\" aria-describedby=\"gallery-2-3137\" srcset=\"https:\/\/ultimato.com.br\/sites\/elbencesar\/files\/2023\/11\/capa_refeicoes_diarias_partir_pao-202x300.jpg 202w, https:\/\/ultimato.com.br\/sites\/elbencesar\/files\/2023\/11\/capa_refeicoes_diarias_partir_pao.jpg 607w\" sizes=\"auto, (max-width: 202px) 100vw, 202px\" \/><\/a>\n\t\t\t<\/dt>\n\t\t\t\t<dd class='wp-caption-text gallery-caption' id='gallery-2-3137'>\n\t\t\t\tRefei\u00e7\u00f5es Di\u00e1rias (2011)\n\t\t\t\t<\/dd><\/dl><dl class='gallery-item'>\n\t\t\t<dt class='gallery-icon portrait'>\n\t\t\t\t<a href='https:\/\/ultimato.com.br\/sites\/elbencesar\/files\/2023\/11\/capa_refeicoes_diarias_discipulos.jpg'><img loading=\"lazy\" decoding=\"async\" width=\"203\" height=\"300\" src=\"https:\/\/ultimato.com.br\/sites\/elbencesar\/files\/2023\/11\/capa_refeicoes_diarias_discipulos-203x300.jpg\" class=\"attachment-medium size-medium\" alt=\"\" aria-describedby=\"gallery-2-3136\" srcset=\"https:\/\/ultimato.com.br\/sites\/elbencesar\/files\/2023\/11\/capa_refeicoes_diarias_discipulos-203x300.jpg 203w, https:\/\/ultimato.com.br\/sites\/elbencesar\/files\/2023\/11\/capa_refeicoes_diarias_discipulos.jpg 609w\" sizes=\"auto, (max-width: 203px) 100vw, 203px\" \/><\/a>\n\t\t\t<\/dt>\n\t\t\t\t<dd class='wp-caption-text gallery-caption' id='gallery-2-3136'>\n\t\t\t\tRefei\u00e7\u00f5es Di\u00e1rias com os Disc\u00edpulos (2013)\n\t\t\t\t<\/dd><\/dl><dl class='gallery-item'>\n\t\t\t<dt class='gallery-icon portrait'>\n\t\t\t\t<a href='https:\/\/ultimato.com.br\/sites\/elbencesar\/files\/2023\/11\/capa_teologia_cotidiano.jpg'><img loading=\"lazy\" decoding=\"async\" width=\"204\" height=\"300\" src=\"https:\/\/ultimato.com.br\/sites\/elbencesar\/files\/2023\/11\/capa_teologia_cotidiano-204x300.jpg\" class=\"attachment-medium size-medium\" alt=\"\" aria-describedby=\"gallery-2-3140\" srcset=\"https:\/\/ultimato.com.br\/sites\/elbencesar\/files\/2023\/11\/capa_teologia_cotidiano-204x300.jpg 204w, https:\/\/ultimato.com.br\/sites\/elbencesar\/files\/2023\/11\/capa_teologia_cotidiano.jpg 613w\" sizes=\"auto, (max-width: 204px) 100vw, 204px\" \/><\/a>\n\t\t\t<\/dt>\n\t\t\t\t<dd class='wp-caption-text gallery-caption' id='gallery-2-3140'>\n\t\t\t\tTeologia para o Cotidiano (2014)\n\t\t\t\t<\/dd><\/dl><dl class='gallery-item'>\n\t\t\t<dt class='gallery-icon portrait'>\n\t\t\t\t<a href='https:\/\/ultimato.com.br\/sites\/elbencesar\/files\/2023\/11\/capa_sou_eu_calvino.jpg'><img loading=\"lazy\" decoding=\"async\" width=\"197\" height=\"300\" src=\"https:\/\/ultimato.com.br\/sites\/elbencesar\/files\/2023\/11\/capa_sou_eu_calvino-197x300.jpg\" class=\"attachment-medium size-medium\" alt=\"\" aria-describedby=\"gallery-2-3138\" srcset=\"https:\/\/ultimato.com.br\/sites\/elbencesar\/files\/2023\/11\/capa_sou_eu_calvino-197x300.jpg 197w, https:\/\/ultimato.com.br\/sites\/elbencesar\/files\/2023\/11\/capa_sou_eu_calvino.jpg 591w\" sizes=\"auto, (max-width: 197px) 100vw, 197px\" \/><\/a>\n\t\t\t<\/dt>\n\t\t\t\t<dd class='wp-caption-text gallery-caption' id='gallery-2-3138'>\n\t\t\t\tSou Eu, Calvino (2014)\n\t\t\t\t<\/dd><\/dl><dl class='gallery-item'>\n\t\t\t<dt class='gallery-icon portrait'>\n\t\t\t\t<a href='https:\/\/ultimato.com.br\/sites\/elbencesar\/files\/2023\/11\/capa_de_hoje_em_diante.jpg'><img loading=\"lazy\" decoding=\"async\" width=\"195\" height=\"300\" src=\"https:\/\/ultimato.com.br\/sites\/elbencesar\/files\/2023\/11\/capa_de_hoje_em_diante-195x300.jpg\" class=\"attachment-medium size-medium\" alt=\"\" aria-describedby=\"gallery-2-3128\" srcset=\"https:\/\/ultimato.com.br\/sites\/elbencesar\/files\/2023\/11\/capa_de_hoje_em_diante-195x300.jpg 195w, https:\/\/ultimato.com.br\/sites\/elbencesar\/files\/2023\/11\/capa_de_hoje_em_diante.jpg 584w\" sizes=\"auto, (max-width: 195px) 100vw, 195px\" \/><\/a>\n\t\t\t<\/dt>\n\t\t\t\t<dd class='wp-caption-text gallery-caption' id='gallery-2-3128'>\n\t\t\t\tDe Hoje em Diante (2015)\n\t\t\t\t<\/dd><\/dl><br style=\"clear: both\" \/>\n\t\t<\/div>\n\n<p>\u2022 <a href=\"https:\/\/loja.ultimato.com.br\/livros\/deixem-que-elas-mesmas-falem\" target=\"_blank\" rel=\"noopener\">Deixem que Elas Mesmas Falem<\/a><br \/>\n\u2022 <a href=\"https:\/\/loja.ultimato.com.br\/livros\/nao-perca-jesus-de-vista\" target=\"_blank\" rel=\"noopener\">N\u00e3o Perca Jesus de Vista<\/a><br \/>\n\u2022 <a href=\"https:\/\/loja.ultimato.com.br\/livros\/historia-da-evangelizacao-do-brasil\" target=\"_blank\" rel=\"noopener\">Hist\u00f3ria da Evangeliza\u00e7\u00e3o do Brasil<\/a><br \/>\n\u2022 <a href=\"https:\/\/loja.ultimato.com.br\/livros\/a-pessoa-mais-importante-do-mundo\" target=\"_blank\" rel=\"noopener\">A Pessoa Mais Importante do Mundo<\/a><br \/>\n\u2022 <a href=\"https:\/\/loja.ultimato.com.br\/livros\/como-anunciar-o-evangelho-entre-os-presos\" target=\"_blank\" rel=\"noopener\">Como Anunciar o Evangelho Entre os Presos<\/a><br \/>\n\u2022 <a href=\"https:\/\/loja.ultimato.com.br\/livros\/conversas-com-lutero\" target=\"_blank\" rel=\"noopener\">Conversas com Lutero<\/a><br \/>\n\u2022 <a href=\"https:\/\/loja.ultimato.com.br\/livros\/suplicas-de-um-necessitado-2ed\" target=\"_blank\" rel=\"noopener\">S\u00faplicas de um Necessitado<\/a><br \/>\n\u2022 <a href=\"https:\/\/loja.ultimato.com.br\/livros\/para-melhor-enfrentar-o-sofrimento\" target=\"_blank\" rel=\"noopener\">Para (melhor) Enfrentar o Sofrimento<\/a><br \/>\n\u2022 <a href=\"https:\/\/loja.ultimato.com.br\/livros\/praticas-devocionais\" target=\"_blank\" rel=\"noopener\">Pr\u00e1ticas Devocionais<\/a><br \/>\n\u2022 <a href=\"https:\/\/loja.ultimato.com.br\/livros\/cartas-a-ultimato\" target=\"_blank\" rel=\"noopener\">Cartas a Ultimato<\/a><br \/>\n\u2022 <a href=\"https:\/\/loja.ultimato.com.br\/livros\/mochila-nas-costas-e-diario-na-mao\" target=\"_blank\" rel=\"noopener\">Mochila nas Costas e Di\u00e1rio na M\u00e3o<\/a><br \/>\n\u2022 <a href=\"https:\/\/loja.ultimato.com.br\/livros\/por-que-sempre-faco-o-que-nao-quero\" target=\"_blank\" rel=\"noopener\">Por Que (sempre) Fa\u00e7o o que N\u00e3o Quero?<\/a><br \/>\n\u2022 <a href=\"https:\/\/loja.ultimato.com.br\/livros\/refeicoes-diarias-no-partir-do-pao-e-na-oracao\" target=\"_blank\" rel=\"noopener\">Refei\u00e7\u00f5es Di\u00e1rias no Partir do P\u00e3o e na Ora\u00e7\u00e3o<\/a><br \/>\n\u2022 <a href=\"https:\/\/loja.ultimato.com.br\/livros\/refeicoes-diarias-com-os-discipulos\" target=\"_blank\" rel=\"noopener\">Refei\u00e7\u00f5es Di\u00e1rias com os Disc\u00edpulos<\/a><br \/>\n\u2022 <a href=\"https:\/\/loja.ultimato.com.br\/livros\/teologia-para-o-cotidiano\" target=\"_blank\" rel=\"noopener\">Teologia para o Cotidiano<\/a><br \/>\n\u2022 <a href=\"https:\/\/loja.ultimato.com.br\/livros\/sou-eu-calvino\" target=\"_blank\" rel=\"noopener\">Sou Eu, Calvino<\/a><br \/>\n\u2022 <a href=\"https:\/\/loja.ultimato.com.br\/livros\/de-hoje-em-diante\" target=\"_blank\" rel=\"noopener\">De Hoje em Diante<\/a><\/p>\n<p>&nbsp;<\/p>\n<h4><span style=\"color: #008080;\"><strong>Obras publicadas ap\u00f3s a morte de Elben C\u00e9sar:<\/strong><\/span><\/h4>\n\n\t\t<style type=\"text\/css\">\n\t\t\t#gallery-3 {\n\t\t\t\tmargin: auto;\n\t\t\t}\n\t\t\t#gallery-3 .gallery-item {\n\t\t\t\tfloat: left;\n\t\t\t\tmargin-top: 10px;\n\t\t\t\ttext-align: center;\n\t\t\t\twidth: 33%;\n\t\t\t}\n\t\t\t#gallery-3 img {\n\t\t\t\tborder: 2px solid #cfcfcf;\n\t\t\t}\n\t\t\t#gallery-3 .gallery-caption {\n\t\t\t\tmargin-left: 0;\n\t\t\t}\n\t\t\t\/* see gallery_shortcode() in wp-includes\/media.php *\/\n\t\t<\/style>\n\t\t<div id='gallery-3' class='gallery galleryid-29 gallery-columns-3 gallery-size-medium'><dl class='gallery-item'>\n\t\t\t<dt class='gallery-icon portrait'>\n\t\t\t\t<a href='https:\/\/ultimato.com.br\/sites\/elbencesar\/files\/2023\/11\/capa_cuida_das_raizes.jpg'><img loading=\"lazy\" decoding=\"async\" width=\"206\" height=\"300\" src=\"https:\/\/ultimato.com.br\/sites\/elbencesar\/files\/2023\/11\/capa_cuida_das_raizes-206x300.jpg\" class=\"attachment-medium size-medium\" alt=\"\" aria-describedby=\"gallery-3-3143\" srcset=\"https:\/\/ultimato.com.br\/sites\/elbencesar\/files\/2023\/11\/capa_cuida_das_raizes-206x300.jpg 206w, https:\/\/ultimato.com.br\/sites\/elbencesar\/files\/2023\/11\/capa_cuida_das_raizes.jpg 617w\" sizes=\"auto, (max-width: 206px) 100vw, 206px\" \/><\/a>\n\t\t\t<\/dt>\n\t\t\t\t<dd class='wp-caption-text gallery-caption' id='gallery-3-3143'>\n\t\t\t\tCuide das Ra\u00edzes, Espere pelos Frutos (2017)\n\t\t\t\t<\/dd><\/dl><dl class='gallery-item'>\n\t\t\t<dt class='gallery-icon portrait'>\n\t\t\t\t<a href='https:\/\/ultimato.com.br\/sites\/elbencesar\/files\/2022\/10\/devocionario_2023_web.jpg'><img loading=\"lazy\" decoding=\"async\" width=\"209\" height=\"300\" src=\"https:\/\/ultimato.com.br\/sites\/elbencesar\/files\/2022\/10\/devocionario_2023_web-209x300.jpg\" class=\"attachment-medium size-medium\" alt=\"\" aria-describedby=\"gallery-3-3053\" srcset=\"https:\/\/ultimato.com.br\/sites\/elbencesar\/files\/2022\/10\/devocionario_2023_web-209x300.jpg 209w, https:\/\/ultimato.com.br\/sites\/elbencesar\/files\/2022\/10\/devocionario_2023_web.jpg 278w\" sizes=\"auto, (max-width: 209px) 100vw, 209px\" \/><\/a>\n\t\t\t<\/dt>\n\t\t\t\t<dd class='wp-caption-text gallery-caption' id='gallery-3-3053'>\n\t\t\t\tUm Ano com os Salmos (2022)\n\t\t\t\t<\/dd><\/dl><dl class='gallery-item'>\n\t\t\t<dt class='gallery-icon portrait'>\n\t\t\t\t<a href='https:\/\/ultimato.com.br\/sites\/elbencesar\/files\/2023\/11\/capa_meditacoesdiarias.jpg'><img loading=\"lazy\" decoding=\"async\" width=\"210\" height=\"300\" src=\"https:\/\/ultimato.com.br\/sites\/elbencesar\/files\/2023\/11\/capa_meditacoesdiarias-210x300.jpg\" class=\"attachment-medium size-medium\" alt=\"\" aria-describedby=\"gallery-3-3144\" srcset=\"https:\/\/ultimato.com.br\/sites\/elbencesar\/files\/2023\/11\/capa_meditacoesdiarias-210x300.jpg 210w, https:\/\/ultimato.com.br\/sites\/elbencesar\/files\/2023\/11\/capa_meditacoesdiarias.jpg 631w\" sizes=\"auto, (max-width: 210px) 100vw, 210px\" \/><\/a>\n\t\t\t<\/dt>\n\t\t\t\t<dd class='wp-caption-text gallery-caption' id='gallery-3-3144'>\n\t\t\t\tMedita\u00e7\u00f5es Di\u00e1rias (2023)\n\t\t\t\t<\/dd><\/dl><br style=\"clear: both\" \/>\n\t\t<\/div>\n\n<p>\u2022 <a href=\"https:\/\/loja.ultimato.com.br\/livros\/cuide-das-raizes-espere-pelos-frutos\" target=\"_blank\" rel=\"noopener\">Cuide das Ra\u00edzes, Espere pelos Frutos<\/a><br \/>\n\u2022 <a href=\"https:\/\/loja.ultimato.com.br\/livros\/um-ano-com-os-salmos-2ed\" target=\"_blank\" rel=\"noopener\">Um Ano com os Salmos<\/a><br \/>\n\u2022 <a href=\"https:\/\/loja.ultimato.com.br\/livros\/meditacoes-diarias-para-todas-as-estacoes\" target=\"_blank\" rel=\"noopener\">Medita\u00e7\u00f5es Di\u00e1rias<\/a><\/p>\n","protected":false},"excerpt":{"rendered":"<p>&nbsp; &nbsp; Para conhecer melhor a obra do pastor Elben C\u00e9sar,\u00a0acesse os\u00a0livros dispon\u00edveis: \u2022 Deixem que Elas Mesmas Falem \u2022 N\u00e3o Perca Jesus de Vista \u2022 Hist\u00f3ria da Evangeliza\u00e7\u00e3o do Brasil \u2022 A Pessoa Mais Importante do Mundo \u2022 Como Anunciar o Evangelho Entre os Presos \u2022 Conversas com Lutero \u2022 S\u00faplicas de um Necessitado [&hellip;]<\/p>\n","protected":false},"author":24,"featured_media":0,"parent":0,"menu_order":4,"comment_status":"closed","ping_status":"closed","template":"","meta":{"ngg_post_thumbnail":0,"footnotes":""},"class_list":["post-29","page","type-page","status-publish","hentry"],"_links":{"self":[{"href":"https:\/\/ultimato.com.br\/sites\/elbencesar\/wp-json\/wp\/v2\/pages\/29","targetHints":{"allow":["GET"]}}],"collection":[{"href":"https:\/\/ultimato.com.br\/sites\/elbencesar\/wp-json\/wp\/v2\/pages"}],"about":[{"href":"https:\/\/ultimato.com.br\/sites\/elbencesar\/wp-json\/wp\/v2\/types\/page"}],"author":[{"embeddable":true,"href":"https:\/\/ultimato.com.br\/sites\/elbencesar\/wp-json\/wp\/v2\/users\/24"}],"replies":[{"embeddable":true,"href":"https:\/\/ultimato.com.br\/sites\/elbencesar\/wp-json\/wp\/v2\/comments?post=29"}],"version-history":[{"count":22,"href":"https:\/\/ultimato.com.br\/sites\/elbencesar\/wp-json\/wp\/v2\/pages\/29\/revisions"}],"predecessor-version":[{"id":3160,"href":"https:\/\/ultimato.com.br\/sites\/elbencesar\/wp-json\/wp\/v2\/pages\/29\/revisions\/3160"}],"wp:attachment":[{"href":"https:\/\/ultimato.com.br\/sites\/elbencesar\/wp-json\/wp\/v2\/media?parent=29"}],"curies":[{"name":"wp","href":"https:\/\/api.w.org\/{rel}","templated":true}]}}