{"id":40,"date":"2011-02-04T12:59:10","date_gmt":"2011-02-04T15:59:10","guid":{"rendered":"http:\/\/ultimato.com.br\/sites\/discipulo-radical\/"},"modified":"2011-02-08T10:35:19","modified_gmt":"2011-02-08T13:35:19","slug":"banners-digitais","status":"publish","type":"page","link":"https:\/\/ultimato.com.br\/sites\/discipulo-radical\/extras\/banners-digitais\/","title":{"rendered":"Banners digitais"},"content":{"rendered":"<p>&#8220;Os Crist\u00e3o t\u00eam que ser semelhantes ao Cristo que eles pregam&#8221;. Divulgue essa ideia!<\/p>\n<p>A Ultimato preparou dois banner para voc\u00ea por no seu blog\/site.<\/p>\n<table border=\"0\" cellspacing=\"0\" cellpadding=\"0\" width=\"100%\">\n<tbody>\n<tr>\n<td style=\"text-align: center;\"><a href=\"http:\/\/www.ultimato.com.br\/boletim\/downloads\/discipulo_radical\/banner120x60_DR_a01.gif\" class=\"lightview\" data-lightview-group=\"group-40\" data-lightview-options=\"skin: 'dark', controls: 'relative', padding: '10', shadow: { color: '#000000', opacity: 0.08, blur: 3 }\" target=\"_blank\" data-lightview-title=\"Papel de parede 1\"><img loading=\"lazy\" decoding=\"async\" class=\"alignnone size-thumbnail wp-image-120\" style=\"border: 0px initial initial;\" title=\"Papel de parede 1\" src=\"http:\/\/www.ultimato.com.br\/boletim\/downloads\/discipulo_radical\/banner120x60_DR_a01.gif\" alt=\"\" width=\"120\" height=\"60\" \/><\/a><\/td>\n<\/tr>\n<tr>\n<td style=\"text-align: center;\"><a href=\"http:\/\/www.ultimato.com.br\/boletim\/downloads\/discipulo_radical\/banner120x60_DR_a01.gif\" class=\"lightview\" data-lightview-group=\"group-40\" data-lightview-options=\"skin: 'dark', controls: 'relative', padding: '10', shadow: { color: '#000000', opacity: 0.08, blur: 3 }\" target=\"_blank\">[120&#215;60]<\/a><\/td>\n<\/tr>\n<\/tbody>\n<\/table>\n<p style=\"padding-left: 60px;\"><em>C\u00f3digo de incorpora\u00e7\u00e3o:<\/em> &lt;img style=&#8221;border: 0px initial initial;&#8221; title=&#8221;Papel de parede 1&#8243; src=&#8221;http:\/\/www.ultimato.com.br\/boletim\/downloads\/discipulo_radical\/bannerD_DR_a01.gif&#8221; alt=&#8221;&#8221; width=&#8221;120&#8243; height=&#8221;240&#8243; \/&gt;<\/p>\n<p><a style=\"border: 0px initial initial;\" title=\"Papel de parede 1\" href=\"http:\/\/www.ultimato.com.br\/blogs\/paralelo10\" target=\"_blank\"><\/a><\/p>\n<table border=\"0\" cellspacing=\"0\" cellpadding=\"0\" width=\"100%\">\n<tbody>\n<tr>\n<td style=\"text-align: center;\"><a href=\"http:\/\/www.ultimato.com.br\/boletim\/downloads\/discipulo_radical\/bannerD_DR_a01.gif\" class=\"lightview\" data-lightview-group=\"group-40\" data-lightview-options=\"skin: 'dark', controls: 'relative', padding: '10', shadow: { color: '#000000', opacity: 0.08, blur: 3 }\" target=\"_blank\" data-lightview-title=\"Papel de parede 1\"><img loading=\"lazy\" decoding=\"async\" class=\"alignnone size-thumbnail wp-image-120\" style=\"border: 0px initial initial;\" title=\"Papel de parede 1\" src=\"http:\/\/www.ultimato.com.br\/boletim\/downloads\/discipulo_radical\/bannerD_DR_a01.gif\" alt=\"\" width=\"120\" height=\"240\" \/><\/a><\/td>\n<\/tr>\n<tr>\n<td style=\"text-align: center;\"><a href=\"http:\/\/www.ultimato.com.br\/boletim\/downloads\/discipulo_radical\/bannerD_DR_a01.gif\" class=\"lightview\" data-lightview-group=\"group-40\" data-lightview-options=\"skin: 'dark', controls: 'relative', padding: '10', shadow: { color: '#000000', opacity: 0.08, blur: 3 }\" target=\"_blank\">[120&#215;240]<\/a><\/td>\n<\/tr>\n<\/tbody>\n<\/table>\n<p style=\"padding-left: 60px;\"><em>C\u00f3digo de incorpora\u00e7\u00e3o:<\/em> &lt;img style=&#8221;border: 0px initial initial;&#8221; title=&#8221;Papel de parede 1&#8243; src=&#8221;http:\/\/www.ultimato.com.br\/boletim\/downloads\/discipulo_radical\/bannerD_DR_a01.gif&#8221; alt=&#8221;&#8221; width=&#8221;120&#8243; height=&#8221;240&#8243; \/&gt;<\/p>\n","protected":false},"excerpt":{"rendered":"<p>&#8220;Os Crist\u00e3o t\u00eam que ser semelhantes ao Cristo que eles pregam&#8221;. Divulgue essa ideia! A Ultimato preparou dois banner para voc\u00ea por no seu blog\/site. [120&#215;60] C\u00f3digo de incorpora\u00e7\u00e3o: &lt;img style=&#8221;border: 0px initial initial;&#8221; title=&#8221;Papel de parede 1&#8243; src=&#8221;http:\/\/www.ultimato.com.br\/boletim\/downloads\/discipulo_radical\/bannerD_DR_a01.gif&#8221; alt=&#8221;&#8221; width=&#8221;120&#8243; height=&#8221;240&#8243; \/&gt; [120&#215;240] C\u00f3digo de incorpora\u00e7\u00e3o: &lt;img style=&#8221;border: 0px initial initial;&#8221; title=&#8221;Papel de parede [&hellip;]<\/p>\n","protected":false},"author":8,"featured_media":0,"parent":33,"menu_order":2,"comment_status":"open","ping_status":"open","template":"","meta":{"footnotes":""},"class_list":["post-40","page","type-page","status-publish","hentry"],"_links":{"self":[{"href":"https:\/\/ultimato.com.br\/sites\/discipulo-radical\/wp-json\/wp\/v2\/pages\/40","targetHints":{"allow":["GET"]}}],"collection":[{"href":"https:\/\/ultimato.com.br\/sites\/discipulo-radical\/wp-json\/wp\/v2\/pages"}],"about":[{"href":"https:\/\/ultimato.com.br\/sites\/discipulo-radical\/wp-json\/wp\/v2\/types\/page"}],"author":[{"embeddable":true,"href":"https:\/\/ultimato.com.br\/sites\/discipulo-radical\/wp-json\/wp\/v2\/users\/8"}],"replies":[{"embeddable":true,"href":"https:\/\/ultimato.com.br\/sites\/discipulo-radical\/wp-json\/wp\/v2\/comments?post=40"}],"version-history":[{"count":8,"href":"https:\/\/ultimato.com.br\/sites\/discipulo-radical\/wp-json\/wp\/v2\/pages\/40\/revisions"}],"predecessor-version":[{"id":63,"href":"https:\/\/ultimato.com.br\/sites\/discipulo-radical\/wp-json\/wp\/v2\/pages\/40\/revisions\/63"}],"up":[{"embeddable":true,"href":"https:\/\/ultimato.com.br\/sites\/discipulo-radical\/wp-json\/wp\/v2\/pages\/33"}],"wp:attachment":[{"href":"https:\/\/ultimato.com.br\/sites\/discipulo-radical\/wp-json\/wp\/v2\/media?parent=40"}],"curies":[{"name":"wp","href":"https:\/\/api.w.org\/{rel}","templated":true}]}}