{"id":2,"date":"2011-01-31T10:37:06","date_gmt":"2011-01-31T10:37:06","guid":{"rendered":"http:\/\/ultimato.com.br\/sites\/discipulo-radical\/?page_id=2"},"modified":"2015-08-24T09:14:16","modified_gmt":"2015-08-24T12:14:16","slug":"sobre","status":"publish","type":"page","link":"https:\/\/ultimato.com.br\/sites\/discipulo-radical\/","title":{"rendered":"O livro"},"content":{"rendered":"<p><iframe loading=\"lazy\" width=\"640\" height=\"390\" src=\"https:\/\/www.youtube.com\/embed\/W5PPyoBW6zs?list=PLtez-CeNd8iytu-itF6Jrgebz0HeqShN3\" frameborder=\"0\" allowfullscreen><\/iframe><br \/>\nPara muitos, \u00e9 uma grande surpresa descobrir que os seguidores de Jesus Cristo s\u00e3o chamados de \u201ccrist\u00e3os\u201d apenas tr\u00eas vezes na B\u00edblia. Claro, sabemos que tanto as palavras \u2018crist\u00e3o\u2019 como \u2018disc\u00edpulo\u2019 implicam relacionamento com Jesus. Mas, por que \u201cdisc\u00edpulo radical\u201d?<\/p>\n<p>Para John Stott, a resposta \u00e9 \u00f3bvia. \u201cExistem diferentes n\u00edveis de comprometimento na comunidade crist\u00e3. O pr\u00f3prio Jesus ilustra isso ao explicar o que aconteceu com as sementes na Par\u00e1bola do Semeador (Mt 13.3-23). A diferen\u00e7a est\u00e1 no tipo de solo que as recebeu. A semente semeada em solo rochoso \u2018n\u00e3o tinha raiz\u2019\u201d.<\/p>\n<p>Evitamos o discipulado radical sendo seletivos: escolhemos as \u00e1reas nas quais o compromisso nos conv\u00e9m e ficamos distantes daquelas nas quais nosso envolvimento nos custar\u00e1 muito. No entanto, como disc\u00edpulos n\u00e3o temos esse direito.<\/p>\n<p>* * *<\/p>\n<p><strong>O Disc\u00edpulo Radical<\/strong> apresenta oito caracter\u00edsticas do discipulado crist\u00e3o que s\u00e3o comumente esquecidas, mas ainda precisam ser levadas a s\u00e9rio: inconformismo, semelhan\u00e7a com Cristo, maturidade, cuidado com a cria\u00e7\u00e3o, simplicidade, equil\u00edbrio, depend\u00eancia e morte. Com um texto profundamente b\u00edblico, tocante e de f\u00e1cil leitura, John Stott mostra a ess\u00eancia do que significa ser um disc\u00edpulo radical.<\/p>\n<p>* * *<\/p>\n<p>Clique no link &#8220;<a href=\"http:\/\/www.ultimato.com.br\/loja\/produtos\/o-discipulo-radical\" target=\"_blank\">quero comprar<\/a>&#8221; na coluna ao lado para adquirir o seu.<\/p>\n","protected":false},"excerpt":{"rendered":"<p>Para muitos, \u00e9 uma grande surpresa descobrir que os seguidores de Jesus Cristo s\u00e3o chamados de \u201ccrist\u00e3os\u201d apenas tr\u00eas vezes na B\u00edblia. Claro, sabemos que tanto as palavras \u2018crist\u00e3o\u2019 como \u2018disc\u00edpulo\u2019 implicam relacionamento com Jesus. Mas, por que \u201cdisc\u00edpulo radical\u201d? Para John Stott, a resposta \u00e9 \u00f3bvia. \u201cExistem diferentes n\u00edveis de comprometimento na comunidade crist\u00e3. [&hellip;]<\/p>\n","protected":false},"author":8,"featured_media":0,"parent":0,"menu_order":1,"comment_status":"open","ping_status":"open","template":"","meta":{"footnotes":""},"class_list":["post-2","page","type-page","status-publish","hentry"],"_links":{"self":[{"href":"https:\/\/ultimato.com.br\/sites\/discipulo-radical\/wp-json\/wp\/v2\/pages\/2","targetHints":{"allow":["GET"]}}],"collection":[{"href":"https:\/\/ultimato.com.br\/sites\/discipulo-radical\/wp-json\/wp\/v2\/pages"}],"about":[{"href":"https:\/\/ultimato.com.br\/sites\/discipulo-radical\/wp-json\/wp\/v2\/types\/page"}],"author":[{"embeddable":true,"href":"https:\/\/ultimato.com.br\/sites\/discipulo-radical\/wp-json\/wp\/v2\/users\/8"}],"replies":[{"embeddable":true,"href":"https:\/\/ultimato.com.br\/sites\/discipulo-radical\/wp-json\/wp\/v2\/comments?post=2"}],"version-history":[{"count":8,"href":"https:\/\/ultimato.com.br\/sites\/discipulo-radical\/wp-json\/wp\/v2\/pages\/2\/revisions"}],"predecessor-version":[{"id":142,"href":"https:\/\/ultimato.com.br\/sites\/discipulo-radical\/wp-json\/wp\/v2\/pages\/2\/revisions\/142"}],"wp:attachment":[{"href":"https:\/\/ultimato.com.br\/sites\/discipulo-radical\/wp-json\/wp\/v2\/media?parent=2"}],"curies":[{"name":"wp","href":"https:\/\/api.w.org\/{rel}","templated":true}]}}