{"id":9,"date":"2012-07-24T19:01:14","date_gmt":"2012-07-24T19:01:14","guid":{"rendered":"http:\/\/ultimato.com.br\/sites\/discipulo-radical-premium\/?page_id=9"},"modified":"2012-07-31T13:23:33","modified_gmt":"2012-07-31T13:23:33","slug":"o-autor","status":"publish","type":"page","link":"https:\/\/ultimato.com.br\/sites\/discipulo-radical-premium\/o-autor\/","title":{"rendered":"O autor"},"content":{"rendered":"<p><a href=\"http:\/\/ultimato.com.br\/sites\/discipulo-radical-premium\/files\/2012\/07\/stott1.jpg\"><img loading=\"lazy\" decoding=\"async\" class=\"alignright size-medium wp-image-72\" title=\"stott\" src=\"http:\/\/ultimato.com.br\/sites\/discipulo-radical-premium\/files\/2012\/07\/stott1-258x300.jpg\" alt=\"\" width=\"258\" height=\"300\" srcset=\"https:\/\/ultimato.com.br\/sites\/discipulo-radical-premium\/files\/2012\/07\/stott1-258x300.jpg 258w, https:\/\/ultimato.com.br\/sites\/discipulo-radical-premium\/files\/2012\/07\/stott1.jpg 313w\" sizes=\"auto, (max-width: 258px) 100vw, 258px\" \/><\/a>Talvez, umas das mais precisas e definitivas apresenta\u00e7\u00f5es de John Stott, tenha sido feita pelo mais conhecido evangelista do \u00faltimo s\u00e9culo, Billy Graham: \u201cN\u00e3o conhe\u00e7o ningu\u00e9m que tenha sido mais feliz em apresentar a vis\u00e3o b\u00edblica para tantas pessoas do que John Stott.\u201d<\/p>\n<p>Conhecido no mundo inteiro como te\u00f3logo, escritor e evangelista, John Stott foi pastor e presidente da All Souls Church, em Londres, e fundador do London Institute for Contemporary Christianity. Capel\u00e3o da Rainha da Inglaterra, tamb\u00e9m foi o principal articulador do Pacto de Lausanne e do Manifesto de Manila, e tornou-se presidente\u00a0honor\u00e1rio vital\u00edcio do Movimento de Lausanne. Foi indicado pela revista Time como uma das cem personalidades mais influentes do mundo. \u00c9 autor de mais de quarenta livros, entre os quais Por Que Sou Crist\u00e3o, Cristianismo B\u00e1sico, A B\u00edblia Toda, O Ano Todo e A Miss\u00e3o Crist\u00e3 no Mundo Moderno, publicados pela Editora Ultimato.<\/p>\n<p>Para saber mais, <a href=\"http:\/\/www.ultimato.com.br\/boletim\/downloads\/odr_premium\/cronologia_Stott.pdf\" target=\"_blank\">acesse<\/a> a cronologia da vida e minist\u00e9rio de John Stott.<\/p>\n<p><a href=\"http:\/\/ultimato.com.br\/sites\/discipulo-radical-premium\/extras\/veja-o-video\/\">V\u00eddeo<\/a> (publicado no blog, na \u00e9poca da morte).<\/p>\n","protected":false},"excerpt":{"rendered":"<p>Talvez, umas das mais precisas e definitivas apresenta\u00e7\u00f5es de John Stott, tenha sido feita pelo mais conhecido evangelista do \u00faltimo s\u00e9culo, Billy Graham: \u201cN\u00e3o conhe\u00e7o ningu\u00e9m que tenha sido mais feliz em apresentar a vis\u00e3o b\u00edblica para tantas pessoas do que John Stott.\u201d Conhecido no mundo inteiro como te\u00f3logo, escritor e evangelista, John Stott foi [&hellip;]<\/p>\n","protected":false},"author":8,"featured_media":0,"parent":0,"menu_order":2,"comment_status":"open","ping_status":"open","template":"","meta":{"footnotes":""},"class_list":["post-9","page","type-page","status-publish","hentry"],"_links":{"self":[{"href":"https:\/\/ultimato.com.br\/sites\/discipulo-radical-premium\/wp-json\/wp\/v2\/pages\/9","targetHints":{"allow":["GET"]}}],"collection":[{"href":"https:\/\/ultimato.com.br\/sites\/discipulo-radical-premium\/wp-json\/wp\/v2\/pages"}],"about":[{"href":"https:\/\/ultimato.com.br\/sites\/discipulo-radical-premium\/wp-json\/wp\/v2\/types\/page"}],"author":[{"embeddable":true,"href":"https:\/\/ultimato.com.br\/sites\/discipulo-radical-premium\/wp-json\/wp\/v2\/users\/8"}],"replies":[{"embeddable":true,"href":"https:\/\/ultimato.com.br\/sites\/discipulo-radical-premium\/wp-json\/wp\/v2\/comments?post=9"}],"version-history":[{"count":10,"href":"https:\/\/ultimato.com.br\/sites\/discipulo-radical-premium\/wp-json\/wp\/v2\/pages\/9\/revisions"}],"predecessor-version":[{"id":99,"href":"https:\/\/ultimato.com.br\/sites\/discipulo-radical-premium\/wp-json\/wp\/v2\/pages\/9\/revisions\/99"}],"wp:attachment":[{"href":"https:\/\/ultimato.com.br\/sites\/discipulo-radical-premium\/wp-json\/wp\/v2\/media?parent=9"}],"curies":[{"name":"wp","href":"https:\/\/api.w.org\/{rel}","templated":true}]}}