{"id":19,"date":"2012-07-24T19:04:18","date_gmt":"2012-07-24T19:04:18","guid":{"rendered":"http:\/\/ultimato.com.br\/sites\/discipulo-radical-premium\/?page_id=19"},"modified":"2012-07-25T14:49:11","modified_gmt":"2012-07-25T14:49:11","slug":"divulgue-a-ideia","status":"publish","type":"page","link":"https:\/\/ultimato.com.br\/sites\/discipulo-radical-premium\/extras\/divulgue-a-ideia\/","title":{"rendered":"Divulgue a ideia"},"content":{"rendered":"<p>Preparamos alguns banners para voc\u00ea colocar no seu blog\/site. Divulgue a ideia!<\/p>\n<p><strong>Banner 120&#215;60<\/strong><\/p>\n<table width=\"100%\" border=\"0\" cellspacing=\"0\" cellpadding=\"0\">\n<tbody>\n<tr>\n<td style=\"text-align: center;\"><a href=\"http:\/\/www.ultimato.com.br\/boletim\/downloads\/odr_premium\/bannerE_odrpremium.gif\" target=\"_blank\"><img loading=\"lazy\" decoding=\"async\" class=\"alignnone size-thumbnail wp-image-120\" style=\"border: 0px initial initial;\" title=\"Banner 120x60\" src=\"http:\/\/www.ultimato.com.br\/boletim\/downloads\/odr_premium\/bannerE_odrpremium.gif\" alt=\"O Disc\u00edpulo Radical - Premium\" width=\"120\" height=\"60\" \/><\/a><\/td>\n<\/tr>\n<tr>\n<td style=\"text-align: center;\"><a href=\"http:\/\/www.ultimato.com.br\/boletim\/downloads\/odr_premium\/bannerE_odrpremium.gif\" target=\"_blank\">[120&#215;60]<\/a><\/td>\n<\/tr>\n<\/tbody>\n<\/table>\n<p style=\"padding-left: 60px;\"><em>C\u00f3digo de incorpora\u00e7\u00e3o:<\/em> &lt;a href=&#8221;http:\/\/ultimato.com.br\/sites\/discipulo-radical-premium\/&#8221; target=&#8221;_blank&#8221; title=&#8221;O Disc\u00edpulo Radical &#8211; Premium&#8221;&gt;&lt;img style=&#8221;border: 0px initial initial;&#8221; title=&#8221;Banner 120&#215;60&#8243; src=&#8221;http:\/\/www.ultimato.com.br\/boletim\/downloads\/odr_premium\/bannerE_odrpremium.gif&#8221; alt=&#8221;O Disc\u00edpulo Radical &#8211; Premium&#8221; width=&#8221;120&#8243; height=&#8221;60&#8243; \/&gt;&lt;\/a&gt;<\/p>\n<p>&nbsp;<\/p>\n<p><strong>Banner 120&#215;240<\/strong><\/p>\n<table width=\"100%\" border=\"0\" cellspacing=\"0\" cellpadding=\"0\">\n<tbody>\n<tr>\n<td style=\"text-align: center;\"><a href=\"http:\/\/www.ultimato.com.br\/boletim\/downloads\/odr_premium\/bannerD_odrpremium.gif\" target=\"_blank\"><img loading=\"lazy\" decoding=\"async\" class=\"alignnone size-thumbnail wp-image-120\" style=\"border: 0px initial initial;\" title=\"Banner 120x240 (a)\" src=\"http:\/\/www.ultimato.com.br\/boletim\/downloads\/odr_premium\/bannerD_odrpremium.gif\" alt=\"O Disc\u00edpulo Radical - Premium\" width=\"120\" height=\"240\" \/><\/a><\/td>\n<\/tr>\n<tr>\n<td style=\"text-align: center;\"><a href=\"http:\/\/www.ultimato.com.br\/boletim\/downloads\/odr_premium\/bannerD_odrpremium.gif\" target=\"_blank\">[120&#215;240]<\/a><\/td>\n<\/tr>\n<\/tbody>\n<\/table>\n<p style=\"padding-left: 60px;\"><em>C\u00f3digo de incorpora\u00e7\u00e3o:<\/em> &lt;a href=&#8221;http:\/\/ultimato.com.br\/sites\/discipulo-radical-premium\/&#8221; target=&#8221;_blank&#8221; title=&#8221;O Disc\u00edpulo Radical &#8211; Premium&#8221;&gt;&lt;img style=&#8221;border: 0px initial initial;&#8221; title=&#8221;Banner 120&#215;240&#8243; src=&#8221;http:\/\/www.ultimato.com.br\/boletim\/downloads\/odr_premium\/bannerD_odrpremium.gif&#8221; alt=&#8221;O Disc\u00edpulo Radical &#8211; Premium&#8221; width=&#8221;120&#8243; height=&#8221;240&#8243; \/&gt;&lt;\/a&gt;<\/p>\n<p style=\"padding-left: 60px;\">\n<p style=\"text-align: left;\"><strong>Banner 120&#215;240<\/strong><\/p>\n<table width=\"100%\" border=\"0\" cellspacing=\"0\" cellpadding=\"0\">\n<tbody>\n<tr>\n<td><\/td>\n<\/tr>\n<tr>\n<td><a href=\"http:\/\/ultimato.com.br\/sites\/discipulo-radical-premium\/files\/2012\/07\/bannerD_odrpremium_a02.gif\"><img loading=\"lazy\" decoding=\"async\" class=\"aligncenter\" title=\"bannerD_odrpremium_a02\" src=\"http:\/\/ultimato.com.br\/sites\/discipulo-radical-premium\/files\/2012\/07\/bannerD_odrpremium_a02.gif\" alt=\"\" width=\"120\" height=\"240\" \/><\/a><\/p>\n<p style=\"text-align: center;\"><a href=\"http:\/\/www.ultimato.com.br\/boletim\/downloads\/odr_premium\/bannerD_odrpremium.gif\" target=\"_blank\">120&#215;240]<\/a><\/p>\n<\/td>\n<\/tr>\n<\/tbody>\n<\/table>\n<p style=\"padding-left: 60px;\"><em>C\u00f3digo de incorpora\u00e7\u00e3o:<\/em>\u00a0&lt;a href=&#8221;http:\/\/ultimato.com.br\/sites\/discipulo-radical-premium\/&#8221; target=&#8221;_blank&#8221; title=&#8221;O Disc\u00edpulo Radical &#8211; Premium&#8221;&gt;&lt;img style=&#8221;border: 0px initial initial;&#8221; title=&#8221;Banner 120&#215;240&#8243; src=&#8221;http:\/\/www.ultimato.com.br\/boletim\/downloads\/odr_premium\/bannerD_odrpremium_a02.gif&#8221; alt=&#8221;O Disc\u00edpulo Radical &#8211; Premium&#8221; width=&#8221;120&#8243; height=&#8221;240&#8243; \/&gt;&lt;\/a&gt;<\/p>\n","protected":false},"excerpt":{"rendered":"<p>Preparamos alguns banners para voc\u00ea colocar no seu blog\/site. Divulgue a ideia! Banner 120&#215;60 [120&#215;60] C\u00f3digo de incorpora\u00e7\u00e3o: &lt;a href=&#8221;http:\/\/ultimato.com.br\/sites\/discipulo-radical-premium\/&#8221; target=&#8221;_blank&#8221; title=&#8221;O Disc\u00edpulo Radical &#8211; Premium&#8221;&gt;&lt;img style=&#8221;border: 0px initial initial;&#8221; title=&#8221;Banner 120&#215;60&#8243; src=&#8221;http:\/\/www.ultimato.com.br\/boletim\/downloads\/odr_premium\/bannerE_odrpremium.gif&#8221; alt=&#8221;O Disc\u00edpulo Radical &#8211; Premium&#8221; width=&#8221;120&#8243; height=&#8221;60&#8243; \/&gt;&lt;\/a&gt; &nbsp; Banner 120&#215;240 [120&#215;240] C\u00f3digo de incorpora\u00e7\u00e3o: &lt;a href=&#8221;http:\/\/ultimato.com.br\/sites\/discipulo-radical-premium\/&#8221; target=&#8221;_blank&#8221; title=&#8221;O Disc\u00edpulo Radical &#8211; [&hellip;]<\/p>\n","protected":false},"author":8,"featured_media":0,"parent":15,"menu_order":1,"comment_status":"open","ping_status":"open","template":"","meta":{"footnotes":""},"class_list":["post-19","page","type-page","status-publish","hentry"],"_links":{"self":[{"href":"https:\/\/ultimato.com.br\/sites\/discipulo-radical-premium\/wp-json\/wp\/v2\/pages\/19","targetHints":{"allow":["GET"]}}],"collection":[{"href":"https:\/\/ultimato.com.br\/sites\/discipulo-radical-premium\/wp-json\/wp\/v2\/pages"}],"about":[{"href":"https:\/\/ultimato.com.br\/sites\/discipulo-radical-premium\/wp-json\/wp\/v2\/types\/page"}],"author":[{"embeddable":true,"href":"https:\/\/ultimato.com.br\/sites\/discipulo-radical-premium\/wp-json\/wp\/v2\/users\/8"}],"replies":[{"embeddable":true,"href":"https:\/\/ultimato.com.br\/sites\/discipulo-radical-premium\/wp-json\/wp\/v2\/comments?post=19"}],"version-history":[{"count":6,"href":"https:\/\/ultimato.com.br\/sites\/discipulo-radical-premium\/wp-json\/wp\/v2\/pages\/19\/revisions"}],"predecessor-version":[{"id":26,"href":"https:\/\/ultimato.com.br\/sites\/discipulo-radical-premium\/wp-json\/wp\/v2\/pages\/19\/revisions\/26"}],"up":[{"embeddable":true,"href":"https:\/\/ultimato.com.br\/sites\/discipulo-radical-premium\/wp-json\/wp\/v2\/pages\/15"}],"wp:attachment":[{"href":"https:\/\/ultimato.com.br\/sites\/discipulo-radical-premium\/wp-json\/wp\/v2\/media?parent=19"}],"curies":[{"name":"wp","href":"https:\/\/api.w.org\/{rel}","templated":true}]}}