{"id":15,"date":"2012-07-24T19:02:57","date_gmt":"2012-07-24T19:02:57","guid":{"rendered":"http:\/\/ultimato.com.br\/sites\/discipulo-radical-premium\/?page_id=15"},"modified":"2012-07-26T11:28:55","modified_gmt":"2012-07-26T11:28:55","slug":"extras","status":"publish","type":"page","link":"https:\/\/ultimato.com.br\/sites\/discipulo-radical-premium\/extras\/","title":{"rendered":"Extras"},"content":{"rendered":"<p>Preparamos um material especial para voc\u00ea aproveitar ainda mais a mensagem do livro O Disc\u00edpulo Radical Premium, al\u00e9m de poder divulgar a ideia deste conte\u00fado t\u00e3o rico.<\/p>\n<p>&#8211; <a href=\"http:\/\/ultimato.com.br\/sites\/discipulo-radical-premium\/extras\/divulgue-a-ideia\/\">Divulgue a ideia<\/a><\/p>\n<p>&#8211; <a href=\"http:\/\/ultimato.com.br\/sites\/discipulo-radical-premium\/extras\/veja-o-video\/\">Veja os v\u00eddeos<\/a><\/p>\n<p>&#8211; <a href=\"http:\/\/ultimato.com.br\/sites\/discipulo-radical-premium\/extras\/papel-de-parede\/\">Papel de parede<\/a><\/p>\n<p>&#8211; <a href=\"http:\/\/ultimato.com.br\/sites\/discipulo-radical-premium\/extras\/leia-um-trecho\/\">Leia um trecho<\/a><\/p>\n","protected":false},"excerpt":{"rendered":"<p>Preparamos um material especial para voc\u00ea aproveitar ainda mais a mensagem do livro O Disc\u00edpulo Radical Premium, al\u00e9m de poder divulgar a ideia deste conte\u00fado t\u00e3o rico. &#8211; Divulgue a ideia &#8211; Veja os v\u00eddeos &#8211; Papel de parede &#8211; Leia um trecho<\/p>\n","protected":false},"author":8,"featured_media":0,"parent":0,"menu_order":5,"comment_status":"open","ping_status":"open","template":"","meta":{"footnotes":""},"class_list":["post-15","page","type-page","status-publish","hentry"],"_links":{"self":[{"href":"https:\/\/ultimato.com.br\/sites\/discipulo-radical-premium\/wp-json\/wp\/v2\/pages\/15","targetHints":{"allow":["GET"]}}],"collection":[{"href":"https:\/\/ultimato.com.br\/sites\/discipulo-radical-premium\/wp-json\/wp\/v2\/pages"}],"about":[{"href":"https:\/\/ultimato.com.br\/sites\/discipulo-radical-premium\/wp-json\/wp\/v2\/types\/page"}],"author":[{"embeddable":true,"href":"https:\/\/ultimato.com.br\/sites\/discipulo-radical-premium\/wp-json\/wp\/v2\/users\/8"}],"replies":[{"embeddable":true,"href":"https:\/\/ultimato.com.br\/sites\/discipulo-radical-premium\/wp-json\/wp\/v2\/comments?post=15"}],"version-history":[{"count":3,"href":"https:\/\/ultimato.com.br\/sites\/discipulo-radical-premium\/wp-json\/wp\/v2\/pages\/15\/revisions"}],"predecessor-version":[{"id":91,"href":"https:\/\/ultimato.com.br\/sites\/discipulo-radical-premium\/wp-json\/wp\/v2\/pages\/15\/revisions\/91"}],"wp:attachment":[{"href":"https:\/\/ultimato.com.br\/sites\/discipulo-radical-premium\/wp-json\/wp\/v2\/media?parent=15"}],"curies":[{"name":"wp","href":"https:\/\/api.w.org\/{rel}","templated":true}]}}