{"id":8,"date":"2017-08-07T13:39:00","date_gmt":"2017-08-07T16:39:00","guid":{"rendered":"http:\/\/ultimato.com.br\/sites\/discipulado-igreja-local\/?page_id=8"},"modified":"2017-08-16T08:29:31","modified_gmt":"2017-08-16T11:29:31","slug":"o-que-disserameditar","status":"publish","type":"page","link":"https:\/\/ultimato.com.br\/sites\/discipulado-igreja-local\/o-que-disserameditar\/","title":{"rendered":"O que disseram"},"content":{"rendered":"<blockquote><p>\u201c<strong>O Discipulado na Igreja Local<\/strong> descreve uma mudan\u00e7a fundamental no que conhecemos como discipulado. Passo a passo, entendemos a for\u00e7a e a din\u00e2mica do movimento que impulsiona o evangelho e que mais cresce nos \u00faltimos 25 anos. E enxergamos pelos olhos de um dos seus principais l\u00edderes, que \u00e9 tamb\u00e9m um grande contador de hist\u00f3rias. Um livro que todo l\u00edder de igreja precisa ler.\u201d<\/p><\/blockquote>\n<p><em>\u2013 Bob Buford<\/em><\/p>\n<blockquote><p>\u201cN\u00e3o h\u00e1 atalhos. Discipular os filhos, um pequeno grupo ou o rebanho requer prioridades claras, um plano espec\u00edfico e grandes doses de tempo e energia. A boa not\u00edcia \u00e9 que <strong>O Discipulado na Igreja Local<\/strong> far\u00e1 mais por voc\u00ea do que apenas ajud\u00e1-lo a come\u00e7ar. Randy Pope n\u00e3o apenas ensina e inspira; ele tamb\u00e9m nos mostra o caminho.\u201d<\/p><\/blockquote>\n<p><em>\u2013 <\/em><em>Chip Ingram<\/em><\/p>\n<blockquote><p>N\u00e3o conhe\u00e7o outro pastor que tenha sido mais frut\u00edfero em seu minist\u00e9rio pessoal de discipulado do que Randy Pope. Tamb\u00e9m desconhe\u00e7o algum l\u00edder de igreja que tenha um compromisso mais duradouro e s\u00f3lido de tornar o discipulado difundido pela igreja do que ele.<strong> O Discipulado na Igreja Local<\/strong> oferece tanto os princ\u00edpios como as pr\u00e1ticas para moldar as pessoas \u00e0 semelhan\u00e7a de Cristo.<\/p><\/blockquote>\n<p><em>\u2013 Timothy Keller<\/em><\/p>\n","protected":false},"excerpt":{"rendered":"<p>\u201cO Discipulado na Igreja Local descreve uma mudan\u00e7a fundamental no que conhecemos como discipulado. Passo a passo, entendemos a for\u00e7a e a din\u00e2mica do movimento que impulsiona o evangelho e que mais cresce nos \u00faltimos 25 anos. E enxergamos pelos olhos de um dos seus principais l\u00edderes, que \u00e9 tamb\u00e9m um grande contador de hist\u00f3rias. [&hellip;]<\/p>\n","protected":false},"author":24,"featured_media":0,"parent":0,"menu_order":2,"comment_status":"closed","ping_status":"closed","template":"","meta":{"footnotes":""},"class_list":["post-8","page","type-page","status-publish","hentry"],"_links":{"self":[{"href":"https:\/\/ultimato.com.br\/sites\/discipulado-igreja-local\/wp-json\/wp\/v2\/pages\/8","targetHints":{"allow":["GET"]}}],"collection":[{"href":"https:\/\/ultimato.com.br\/sites\/discipulado-igreja-local\/wp-json\/wp\/v2\/pages"}],"about":[{"href":"https:\/\/ultimato.com.br\/sites\/discipulado-igreja-local\/wp-json\/wp\/v2\/types\/page"}],"author":[{"embeddable":true,"href":"https:\/\/ultimato.com.br\/sites\/discipulado-igreja-local\/wp-json\/wp\/v2\/users\/24"}],"replies":[{"embeddable":true,"href":"https:\/\/ultimato.com.br\/sites\/discipulado-igreja-local\/wp-json\/wp\/v2\/comments?post=8"}],"version-history":[{"count":4,"href":"https:\/\/ultimato.com.br\/sites\/discipulado-igreja-local\/wp-json\/wp\/v2\/pages\/8\/revisions"}],"predecessor-version":[{"id":54,"href":"https:\/\/ultimato.com.br\/sites\/discipulado-igreja-local\/wp-json\/wp\/v2\/pages\/8\/revisions\/54"}],"wp:attachment":[{"href":"https:\/\/ultimato.com.br\/sites\/discipulado-igreja-local\/wp-json\/wp\/v2\/media?parent=8"}],"curies":[{"name":"wp","href":"https:\/\/api.w.org\/{rel}","templated":true}]}}