{"id":6,"date":"2017-08-07T13:38:40","date_gmt":"2017-08-07T16:38:40","guid":{"rendered":"http:\/\/ultimato.com.br\/sites\/discipulado-igreja-local\/?page_id=6"},"modified":"2017-08-16T08:28:08","modified_gmt":"2017-08-16T11:28:08","slug":"o-livro","status":"publish","type":"page","link":"https:\/\/ultimato.com.br\/sites\/discipulado-igreja-local\/","title":{"rendered":"O Livro"},"content":{"rendered":"<p>A IGREJA N\u00c3O PODE TERCEIRIZAR O DISCIPULADO.<\/p>\n<p>Discipular requer tempo, energia, prioridades claras e um plano espec\u00edfico.<\/p>\n<p>Al\u00e9m de ensinar e inspirar, <strong>O Discipulado na Igreja Local<\/strong> tamb\u00e9m nos mostra como fazer isso.<\/p>\n<blockquote><p>N\u00e3o conhe\u00e7o outro pastor que tenha sido mais frut\u00edfero em seu minist\u00e9rio pessoal de discipulado do que Randy Pope. Tamb\u00e9m desconhe\u00e7o algum l\u00edder de igreja que tenha um compromisso mais duradouro e s\u00f3lido de tornar o discipulado difundido pela igreja do que ele.<strong> O Discipulado na Igreja Local<\/strong> oferece tanto os princ\u00edpios como as pr\u00e1ticas para moldar as pessoas \u00e0 semelhan\u00e7a de Cristo.<\/p><\/blockquote>\n<p style=\"text-align: left;\"><em>\u2013 Timothy Keller<\/em><\/p>\n<p>Para Randy Pope, pastor da Igreja Perimeter, em Atlanta, nos Estados Unidos, e um dos mais influentes l\u00edderes na \u00e1rea de forma\u00e7\u00e3o espiritual e discipulado, \u00e9 preciso trazer o discipulado de volta para a igreja local.<\/p>\n<p>Rico em exemplos e ideias pr\u00e1ticas, <strong>O Discipulado na Igreja Local<\/strong> \u00e9 um livro essencial para a realidade da igreja dos nossos dias.<\/p>\n","protected":false},"excerpt":{"rendered":"<p>A IGREJA N\u00c3O PODE TERCEIRIZAR O DISCIPULADO. Discipular requer tempo, energia, prioridades claras e um plano espec\u00edfico. Al\u00e9m de ensinar e inspirar, O Discipulado na Igreja Local tamb\u00e9m nos mostra como fazer isso. N\u00e3o conhe\u00e7o outro pastor que tenha sido mais frut\u00edfero em seu minist\u00e9rio pessoal de discipulado do que Randy Pope. Tamb\u00e9m desconhe\u00e7o algum [&hellip;]<\/p>\n","protected":false},"author":24,"featured_media":0,"parent":0,"menu_order":1,"comment_status":"closed","ping_status":"closed","template":"","meta":{"footnotes":""},"class_list":["post-6","page","type-page","status-publish","hentry"],"_links":{"self":[{"href":"https:\/\/ultimato.com.br\/sites\/discipulado-igreja-local\/wp-json\/wp\/v2\/pages\/6","targetHints":{"allow":["GET"]}}],"collection":[{"href":"https:\/\/ultimato.com.br\/sites\/discipulado-igreja-local\/wp-json\/wp\/v2\/pages"}],"about":[{"href":"https:\/\/ultimato.com.br\/sites\/discipulado-igreja-local\/wp-json\/wp\/v2\/types\/page"}],"author":[{"embeddable":true,"href":"https:\/\/ultimato.com.br\/sites\/discipulado-igreja-local\/wp-json\/wp\/v2\/users\/24"}],"replies":[{"embeddable":true,"href":"https:\/\/ultimato.com.br\/sites\/discipulado-igreja-local\/wp-json\/wp\/v2\/comments?post=6"}],"version-history":[{"count":4,"href":"https:\/\/ultimato.com.br\/sites\/discipulado-igreja-local\/wp-json\/wp\/v2\/pages\/6\/revisions"}],"predecessor-version":[{"id":52,"href":"https:\/\/ultimato.com.br\/sites\/discipulado-igreja-local\/wp-json\/wp\/v2\/pages\/6\/revisions\/52"}],"wp:attachment":[{"href":"https:\/\/ultimato.com.br\/sites\/discipulado-igreja-local\/wp-json\/wp\/v2\/media?parent=6"}],"curies":[{"name":"wp","href":"https:\/\/api.w.org\/{rel}","templated":true}]}}