{"id":11,"date":"2017-08-07T13:39:24","date_gmt":"2017-08-07T16:39:24","guid":{"rendered":"http:\/\/ultimato.com.br\/sites\/discipulado-igreja-local\/?page_id=11"},"modified":"2017-08-16T08:31:07","modified_gmt":"2017-08-16T11:31:07","slug":"o-autor","status":"publish","type":"page","link":"https:\/\/ultimato.com.br\/sites\/discipulado-igreja-local\/o-autor\/","title":{"rendered":"O Autor"},"content":{"rendered":"<p><img loading=\"lazy\" decoding=\"async\" class=\"alignleft wp-image-26 size-thumbnail\" src=\"http:\/\/ultimato.com.br\/sites\/discipulado-igreja-local\/files\/2017\/08\/pope-150x150.jpg\" alt=\"\" width=\"150\" height=\"150\" srcset=\"https:\/\/ultimato.com.br\/sites\/discipulado-igreja-local\/files\/2017\/08\/pope-150x150.jpg 150w, https:\/\/ultimato.com.br\/sites\/discipulado-igreja-local\/files\/2017\/08\/pope.jpg 300w\" sizes=\"auto, (max-width: 150px) 100vw, 150px\" \/><br \/>\nPastor titular e fundador da Igreja Perimeter, em Atlanta, nos Estados Unidos, Randy Pope \u00e9 um dos mais conhecidos e influentes l\u00edderes na \u00e1rea de forma\u00e7\u00e3o espiritual e discipulado. \u00c9 graduado pela Universidade do Alabama e pelo Reformed Theological Seminary. Autor de v\u00e1rios livros e conferencista internacional, \u00e9 tamb\u00e9m fundador e coordenador do Minist\u00e9rio Life-On-Life para treinamento de l\u00edderes em todo o mundo na miss\u00e3o de fazer disc\u00edpulos.<\/p>\n","protected":false},"excerpt":{"rendered":"<p>Pastor titular e fundador da Igreja Perimeter, em Atlanta, nos Estados Unidos, Randy Pope \u00e9 um dos mais conhecidos e influentes l\u00edderes na \u00e1rea de forma\u00e7\u00e3o espiritual e discipulado. \u00c9 graduado pela Universidade do Alabama e pelo Reformed Theological Seminary. Autor de v\u00e1rios livros e conferencista internacional, \u00e9 tamb\u00e9m fundador e coordenador do Minist\u00e9rio Life-On-Life [&hellip;]<\/p>\n","protected":false},"author":24,"featured_media":0,"parent":0,"menu_order":3,"comment_status":"closed","ping_status":"closed","template":"","meta":{"footnotes":""},"class_list":["post-11","page","type-page","status-publish","hentry"],"_links":{"self":[{"href":"https:\/\/ultimato.com.br\/sites\/discipulado-igreja-local\/wp-json\/wp\/v2\/pages\/11","targetHints":{"allow":["GET"]}}],"collection":[{"href":"https:\/\/ultimato.com.br\/sites\/discipulado-igreja-local\/wp-json\/wp\/v2\/pages"}],"about":[{"href":"https:\/\/ultimato.com.br\/sites\/discipulado-igreja-local\/wp-json\/wp\/v2\/types\/page"}],"author":[{"embeddable":true,"href":"https:\/\/ultimato.com.br\/sites\/discipulado-igreja-local\/wp-json\/wp\/v2\/users\/24"}],"replies":[{"embeddable":true,"href":"https:\/\/ultimato.com.br\/sites\/discipulado-igreja-local\/wp-json\/wp\/v2\/comments?post=11"}],"version-history":[{"count":4,"href":"https:\/\/ultimato.com.br\/sites\/discipulado-igreja-local\/wp-json\/wp\/v2\/pages\/11\/revisions"}],"predecessor-version":[{"id":56,"href":"https:\/\/ultimato.com.br\/sites\/discipulado-igreja-local\/wp-json\/wp\/v2\/pages\/11\/revisions\/56"}],"wp:attachment":[{"href":"https:\/\/ultimato.com.br\/sites\/discipulado-igreja-local\/wp-json\/wp\/v2\/media?parent=11"}],"curies":[{"name":"wp","href":"https:\/\/api.w.org\/{rel}","templated":true}]}}