{"id":6,"date":"2010-09-24T11:06:21","date_gmt":"2010-09-24T14:06:21","guid":{"rendered":"http:\/\/ultimato.com.br\/sites\/devocionario-jesus\/"},"modified":"2010-10-07T11:55:05","modified_gmt":"2010-10-07T14:55:05","slug":"o-livro","status":"publish","type":"page","link":"https:\/\/ultimato.com.br\/sites\/devocionario-jesus\/o-livro\/","title":{"rendered":"O livro"},"content":{"rendered":"<p>\u201cRevolucion\u00e1rios marxistas, judeus ortodoxos, hindus, mul\u00e7umanos e a jovem contracultura ocidental \u2014 todos sentem o seu encanto; nenhum deles pode desvencilhar-se do fasc\u00ednio de Jesus Cristo.\u201d<br \/>\n<em>\u2013 John Stott<\/em><\/p>\n<p>A express\u00e3o \u201cEu sou\u201d de Jesus  \u2014 \u201cEu sou o p\u00e3o da vida\u201d, \u201cEu sou o bom pastor\u201d, \u201cEu sou o caminho, a verdade e a vida\u201d, entre outras \u2014 aparece v\u00e1rias vezes na B\u00edblia. Para alguns, tais declara\u00e7\u00f5es podem sugerir arrog\u00e2ncia. Por\u00e9m, a eventual suspeita desaparece quando conhecemos o Jesus das Escrituras. Jesus Cristo \u00e9 o \u00fanico cuja hist\u00f3ria n\u00e3o tem in\u00edcio no dia do nascimento nem termina no dia da morte. Ela termina onde come\u00e7a e come\u00e7a onde termina. E, mais, ele torna-se como n\u00f3s, humaniza-se. N\u00e3o finge que \u00e9 Deus nem que \u00e9 homem. \u00c9 ambos ao mesmo tempo e o tempo todo.<\/p>\n<p><strong>Refei\u00e7\u00f5es Di\u00e1rias com Jesus<\/strong> pretende tornar Jesus mais conhecido, mais lembrado e mais amado. E, assim, encher de alegria e seguran\u00e7a os crentes de hoje, de tal forma que todos queiram estar ao lado dele o ano todo.<\/p>\n<h3><span style=\"color: #ffcc00;\">O que disseram<\/span><\/h3>\n<p>\u201cEstas medita\u00e7\u00f5es s\u00e3o fruto de uma vida inteira de intimidade com Deus, cultivada no secreto e exemplo de maturidade para todos n\u00f3s!\u201d<br \/>\n<em>&#8212; Isabelle Ludovico<\/em><\/p>\n<p style=\"text-align: right;\">\u201c<strong>Refei\u00e7\u00f5es Di\u00e1rias com Jesus<\/strong> \u00e9 &#8220;p\u00e3o, p\u00e3o, queijo, queijo&#8221;. \u201cP\u00e3o, p\u00e3o\u201d porque \u00e9 alimento para a alma. \u201cQueijo, queijo\u201d porque \u00e9 uma del\u00edcia de leitura.\u201d<br \/>\n<em>&#8212; Marcelo Gualberto<\/em><\/p>\n<p style=\"text-align: left;\">\u201c<strong>Refei\u00e7\u00f5es Di\u00e1rias com Jesus<\/strong> nos convida a caminhar com Jesus e, ao seu lado, nosso dia \u2014 qualquer dia \u2014 ganha nova luz, nova alegria e, sobretudo, uma contagiante confian\u00e7a no Pai.\u201d<br \/>\n<em>&#8212; Ronaldo Lid\u00f3rio<\/em><\/p>\n<p style=\"text-align: right;\">&#8220;Reflex\u00f5es simples e profundas sobre a pessoa de Jesus, o Cristo. Um bom guia para nos ajudar a dar uma pausa, colocarmos de novo nossos olhos nEle e seguir em frente com  uma nova perspectiva.&#8221;<br \/>\n<em>&#8212; Ruth Borges<\/em><\/p>\n<p style=\"text-align: left;\">&#8220;Para o curioso que rec\u00e9m chega a conhecer a Jesus, para o religioso que pensava que o conhecia, para o disc\u00edpulo que sempre deseja conhecer mais, essa \u00e9 a leitura prop\u00edcia.&#8221;<br \/>\n<em>&#8212; Ricardo Wesley M. Borges<\/em><\/p>\n","protected":false},"excerpt":{"rendered":"<p>\u201cRevolucion\u00e1rios marxistas, judeus ortodoxos, hindus, mul\u00e7umanos e a jovem contracultura ocidental \u2014 todos sentem o seu encanto; nenhum deles pode desvencilhar-se do fasc\u00ednio de Jesus Cristo.\u201d \u2013 John Stott A express\u00e3o \u201cEu sou\u201d de Jesus \u2014 \u201cEu sou o p\u00e3o da vida\u201d, \u201cEu sou o bom pastor\u201d, \u201cEu sou o caminho, a verdade e a [&hellip;]<\/p>\n","protected":false},"author":4,"featured_media":0,"parent":0,"menu_order":1,"comment_status":"open","ping_status":"open","template":"","meta":{"ngg_post_thumbnail":0,"footnotes":""},"class_list":["post-6","page","type-page","status-publish","hentry"],"_links":{"self":[{"href":"https:\/\/ultimato.com.br\/sites\/devocionario-jesus\/wp-json\/wp\/v2\/pages\/6","targetHints":{"allow":["GET"]}}],"collection":[{"href":"https:\/\/ultimato.com.br\/sites\/devocionario-jesus\/wp-json\/wp\/v2\/pages"}],"about":[{"href":"https:\/\/ultimato.com.br\/sites\/devocionario-jesus\/wp-json\/wp\/v2\/types\/page"}],"author":[{"embeddable":true,"href":"https:\/\/ultimato.com.br\/sites\/devocionario-jesus\/wp-json\/wp\/v2\/users\/4"}],"replies":[{"embeddable":true,"href":"https:\/\/ultimato.com.br\/sites\/devocionario-jesus\/wp-json\/wp\/v2\/comments?post=6"}],"version-history":[{"count":11,"href":"https:\/\/ultimato.com.br\/sites\/devocionario-jesus\/wp-json\/wp\/v2\/pages\/6\/revisions"}],"predecessor-version":[{"id":120,"href":"https:\/\/ultimato.com.br\/sites\/devocionario-jesus\/wp-json\/wp\/v2\/pages\/6\/revisions\/120"}],"wp:attachment":[{"href":"https:\/\/ultimato.com.br\/sites\/devocionario-jesus\/wp-json\/wp\/v2\/media?parent=6"}],"curies":[{"name":"wp","href":"https:\/\/api.w.org\/{rel}","templated":true}]}}