{"id":42,"date":"2010-09-24T11:30:35","date_gmt":"2010-09-24T14:30:35","guid":{"rendered":"http:\/\/ultimato.com.br\/sites\/devocionario-jesus\/"},"modified":"2010-10-13T08:45:25","modified_gmt":"2010-10-13T11:45:25","slug":"musicas","status":"publish","type":"page","link":"https:\/\/ultimato.com.br\/sites\/devocionario-jesus\/multimidia\/musicas\/","title":{"rendered":"M\u00fasicas"},"content":{"rendered":"<p>Conhe\u00e7a tamb\u00e9m o CD <strong>\u201cH\u00e1 40 anos Jesus na letra e na m\u00fasica\u201d<\/strong>.\u00a0Com este CD celebramos os 40 anos da revista <strong>Ultimato<\/strong> e 40 anos dos Vencedores por Cristo. Se algu\u00e9m se der ao trabalho de passar os olhos nas edi\u00e7\u00f5es j\u00e1 publicadas da revista e de escutar as m\u00fasicas gravadas por Vencedores por Cristo, no mesmo per\u00edodo, vai encontrar muitas declara\u00e7\u00f5es de f\u00e9 e de conforto em Jesus Cristo!\u00a0Selecionamos can\u00e7\u00f5es cujo tema principal \u00e9 o Senhor Jesus, com o objetivo de reafirmar nosso compromisso de manter Jesus no centro.<\/p>\n","protected":false},"excerpt":{"rendered":"<p>Conhe\u00e7a tamb\u00e9m o CD \u201cH\u00e1 40 anos Jesus na letra e na m\u00fasica\u201d.\u00a0Com este CD celebramos os 40 anos da revista Ultimato e 40 anos dos Vencedores por Cristo. Se algu\u00e9m se der ao trabalho de passar os olhos nas edi\u00e7\u00f5es j\u00e1 publicadas da revista e de escutar as m\u00fasicas gravadas por Vencedores por Cristo, [&hellip;]<\/p>\n","protected":false},"author":4,"featured_media":0,"parent":14,"menu_order":4,"comment_status":"open","ping_status":"open","template":"","meta":{"ngg_post_thumbnail":0,"footnotes":""},"class_list":["post-42","page","type-page","status-publish","hentry"],"_links":{"self":[{"href":"https:\/\/ultimato.com.br\/sites\/devocionario-jesus\/wp-json\/wp\/v2\/pages\/42","targetHints":{"allow":["GET"]}}],"collection":[{"href":"https:\/\/ultimato.com.br\/sites\/devocionario-jesus\/wp-json\/wp\/v2\/pages"}],"about":[{"href":"https:\/\/ultimato.com.br\/sites\/devocionario-jesus\/wp-json\/wp\/v2\/types\/page"}],"author":[{"embeddable":true,"href":"https:\/\/ultimato.com.br\/sites\/devocionario-jesus\/wp-json\/wp\/v2\/users\/4"}],"replies":[{"embeddable":true,"href":"https:\/\/ultimato.com.br\/sites\/devocionario-jesus\/wp-json\/wp\/v2\/comments?post=42"}],"version-history":[{"count":6,"href":"https:\/\/ultimato.com.br\/sites\/devocionario-jesus\/wp-json\/wp\/v2\/pages\/42\/revisions"}],"predecessor-version":[{"id":130,"href":"https:\/\/ultimato.com.br\/sites\/devocionario-jesus\/wp-json\/wp\/v2\/pages\/42\/revisions\/130"}],"up":[{"embeddable":true,"href":"https:\/\/ultimato.com.br\/sites\/devocionario-jesus\/wp-json\/wp\/v2\/pages\/14"}],"wp:attachment":[{"href":"https:\/\/ultimato.com.br\/sites\/devocionario-jesus\/wp-json\/wp\/v2\/media?parent=42"}],"curies":[{"name":"wp","href":"https:\/\/api.w.org\/{rel}","templated":true}]}}