{"id":40,"date":"2010-09-24T11:29:38","date_gmt":"2010-09-24T14:29:38","guid":{"rendered":"http:\/\/ultimato.com.br\/sites\/devocionario-jesus\/"},"modified":"2010-09-27T12:04:11","modified_gmt":"2010-09-27T15:04:11","slug":"papel-de-parede","status":"publish","type":"page","link":"https:\/\/ultimato.com.br\/sites\/devocionario-jesus\/multimidia\/papel-de-parede\/","title":{"rendered":"Papel de parede"},"content":{"rendered":"<p>Baixe <a href=\"\/file\/hotsites\/papel_parede\/papeldeparede_devoc2011.zip\" target=\"_self\">aqui<\/a> a op\u00e7\u00e3o abaixo de papel de parede do Devocion\u00e1rio 2011 para o seu micro.<\/p>\n<p><a href=\"http:\/\/ultimato.com.br\/sites\/devocionario-jesus\/files\/2010\/09\/papeldeparede_devoc.jpg\" class=\"lightview\" data-lightview-group=\"group-40\" data-lightview-options=\"skin: 'dark', controls: 'relative', padding: '10', shadow: { color: '#000000', opacity: 0.08, blur: 3 }\" data-lightview-title=\"Devocion\u00e1rio 2011\"><img loading=\"lazy\" decoding=\"async\" class=\"alignleft size-thumbnail wp-image-107\" title=\"Devocion\u00e1rio 2011\" src=\"http:\/\/ultimato.com.br\/sites\/devocionario-jesus\/files\/2010\/09\/papeldeparede_devoc-150x150.jpg\" alt=\"\" width=\"150\" height=\"150\" \/><\/a><\/p>\n","protected":false},"excerpt":{"rendered":"<p>Baixe aqui a op\u00e7\u00e3o abaixo de papel de parede do Devocion\u00e1rio 2011 para o seu micro.<\/p>\n","protected":false},"author":4,"featured_media":0,"parent":14,"menu_order":3,"comment_status":"open","ping_status":"open","template":"","meta":{"ngg_post_thumbnail":0,"footnotes":""},"class_list":["post-40","page","type-page","status-publish","hentry"],"_links":{"self":[{"href":"https:\/\/ultimato.com.br\/sites\/devocionario-jesus\/wp-json\/wp\/v2\/pages\/40","targetHints":{"allow":["GET"]}}],"collection":[{"href":"https:\/\/ultimato.com.br\/sites\/devocionario-jesus\/wp-json\/wp\/v2\/pages"}],"about":[{"href":"https:\/\/ultimato.com.br\/sites\/devocionario-jesus\/wp-json\/wp\/v2\/types\/page"}],"author":[{"embeddable":true,"href":"https:\/\/ultimato.com.br\/sites\/devocionario-jesus\/wp-json\/wp\/v2\/users\/4"}],"replies":[{"embeddable":true,"href":"https:\/\/ultimato.com.br\/sites\/devocionario-jesus\/wp-json\/wp\/v2\/comments?post=40"}],"version-history":[{"count":6,"href":"https:\/\/ultimato.com.br\/sites\/devocionario-jesus\/wp-json\/wp\/v2\/pages\/40\/revisions"}],"predecessor-version":[{"id":110,"href":"https:\/\/ultimato.com.br\/sites\/devocionario-jesus\/wp-json\/wp\/v2\/pages\/40\/revisions\/110"}],"up":[{"embeddable":true,"href":"https:\/\/ultimato.com.br\/sites\/devocionario-jesus\/wp-json\/wp\/v2\/pages\/14"}],"wp:attachment":[{"href":"https:\/\/ultimato.com.br\/sites\/devocionario-jesus\/wp-json\/wp\/v2\/media?parent=40"}],"curies":[{"name":"wp","href":"https:\/\/api.w.org\/{rel}","templated":true}]}}