{"id":34,"date":"2010-09-24T11:23:13","date_gmt":"2010-09-24T14:23:13","guid":{"rendered":"http:\/\/ultimato.com.br\/sites\/devocionario-jesus\/"},"modified":"2010-10-27T07:30:26","modified_gmt":"2010-10-27T10:30:26","slug":"concurso-desenho","status":"publish","type":"page","link":"https:\/\/ultimato.com.br\/sites\/devocionario-jesus\/interativo\/concurso-desenho\/","title":{"rendered":"Concurso desenho e fotos"},"content":{"rendered":"<p>Envie para <a href=\"ultimato@ultimato.com.br\">ultimato@ultimato.com.br<\/a> um desenho feito por voc\u00ea ou uma foto que voc\u00ea tirou que reflita a express\u00e3o \u201cmeu momento de comunh\u00e3o\u201d. Os 2 (dois) mais votados pela equipe Ultimato receber\u00e3o o devocion\u00e1rio <strong>Refei\u00e7\u00f5es Di\u00e1rias com Jesus<\/strong>.<\/p>\n<p>Data limite para participar: <strong>12 de novembro de 2010<br \/>\n<\/strong>Resultado da promo\u00e7\u00e3o: <strong>19 de novembro de 2010<\/strong><\/p>\n","protected":false},"excerpt":{"rendered":"<p>Envie para ultimato@ultimato.com.br um desenho feito por voc\u00ea ou uma foto que voc\u00ea tirou que reflita a express\u00e3o \u201cmeu momento de comunh\u00e3o\u201d. Os 2 (dois) mais votados pela equipe Ultimato receber\u00e3o o devocion\u00e1rio Refei\u00e7\u00f5es Di\u00e1rias com Jesus. Data limite para participar: 12 de novembro de 2010 Resultado da promo\u00e7\u00e3o: 19 de novembro de 2010<\/p>\n","protected":false},"author":4,"featured_media":0,"parent":12,"menu_order":3,"comment_status":"open","ping_status":"open","template":"","meta":{"ngg_post_thumbnail":0,"footnotes":""},"class_list":["post-34","page","type-page","status-publish","hentry"],"_links":{"self":[{"href":"https:\/\/ultimato.com.br\/sites\/devocionario-jesus\/wp-json\/wp\/v2\/pages\/34","targetHints":{"allow":["GET"]}}],"collection":[{"href":"https:\/\/ultimato.com.br\/sites\/devocionario-jesus\/wp-json\/wp\/v2\/pages"}],"about":[{"href":"https:\/\/ultimato.com.br\/sites\/devocionario-jesus\/wp-json\/wp\/v2\/types\/page"}],"author":[{"embeddable":true,"href":"https:\/\/ultimato.com.br\/sites\/devocionario-jesus\/wp-json\/wp\/v2\/users\/4"}],"replies":[{"embeddable":true,"href":"https:\/\/ultimato.com.br\/sites\/devocionario-jesus\/wp-json\/wp\/v2\/comments?post=34"}],"version-history":[{"count":9,"href":"https:\/\/ultimato.com.br\/sites\/devocionario-jesus\/wp-json\/wp\/v2\/pages\/34\/revisions"}],"predecessor-version":[{"id":159,"href":"https:\/\/ultimato.com.br\/sites\/devocionario-jesus\/wp-json\/wp\/v2\/pages\/34\/revisions\/159"}],"up":[{"embeddable":true,"href":"https:\/\/ultimato.com.br\/sites\/devocionario-jesus\/wp-json\/wp\/v2\/pages\/12"}],"wp:attachment":[{"href":"https:\/\/ultimato.com.br\/sites\/devocionario-jesus\/wp-json\/wp\/v2\/media?parent=34"}],"curies":[{"name":"wp","href":"https:\/\/api.w.org\/{rel}","templated":true}]}}