{"id":32,"date":"2010-09-24T11:22:50","date_gmt":"2010-09-24T14:22:50","guid":{"rendered":"http:\/\/ultimato.com.br\/sites\/devocionario-jesus\/"},"modified":"2010-12-27T15:55:05","modified_gmt":"2010-12-27T18:55:05","slug":"concurso-frase","status":"publish","type":"page","link":"https:\/\/ultimato.com.br\/sites\/devocionario-jesus\/interativo\/concurso-frase\/","title":{"rendered":"Concurso frase"},"content":{"rendered":"<p>Escreva aqui, no espa\u00e7o de coment\u00e1rios, uma frase (<span style=\"color: #ff0000;\">de at\u00e9 140 caracteres<\/span>) sobre comunh\u00e3o com Jesus a partir do t\u00edtulo \u201c\u00c0 mesa com Jesus\u201d. As 3 (tr\u00eas) mais votadas pela equipe Ultimato receber\u00e3o o devocion\u00e1rio <strong>Refei\u00e7\u00f5es Di\u00e1rias com Jesus<\/strong>.<\/p>\n<p>Data limite para participar: <strong>12 de novembro de 2010<\/strong><br \/>\nResultado da promo\u00e7\u00e3o: <strong>19<\/strong><strong> de novembro de 2010 <\/strong><\/p>\n<p><em><strong>Os ganhadores foram:<br \/>\n<\/strong>Marcos Pedrazzini<br \/>\nKarina de Almeida Lins<br \/>\nRenner Boldrino<\/em><\/p>\n<p><strong><span style=\"color: #ff0000;\">Aten\u00e7\u00e3o:<\/span><\/strong><strong> <\/strong>s\u00f3 poder\u00e3o concorrer as frases com at\u00e9 140 caracteres!<\/p>\n","protected":false},"excerpt":{"rendered":"<p>Escreva aqui, no espa\u00e7o de coment\u00e1rios, uma frase (de at\u00e9 140 caracteres) sobre comunh\u00e3o com Jesus a partir do t\u00edtulo \u201c\u00c0 mesa com Jesus\u201d. As 3 (tr\u00eas) mais votadas pela equipe Ultimato receber\u00e3o o devocion\u00e1rio Refei\u00e7\u00f5es Di\u00e1rias com Jesus. Data limite para participar: 12 de novembro de 2010 Resultado da promo\u00e7\u00e3o: 19 de novembro de [&hellip;]<\/p>\n","protected":false},"author":4,"featured_media":0,"parent":12,"menu_order":2,"comment_status":"open","ping_status":"open","template":"","meta":{"ngg_post_thumbnail":0,"footnotes":""},"class_list":["post-32","page","type-page","status-publish","hentry"],"_links":{"self":[{"href":"https:\/\/ultimato.com.br\/sites\/devocionario-jesus\/wp-json\/wp\/v2\/pages\/32","targetHints":{"allow":["GET"]}}],"collection":[{"href":"https:\/\/ultimato.com.br\/sites\/devocionario-jesus\/wp-json\/wp\/v2\/pages"}],"about":[{"href":"https:\/\/ultimato.com.br\/sites\/devocionario-jesus\/wp-json\/wp\/v2\/types\/page"}],"author":[{"embeddable":true,"href":"https:\/\/ultimato.com.br\/sites\/devocionario-jesus\/wp-json\/wp\/v2\/users\/4"}],"replies":[{"embeddable":true,"href":"https:\/\/ultimato.com.br\/sites\/devocionario-jesus\/wp-json\/wp\/v2\/comments?post=32"}],"version-history":[{"count":11,"href":"https:\/\/ultimato.com.br\/sites\/devocionario-jesus\/wp-json\/wp\/v2\/pages\/32\/revisions"}],"predecessor-version":[{"id":55,"href":"https:\/\/ultimato.com.br\/sites\/devocionario-jesus\/wp-json\/wp\/v2\/pages\/32\/revisions\/55"}],"up":[{"embeddable":true,"href":"https:\/\/ultimato.com.br\/sites\/devocionario-jesus\/wp-json\/wp\/v2\/pages\/12"}],"wp:attachment":[{"href":"https:\/\/ultimato.com.br\/sites\/devocionario-jesus\/wp-json\/wp\/v2\/media?parent=32"}],"curies":[{"name":"wp","href":"https:\/\/api.w.org\/{rel}","templated":true}]}}