{"id":30,"date":"2010-09-24T11:22:29","date_gmt":"2010-09-24T14:22:29","guid":{"rendered":"http:\/\/ultimato.com.br\/sites\/devocionario-jesus\/"},"modified":"2010-09-24T11:39:43","modified_gmt":"2010-09-24T14:39:43","slug":"forum","status":"publish","type":"page","link":"https:\/\/ultimato.com.br\/sites\/devocionario-jesus\/interativo\/forum\/","title":{"rendered":"F\u00f3rum"},"content":{"rendered":"<p>Criamos este espa\u00e7o para que voc\u00ea possa compartilhar, relatar sua convers\u00e3o. Participe!<\/p>\n","protected":false},"excerpt":{"rendered":"<p>Criamos este espa\u00e7o para que voc\u00ea possa compartilhar, relatar sua convers\u00e3o. Participe!<\/p>\n","protected":false},"author":4,"featured_media":0,"parent":12,"menu_order":1,"comment_status":"closed","ping_status":"open","template":"","meta":{"ngg_post_thumbnail":0,"footnotes":""},"class_list":["post-30","page","type-page","status-publish","hentry"],"_links":{"self":[{"href":"https:\/\/ultimato.com.br\/sites\/devocionario-jesus\/wp-json\/wp\/v2\/pages\/30","targetHints":{"allow":["GET"]}}],"collection":[{"href":"https:\/\/ultimato.com.br\/sites\/devocionario-jesus\/wp-json\/wp\/v2\/pages"}],"about":[{"href":"https:\/\/ultimato.com.br\/sites\/devocionario-jesus\/wp-json\/wp\/v2\/types\/page"}],"author":[{"embeddable":true,"href":"https:\/\/ultimato.com.br\/sites\/devocionario-jesus\/wp-json\/wp\/v2\/users\/4"}],"replies":[{"embeddable":true,"href":"https:\/\/ultimato.com.br\/sites\/devocionario-jesus\/wp-json\/wp\/v2\/comments?post=30"}],"version-history":[{"count":3,"href":"https:\/\/ultimato.com.br\/sites\/devocionario-jesus\/wp-json\/wp\/v2\/pages\/30\/revisions"}],"predecessor-version":[{"id":49,"href":"https:\/\/ultimato.com.br\/sites\/devocionario-jesus\/wp-json\/wp\/v2\/pages\/30\/revisions\/49"}],"up":[{"embeddable":true,"href":"https:\/\/ultimato.com.br\/sites\/devocionario-jesus\/wp-json\/wp\/v2\/pages\/12"}],"wp:attachment":[{"href":"https:\/\/ultimato.com.br\/sites\/devocionario-jesus\/wp-json\/wp\/v2\/media?parent=30"}],"curies":[{"name":"wp","href":"https:\/\/api.w.org\/{rel}","templated":true}]}}