{"id":68,"date":"2013-04-30T19:13:48","date_gmt":"2013-04-30T22:13:48","guid":{"rendered":"http:\/\/ultimato.com.br\/sites\/devocional-diaria\/?page_id=68"},"modified":"2020-11-05T12:53:53","modified_gmt":"2020-11-05T14:53:53","slug":"devocionarios","status":"publish","type":"page","link":"https:\/\/ultimato.com.br\/sites\/devocional-diaria\/devocionarios\/","title":{"rendered":"Devocion\u00e1rios"},"content":{"rendered":"<ul>\n<li><a href=\"http:\/\/www.ultimato.com.br\/loja\/produtos\/a-biblia-toda-o-ano-todo\" target=\"_blank\" rel=\"noopener noreferrer\">A B\u00edblia Toda, o Ano Todo<\/a><\/li>\n<li><a href=\"https:\/\/www.ultimato.com.br\/loja\/produtos\/conhecendo-a-deus-ao-longo-do-ano\" target=\"_blank\" rel=\"noopener noreferrer\">Conhecendo a Deus ao Longo do Ano<\/a><\/li>\n<li><a href=\"http:\/\/www.ultimato.com.br\/loja\/produtos\/cuide-das-raizes-espere-pelos-frutos\" target=\"_blank\" rel=\"noopener noreferrer\">Cuide das Ra\u00edzes, Espere Pelos Frutos<\/a><\/li>\n<li><a href=\"http:\/\/www.ultimato.com.br\/loja\/produtos\/leituras-diarias-das-cronicas-de-narnia\" target=\"_blank\" rel=\"noopener noreferrer\">Leituras Di\u00e1rias das Cr\u00f4nicas de N\u00e1rnia \u2013 Um Ano com Aslam<\/a><\/li>\n<li><a href=\"https:\/\/www.ultimato.com.br\/loja\/produtos\/o-caminho\" target=\"_blank\" rel=\"noopener noreferrer\">O Caminho \u2013 Medita\u00e7\u00f5es Di\u00e1rias<\/a><\/li>\n<li><a href=\"https:\/\/www.ultimato.com.br\/loja\/produtos\/refeicoes-diarias-celebrando-a-reconciliacao\" target=\"_blank\" rel=\"noopener noreferrer\">Refei\u00e7\u00f5es Di\u00e1rias \u2013 Celebrando a Reconcilia\u00e7\u00e3o<\/a><\/li>\n<li><a href=\"http:\/\/www.ultimato.com.br\/loja\/produtos\/refeicoes-diarias-com-jesus\" target=\"_blank\" rel=\"noopener noreferrer\">Refei\u00e7\u00f5es Di\u00e1rias com Jesus<\/a><\/li>\n<li><a href=\"http:\/\/www.ultimato.com.br\/loja\/produtos\/refeicoes-diarias-com-o-sabor-dos-salmos\" target=\"_blank\" rel=\"noopener noreferrer\">Refei\u00e7\u00f5es Di\u00e1rias com o Sabor dos Salmos<\/a><\/li>\n<li><a href=\"http:\/\/www.ultimato.com.br\/loja\/produtos\/refeicoes-diarias-com-os-discipulos\" target=\"_blank\" rel=\"noopener noreferrer\">Refei\u00e7\u00f5es Di\u00e1rias com os Disc\u00edpulos<\/a><\/li>\n<li><a href=\"http:\/\/www.ultimato.com.br\/loja\/produtos\/refeicoes-diarias-com-os-profetas-menores\" target=\"_blank\" rel=\"noopener noreferrer\">Refei\u00e7\u00f5es Di\u00e1rias com os Profetas Menores<\/a><\/li>\n<li><a href=\"http:\/\/www.ultimato.com.br\/loja\/produtos\/refeicoes-diarias\" target=\"_blank\" rel=\"noopener noreferrer\">Refei\u00e7\u00f5es Di\u00e1rias, no Partir do P\u00e3o e na Ora\u00e7\u00e3o<\/a><\/li>\n<li><a href=\"http:\/\/www.ultimato.com.br\/loja\/produtos\/somente-a-fe\" target=\"_blank\" rel=\"noopener noreferrer\">Somente a F\u00e9&nbsp;\u2013 Um ano com Lutero<\/a><\/li>\n<li><a href=\"http:\/\/www.ultimato.com.br\/loja\/produtos\/um-ano-com-c-s-lewis\" target=\"_blank\" rel=\"noopener noreferrer\">Um Ano com C. S. Lewis<\/a><\/li>\n<li><a href=\"http:\/\/www.ultimato.com.br\/loja\/produtos\/um-ano-com-jesus\" target=\"_blank\" rel=\"noopener noreferrer\">Um Ano com Jesus<\/a><\/li>\n<\/ul>\n","protected":false},"excerpt":{"rendered":"<p>A B\u00edblia Toda, o Ano Todo Conhecendo a Deus ao Longo do Ano Cuide das Ra\u00edzes, Espere Pelos Frutos Leituras Di\u00e1rias das Cr\u00f4nicas de N\u00e1rnia \u2013 Um Ano com Aslam O Caminho \u2013 Medita\u00e7\u00f5es Di\u00e1rias Refei\u00e7\u00f5es Di\u00e1rias \u2013 Celebrando a Reconcilia\u00e7\u00e3o Refei\u00e7\u00f5es Di\u00e1rias com Jesus Refei\u00e7\u00f5es Di\u00e1rias com o Sabor dos Salmos Refei\u00e7\u00f5es Di\u00e1rias com [&hellip;]<\/p>\n","protected":false},"author":21,"featured_media":0,"parent":0,"menu_order":0,"comment_status":"closed","ping_status":"closed","template":"","meta":{"ngg_post_thumbnail":0,"footnotes":""},"class_list":["post-68","page","type-page","status-publish","hentry"],"publishpress_future_action":{"enabled":false,"date":"2026-05-02 18:25:57","action":"change-status","newStatus":"draft","terms":[],"taxonomy":"","extraData":[]},"publishpress_future_workflow_manual_trigger":{"enabledWorkflows":[]},"_links":{"self":[{"href":"https:\/\/ultimato.com.br\/sites\/devocional-diaria\/wp-json\/wp\/v2\/pages\/68","targetHints":{"allow":["GET"]}}],"collection":[{"href":"https:\/\/ultimato.com.br\/sites\/devocional-diaria\/wp-json\/wp\/v2\/pages"}],"about":[{"href":"https:\/\/ultimato.com.br\/sites\/devocional-diaria\/wp-json\/wp\/v2\/types\/page"}],"author":[{"embeddable":true,"href":"https:\/\/ultimato.com.br\/sites\/devocional-diaria\/wp-json\/wp\/v2\/users\/21"}],"replies":[{"embeddable":true,"href":"https:\/\/ultimato.com.br\/sites\/devocional-diaria\/wp-json\/wp\/v2\/comments?post=68"}],"version-history":[{"count":33,"href":"https:\/\/ultimato.com.br\/sites\/devocional-diaria\/wp-json\/wp\/v2\/pages\/68\/revisions"}],"predecessor-version":[{"id":8187,"href":"https:\/\/ultimato.com.br\/sites\/devocional-diaria\/wp-json\/wp\/v2\/pages\/68\/revisions\/8187"}],"wp:attachment":[{"href":"https:\/\/ultimato.com.br\/sites\/devocional-diaria\/wp-json\/wp\/v2\/media?parent=68"}],"curies":[{"name":"wp","href":"https:\/\/api.w.org\/{rel}","templated":true}]}}