{"id":18,"date":"2013-04-29T20:06:27","date_gmt":"2013-04-29T23:06:27","guid":{"rendered":"http:\/\/ultimato.com.br\/sites\/devocional-diaria\/?page_id=18"},"modified":"2018-01-04T12:14:32","modified_gmt":"2018-01-04T14:14:32","slug":"sobre","status":"publish","type":"page","link":"https:\/\/ultimato.com.br\/sites\/devocional-diaria\/sobre\/","title":{"rendered":"Sobre"},"content":{"rendered":"<p>O site <em>Devocional Di\u00e1ria<\/em> re\u00fane uma preciosa colet\u00e2nea de medita\u00e7\u00f5es di\u00e1rias de autores como C. S. Lewis, John Stott e Elben C\u00e9sar, o fundador da Editora Ultimato.<\/p>\n<p>A cada dia somos guiados pelos autores por toda a narrativa b\u00edblica. Dos profetas menores aos primeiros dias da igreja no Novo Testamento. Das leituras di\u00e1rias selecionadas dos cl\u00e1ssicos de um dos principais defensores da f\u00e9 crist\u00e3 do \u00faltimo s\u00e9culo, at\u00e9 a celebra\u00e7\u00e3o do conte\u00fado b\u00edblico por um dos mais influentes e queridos pastores dos \u00faltimos anos.<\/p>\n<p>A sele\u00e7\u00e3o e publica\u00e7\u00e3o de cada devocional di\u00e1ria obedece o calend\u00e1rio lit\u00fargico da igreja, com especial aten\u00e7\u00e3o para as datas de celebra\u00e7\u00e3o da f\u00e9 crist\u00e3. Ultimato quer dar ao leitor a possibilidade de conhecer melhor, lembrar-se mais, compartilhar e amar de todo cora\u00e7\u00e3o e entendimento o texto b\u00edblico e o pr\u00f3prio Deus.<\/p>\n<p>Para conhecer cada devocion\u00e1rio, publicado pela Editora Ultimato, acesse nossa <a title=\"Devocion\u00e1rios\" href=\"http:\/\/ultimato.com.br\/sites\/devocional-diaria\/devocionarios\/\">p\u00e1gina<\/a>.<em id=\"__mceDel\"><em id=\"__mceDel\"><br \/>\n<\/em><\/em><\/p>\n","protected":false},"excerpt":{"rendered":"<p>O site Devocional Di\u00e1ria re\u00fane uma preciosa colet\u00e2nea de medita\u00e7\u00f5es di\u00e1rias de autores como C. S. Lewis, John Stott e Elben C\u00e9sar, o fundador da Editora Ultimato. A cada dia somos guiados pelos autores por toda a narrativa b\u00edblica. Dos profetas menores aos primeiros dias da igreja no Novo Testamento. Das leituras di\u00e1rias selecionadas dos [&hellip;]<\/p>\n","protected":false},"author":6,"featured_media":0,"parent":0,"menu_order":0,"comment_status":"open","ping_status":"closed","template":"","meta":{"ngg_post_thumbnail":0,"footnotes":""},"class_list":["post-18","page","type-page","status-publish","hentry"],"publishpress_future_action":{"enabled":false,"date":"2026-05-02 16:40:48","action":"change-status","newStatus":"draft","terms":[],"taxonomy":"","extraData":[]},"publishpress_future_workflow_manual_trigger":{"enabledWorkflows":[]},"_links":{"self":[{"href":"https:\/\/ultimato.com.br\/sites\/devocional-diaria\/wp-json\/wp\/v2\/pages\/18","targetHints":{"allow":["GET"]}}],"collection":[{"href":"https:\/\/ultimato.com.br\/sites\/devocional-diaria\/wp-json\/wp\/v2\/pages"}],"about":[{"href":"https:\/\/ultimato.com.br\/sites\/devocional-diaria\/wp-json\/wp\/v2\/types\/page"}],"author":[{"embeddable":true,"href":"https:\/\/ultimato.com.br\/sites\/devocional-diaria\/wp-json\/wp\/v2\/users\/6"}],"replies":[{"embeddable":true,"href":"https:\/\/ultimato.com.br\/sites\/devocional-diaria\/wp-json\/wp\/v2\/comments?post=18"}],"version-history":[{"count":6,"href":"https:\/\/ultimato.com.br\/sites\/devocional-diaria\/wp-json\/wp\/v2\/pages\/18\/revisions"}],"predecessor-version":[{"id":4762,"href":"https:\/\/ultimato.com.br\/sites\/devocional-diaria\/wp-json\/wp\/v2\/pages\/18\/revisions\/4762"}],"wp:attachment":[{"href":"https:\/\/ultimato.com.br\/sites\/devocional-diaria\/wp-json\/wp\/v2\/media?parent=18"}],"curies":[{"name":"wp","href":"https:\/\/api.w.org\/{rel}","templated":true}]}}