{"id":9,"date":"2011-11-03T15:55:30","date_gmt":"2011-11-03T15:55:30","guid":{"rendered":"http:\/\/ultimato.com.br\/sites\/deus-que-nao-entendo\/?page_id=9"},"modified":"2011-11-08T12:53:40","modified_gmt":"2011-11-08T12:53:40","slug":"o-livro","status":"publish","type":"page","link":"https:\/\/ultimato.com.br\/sites\/deus-que-nao-entendo\/","title":{"rendered":"O livro"},"content":{"rendered":"<blockquote><p>\u201cChristopher Wright lida com os problemas b\u00edblicos com honestidade e humildade. Recomendo fortemente este livro.\u201d<\/p><\/blockquote>\n<p style=\"text-align: right;\"><em>\u2014 John Stott<\/em><\/p>\n<p>\u00a0* * *<\/p>\n<p>\u00c9 preciso admitir que h\u00e1 muita coisa que n\u00e3o entendemos sobre Deus.<\/p>\n<p style=\"padding-left: 30px;\"><em>Por que alguns sofrem tanto e outros t\u00eam uma vida que parece livre do sofrimento? <\/em><em><br \/>\n<em>Por que Deus disse e fez coisas, registradas B\u00edblia, que provocaram tanto conflito e injusti\u00e7a?<\/em><br \/>\n<em>Como \u201cencaixar\u201d tudo o que a B\u00edblia diz sobre o fim dos tempos?<\/em><\/em><\/p>\n<p>\u00a0N\u00e3o temos respostas para v\u00e1rias perguntas. Principalmente para aquelas que fazemos em meio ao sofrimento e \u00e0 dor, quando a f\u00e9 se torna uma luta e come\u00e7amos a questionar e \u201cencurralar\u201d o pr\u00f3prio Deus.<\/p>\n<p><strong>\u00a0<\/strong><strong>O Deus Que Eu N\u00e3o Entendo<\/strong> nos ajuda a encarar as limita\u00e7\u00f5es do nosso entendimento e nos mostra que \u00e9 poss\u00edvel dizer: \u201cEst\u00e1 tudo bem. Deus est\u00e1 no controle e vai consertar as coisas\u201d.<\/p>\n<p><img src=\"https:\/\/ultimato.com.br\/sites\/deus-que-nao-entendo\/wp-content\/plugins\/lightview-plus\/img\/novideo.png\" width=\"300\" height=\"168\" alt=\"Video not available\" \/><br \/><\/p>\n","protected":false},"excerpt":{"rendered":"<p>\u201cChristopher Wright lida com os problemas b\u00edblicos com honestidade e humildade. Recomendo fortemente este livro.\u201d \u2014 John Stott \u00a0* * * \u00c9 preciso admitir que h\u00e1 muita coisa que n\u00e3o entendemos sobre Deus. Por que alguns sofrem tanto e outros t\u00eam uma vida que parece livre do sofrimento? Por que Deus disse e fez coisas, [&hellip;]<\/p>\n","protected":false},"author":8,"featured_media":0,"parent":0,"menu_order":1,"comment_status":"open","ping_status":"open","template":"","meta":{"footnotes":""},"class_list":["post-9","page","type-page","status-publish","hentry"],"_links":{"self":[{"href":"https:\/\/ultimato.com.br\/sites\/deus-que-nao-entendo\/wp-json\/wp\/v2\/pages\/9","targetHints":{"allow":["GET"]}}],"collection":[{"href":"https:\/\/ultimato.com.br\/sites\/deus-que-nao-entendo\/wp-json\/wp\/v2\/pages"}],"about":[{"href":"https:\/\/ultimato.com.br\/sites\/deus-que-nao-entendo\/wp-json\/wp\/v2\/types\/page"}],"author":[{"embeddable":true,"href":"https:\/\/ultimato.com.br\/sites\/deus-que-nao-entendo\/wp-json\/wp\/v2\/users\/8"}],"replies":[{"embeddable":true,"href":"https:\/\/ultimato.com.br\/sites\/deus-que-nao-entendo\/wp-json\/wp\/v2\/comments?post=9"}],"version-history":[{"count":5,"href":"https:\/\/ultimato.com.br\/sites\/deus-que-nao-entendo\/wp-json\/wp\/v2\/pages\/9\/revisions"}],"predecessor-version":[{"id":62,"href":"https:\/\/ultimato.com.br\/sites\/deus-que-nao-entendo\/wp-json\/wp\/v2\/pages\/9\/revisions\/62"}],"wp:attachment":[{"href":"https:\/\/ultimato.com.br\/sites\/deus-que-nao-entendo\/wp-json\/wp\/v2\/media?parent=9"}],"curies":[{"name":"wp","href":"https:\/\/api.w.org\/{rel}","templated":true}]}}