{"id":13,"date":"2011-11-03T15:56:15","date_gmt":"2011-11-03T15:56:15","guid":{"rendered":"http:\/\/ultimato.com.br\/sites\/deus-que-nao-entendo\/?page_id=13"},"modified":"2011-11-08T11:50:00","modified_gmt":"2011-11-08T11:50:00","slug":"o-que-disseram","status":"publish","type":"page","link":"https:\/\/ultimato.com.br\/sites\/deus-que-nao-entendo\/o-que-disseram\/","title":{"rendered":"O que disseram"},"content":{"rendered":"<blockquote><p><strong>O Deus Que Eu N\u00e3o Entendo<\/strong>\u00a0come\u00e7a com algumas de nossas mais dif\u00edceis perguntas sobre Deus e termina com algumas das maiores promessas de Deus para n\u00f3s. \u00c9 um presente para todos aqueles que se importam o bastante com sua f\u00e9 para question\u00e1-la.<\/p><\/blockquote>\n<p style=\"text-align: right;\">\u2014 Andy Crouch, director editorial do projeto Christian Vision na\u00a0<em>Christianity Today International<\/em><\/p>\n<p>&nbsp;<\/p>\n<blockquote><p>Christopher Wright usa sua longa experi\u00eancia para nos ajudar a vencer de forma habilidosa e s\u00e1bia os impasses que geralmente encontramos. N\u00e3o \u00e9 um livro carregado de ladainha religiosa; \u00e9 uma forte e corajosa batalha com as profundas quest\u00f5es da f\u00e9 crist\u00e3.<\/p><\/blockquote>\n<p style=\"text-align: right;\">\u2014 Gary M. Burge, professor de Novo Testamento na Wheaton College Graduate School<\/p>\n<p>&nbsp;<\/p>\n<blockquote><p>\u00c9 inspirador ler um livro que come\u00e7a afirmando que h\u00e1 muito sobre Deus que n\u00e3o entendemos e n\u00e3o podemos entender, e que ainda assim n\u00e3o deixa de ser confrontador. Christopher Wright conduz o leitor a t\u00f3picos sobre Deus que causam perplexidade e incomodo em todos n\u00f3s e demonstra como nossas quest\u00f5es dif\u00edceis sobre Deus s\u00e3o, na verdade, caminhos para uma f\u00e9 mais profunda.<\/p><\/blockquote>\n<p style=\"text-align: right;\">\u2014 Carolyn Custis James, autora de\u00a0<em>The Gospel of Ruth<\/em><\/p>\n","protected":false},"excerpt":{"rendered":"<p>O Deus Que Eu N\u00e3o Entendo\u00a0come\u00e7a com algumas de nossas mais dif\u00edceis perguntas sobre Deus e termina com algumas das maiores promessas de Deus para n\u00f3s. \u00c9 um presente para todos aqueles que se importam o bastante com sua f\u00e9 para question\u00e1-la. \u2014 Andy Crouch, director editorial do projeto Christian Vision na\u00a0Christianity Today International &nbsp; [&hellip;]<\/p>\n","protected":false},"author":8,"featured_media":0,"parent":0,"menu_order":3,"comment_status":"open","ping_status":"open","template":"","meta":{"footnotes":""},"class_list":["post-13","page","type-page","status-publish","hentry"],"_links":{"self":[{"href":"https:\/\/ultimato.com.br\/sites\/deus-que-nao-entendo\/wp-json\/wp\/v2\/pages\/13","targetHints":{"allow":["GET"]}}],"collection":[{"href":"https:\/\/ultimato.com.br\/sites\/deus-que-nao-entendo\/wp-json\/wp\/v2\/pages"}],"about":[{"href":"https:\/\/ultimato.com.br\/sites\/deus-que-nao-entendo\/wp-json\/wp\/v2\/types\/page"}],"author":[{"embeddable":true,"href":"https:\/\/ultimato.com.br\/sites\/deus-que-nao-entendo\/wp-json\/wp\/v2\/users\/8"}],"replies":[{"embeddable":true,"href":"https:\/\/ultimato.com.br\/sites\/deus-que-nao-entendo\/wp-json\/wp\/v2\/comments?post=13"}],"version-history":[{"count":3,"href":"https:\/\/ultimato.com.br\/sites\/deus-que-nao-entendo\/wp-json\/wp\/v2\/pages\/13\/revisions"}],"predecessor-version":[{"id":55,"href":"https:\/\/ultimato.com.br\/sites\/deus-que-nao-entendo\/wp-json\/wp\/v2\/pages\/13\/revisions\/55"}],"wp:attachment":[{"href":"https:\/\/ultimato.com.br\/sites\/deus-que-nao-entendo\/wp-json\/wp\/v2\/media?parent=13"}],"curies":[{"name":"wp","href":"https:\/\/api.w.org\/{rel}","templated":true}]}}