{"id":11,"date":"2011-11-03T15:55:50","date_gmt":"2011-11-03T15:55:50","guid":{"rendered":"http:\/\/ultimato.com.br\/sites\/deus-que-nao-entendo\/?page_id=11"},"modified":"2011-11-08T12:25:27","modified_gmt":"2011-11-08T12:25:27","slug":"o-autor","status":"publish","type":"page","link":"https:\/\/ultimato.com.br\/sites\/deus-que-nao-entendo\/o-autor\/","title":{"rendered":"O autor"},"content":{"rendered":"<p><a href=\"http:\/\/ultimato.com.br\/sites\/deus-que-nao-entendo\/files\/2011\/11\/cw.jpg\" class=\"lightview\" data-lightview-group=\"group-11\" data-lightview-options=\"skin: 'dark', controls: 'relative', padding: '10', shadow: { color: '#000000', opacity: 0.08, blur: 3 }\" data-lightview-title=\"cw\"><img loading=\"lazy\" decoding=\"async\" class=\"size-thumbnail wp-image-57 alignleft\" title=\"cw\" src=\"http:\/\/ultimato.com.br\/sites\/deus-que-nao-entendo\/files\/2011\/11\/cw-124x150.jpg\" alt=\"\" width=\"124\" height=\"150\" \/><\/a>Autor de <strong><a href=\"http:\/\/www.ultimato.com.br\/loja\/produtos\/povo-terra-e-deus-1\" target=\"_blank\">Povo, Terra e Deus<\/a><\/strong> e <strong><a href=\"http:\/\/www.ultimato.com.br\/loja\/produtos\/o-deus-que-eu-nao-entendo\">O\u00a0Deus Que Eu N\u00e3o Entendo<\/a><\/strong>, Christopher J. H. Wright \u00e9 diretor internacional da Langham Partnership, onde assumiu a fun\u00e7\u00e3o ocupada por John R. W. Stott durante 30 anos. Ele \u00e9 tamb\u00e9m presidente do Grupo Teol\u00f3gico de Trabalho do Comit\u00ea de Lausanne e do Comit\u00ea Teol\u00f3gico da Tearfund, conhecida organiza\u00e7\u00e3o crist\u00e3 de assist\u00eancia e desenvolvimento. Escreveu outros livros, incluindo Knowing Jesus Through the Old Testament e o premiado The Mission of God. Chris e sua esposa, Liz, t\u00eam quatro filhos e cinco netos.<em><\/em><\/p>\n","protected":false},"excerpt":{"rendered":"<p>Autor de Povo, Terra e Deus e O\u00a0Deus Que Eu N\u00e3o Entendo, Christopher J. H. Wright \u00e9 diretor internacional da Langham Partnership, onde assumiu a fun\u00e7\u00e3o ocupada por John R. W. Stott durante 30 anos. Ele \u00e9 tamb\u00e9m presidente do Grupo Teol\u00f3gico de Trabalho do Comit\u00ea de Lausanne e do Comit\u00ea Teol\u00f3gico da Tearfund, conhecida [&hellip;]<\/p>\n","protected":false},"author":8,"featured_media":0,"parent":0,"menu_order":2,"comment_status":"open","ping_status":"open","template":"","meta":{"footnotes":""},"class_list":["post-11","page","type-page","status-publish","hentry"],"_links":{"self":[{"href":"https:\/\/ultimato.com.br\/sites\/deus-que-nao-entendo\/wp-json\/wp\/v2\/pages\/11","targetHints":{"allow":["GET"]}}],"collection":[{"href":"https:\/\/ultimato.com.br\/sites\/deus-que-nao-entendo\/wp-json\/wp\/v2\/pages"}],"about":[{"href":"https:\/\/ultimato.com.br\/sites\/deus-que-nao-entendo\/wp-json\/wp\/v2\/types\/page"}],"author":[{"embeddable":true,"href":"https:\/\/ultimato.com.br\/sites\/deus-que-nao-entendo\/wp-json\/wp\/v2\/users\/8"}],"replies":[{"embeddable":true,"href":"https:\/\/ultimato.com.br\/sites\/deus-que-nao-entendo\/wp-json\/wp\/v2\/comments?post=11"}],"version-history":[{"count":3,"href":"https:\/\/ultimato.com.br\/sites\/deus-que-nao-entendo\/wp-json\/wp\/v2\/pages\/11\/revisions"}],"predecessor-version":[{"id":56,"href":"https:\/\/ultimato.com.br\/sites\/deus-que-nao-entendo\/wp-json\/wp\/v2\/pages\/11\/revisions\/56"}],"wp:attachment":[{"href":"https:\/\/ultimato.com.br\/sites\/deus-que-nao-entendo\/wp-json\/wp\/v2\/media?parent=11"}],"curies":[{"name":"wp","href":"https:\/\/api.w.org\/{rel}","templated":true}]}}