{"id":7,"date":"2016-08-30T10:48:33","date_gmt":"2016-08-30T13:48:33","guid":{"rendered":"http:\/\/ultimato.com.br\/sites\/deus-e-darwin\/?page_id=7"},"modified":"2016-08-30T11:17:21","modified_gmt":"2016-08-30T14:17:21","slug":"o-autor","status":"publish","type":"page","link":"https:\/\/ultimato.com.br\/sites\/deus-e-darwin\/o-autor\/","title":{"rendered":"O Autor"},"content":{"rendered":"<p><strong><img loading=\"lazy\" decoding=\"async\" class=\"alignleft size-thumbnail wp-image-25\" src=\"http:\/\/ultimato.com.br\/sites\/deus-e-darwin\/files\/2016\/08\/autor_acdd-150x150.jpg\" alt=\"autor_acdd\" width=\"150\" height=\"150\" srcset=\"https:\/\/ultimato.com.br\/sites\/deus-e-darwin\/files\/2016\/08\/autor_acdd-150x150.jpg 150w, https:\/\/ultimato.com.br\/sites\/deus-e-darwin\/files\/2016\/08\/autor_acdd-300x300.jpg 300w, https:\/\/ultimato.com.br\/sites\/deus-e-darwin\/files\/2016\/08\/autor_acdd.jpg 303w\" sizes=\"auto, (max-width: 150px) 100vw, 150px\" \/>Alister McGrath <\/strong>\u00e9 um dos mais influentes pensadores crist\u00e3os da atualidade. Bioqu\u00edmico, com p\u00f3s-doutorado em biof\u00edsica molecular e doutorado em teologia, \u00e9 professor de ci\u00eancia e religi\u00e3o na Universidade de Oxford. \u00c9 autor de v\u00e1rios livros, entre eles\u00a0<em>O Del\u00edrio de Dawkins<\/em>,\u00a0<em>Como Lidar com a D\u00favida<\/em>,\u00a0<em>Teologia Pura e simples<\/em> e<em> A Ci\u00eancia de Deus<\/em>. \u00c9 presidente do Centro Oxford para Apolog\u00e9tica Crist\u00e3.<\/p>\n","protected":false},"excerpt":{"rendered":"<p>Alister McGrath \u00e9 um dos mais influentes pensadores crist\u00e3os da atualidade. Bioqu\u00edmico, com p\u00f3s-doutorado em biof\u00edsica molecular e doutorado em teologia, \u00e9 professor de ci\u00eancia e religi\u00e3o na Universidade de Oxford. \u00c9 autor de v\u00e1rios livros, entre eles\u00a0O Del\u00edrio de Dawkins,\u00a0Como Lidar com a D\u00favida,\u00a0Teologia Pura e simples e A Ci\u00eancia de Deus. \u00c9 presidente [&hellip;]<\/p>\n","protected":false},"author":24,"featured_media":0,"parent":0,"menu_order":3,"comment_status":"closed","ping_status":"closed","template":"","meta":{"footnotes":""},"class_list":["post-7","page","type-page","status-publish","hentry"],"_links":{"self":[{"href":"https:\/\/ultimato.com.br\/sites\/deus-e-darwin\/wp-json\/wp\/v2\/pages\/7","targetHints":{"allow":["GET"]}}],"collection":[{"href":"https:\/\/ultimato.com.br\/sites\/deus-e-darwin\/wp-json\/wp\/v2\/pages"}],"about":[{"href":"https:\/\/ultimato.com.br\/sites\/deus-e-darwin\/wp-json\/wp\/v2\/types\/page"}],"author":[{"embeddable":true,"href":"https:\/\/ultimato.com.br\/sites\/deus-e-darwin\/wp-json\/wp\/v2\/users\/24"}],"replies":[{"embeddable":true,"href":"https:\/\/ultimato.com.br\/sites\/deus-e-darwin\/wp-json\/wp\/v2\/comments?post=7"}],"version-history":[{"count":2,"href":"https:\/\/ultimato.com.br\/sites\/deus-e-darwin\/wp-json\/wp\/v2\/pages\/7\/revisions"}],"predecessor-version":[{"id":26,"href":"https:\/\/ultimato.com.br\/sites\/deus-e-darwin\/wp-json\/wp\/v2\/pages\/7\/revisions\/26"}],"wp:attachment":[{"href":"https:\/\/ultimato.com.br\/sites\/deus-e-darwin\/wp-json\/wp\/v2\/media?parent=7"}],"curies":[{"name":"wp","href":"https:\/\/api.w.org\/{rel}","templated":true}]}}