{"id":5,"date":"2016-08-30T10:47:38","date_gmt":"2016-08-30T13:47:38","guid":{"rendered":"http:\/\/ultimato.com.br\/sites\/deus-e-darwin\/?page_id=5"},"modified":"2016-08-30T10:47:38","modified_gmt":"2016-08-30T13:47:38","slug":"o-livro","status":"publish","type":"page","link":"https:\/\/ultimato.com.br\/sites\/deus-e-darwin\/","title":{"rendered":"O Livro"},"content":{"rendered":"<blockquote><p>O principal m\u00e9rito de <strong>Deus e Darwin<\/strong> est\u00e1 na an\u00e1lise da teologia natural, especificamente na import\u00e2ncia do conhecimento cient\u00edfico para a solu\u00e7\u00e3o de quest\u00f5es teol\u00f3gicas.\u201d<\/p><\/blockquote>\n<p><em>\u2013 The Quarterly Review of Biology<\/em><\/p>\n<blockquote><p>Um guia envolvente para controv\u00e9rsias do passado e do presente sobre divindade, <em>design<\/em> e darwinismo. <strong>Deus e Darwin<\/strong> representa uma contribui\u00e7\u00e3o criativa e intelectualmente instigante para a teologia natural do s\u00e9culo 21.<\/p><\/blockquote>\n<p>\u2013 <em>Peter Harrison<\/em>, Harris Manchester College, Oxford<\/p>\n<p>&nbsp;<\/p>\n<p>A teoria da sele\u00e7\u00e3o natural, de Charles Darwin, abalou as verdades fundamentais do cristianismo? A sele\u00e7\u00e3o natural pode elucidar pontos de vista sobre as origens e o significado da vida?<\/p>\n<p><strong>Deus e Darwin<\/strong> aponta as implica\u00e7\u00f5es do pensamento evolutivo para a teologia natural desde a publica\u00e7\u00e3o de <em>A Origem das Esp\u00e9cies<\/em>, de Darwin, at\u00e9 os debates atuais sobre criacionismo e <em>design<\/em> inteligente.<\/p>\n<p>Alister McGrath, um dos mais not\u00e1veis pensadores dos nossos dias, quais foram os impactos da publica\u00e7\u00e3o do livro \u201cA Origem das Esp\u00e9cies\u201d para a Teologia Natural; e, de modo mais abrangente, qual o caminho para uma rela\u00e7\u00e3o amistosa entre teoria evolutiva e f\u00e9 crist\u00e3, entre o dom\u00ednio da ci\u00eancia e o dom\u00ednio da f\u00e9.<\/p>\n","protected":false},"excerpt":{"rendered":"<p>O principal m\u00e9rito de Deus e Darwin est\u00e1 na an\u00e1lise da teologia natural, especificamente na import\u00e2ncia do conhecimento cient\u00edfico para a solu\u00e7\u00e3o de quest\u00f5es teol\u00f3gicas.\u201d \u2013 The Quarterly Review of Biology Um guia envolvente para controv\u00e9rsias do passado e do presente sobre divindade, design e darwinismo. Deus e Darwin representa uma contribui\u00e7\u00e3o criativa e intelectualmente [&hellip;]<\/p>\n","protected":false},"author":24,"featured_media":0,"parent":0,"menu_order":0,"comment_status":"closed","ping_status":"closed","template":"","meta":{"footnotes":""},"class_list":["post-5","page","type-page","status-publish","hentry"],"_links":{"self":[{"href":"https:\/\/ultimato.com.br\/sites\/deus-e-darwin\/wp-json\/wp\/v2\/pages\/5","targetHints":{"allow":["GET"]}}],"collection":[{"href":"https:\/\/ultimato.com.br\/sites\/deus-e-darwin\/wp-json\/wp\/v2\/pages"}],"about":[{"href":"https:\/\/ultimato.com.br\/sites\/deus-e-darwin\/wp-json\/wp\/v2\/types\/page"}],"author":[{"embeddable":true,"href":"https:\/\/ultimato.com.br\/sites\/deus-e-darwin\/wp-json\/wp\/v2\/users\/24"}],"replies":[{"embeddable":true,"href":"https:\/\/ultimato.com.br\/sites\/deus-e-darwin\/wp-json\/wp\/v2\/comments?post=5"}],"version-history":[{"count":1,"href":"https:\/\/ultimato.com.br\/sites\/deus-e-darwin\/wp-json\/wp\/v2\/pages\/5\/revisions"}],"predecessor-version":[{"id":10,"href":"https:\/\/ultimato.com.br\/sites\/deus-e-darwin\/wp-json\/wp\/v2\/pages\/5\/revisions\/10"}],"wp:attachment":[{"href":"https:\/\/ultimato.com.br\/sites\/deus-e-darwin\/wp-json\/wp\/v2\/media?parent=5"}],"curies":[{"name":"wp","href":"https:\/\/api.w.org\/{rel}","templated":true}]}}