{"id":9,"date":"2016-04-27T23:43:40","date_gmt":"2016-04-27T23:43:40","guid":{"rendered":"http:\/\/ultimato.com.br\/sites\/desafios-lideranca-crista\/?page_id=9"},"modified":"2016-04-27T23:43:40","modified_gmt":"2016-04-27T23:43:40","slug":"o-que-disseram","status":"publish","type":"page","link":"https:\/\/ultimato.com.br\/sites\/desafios-lideranca-crista\/o-que-disseram\/","title":{"rendered":"O que disseram"},"content":{"rendered":"<blockquote><p>Aprendi muitas li\u00e7\u00f5es sobre o estilo de vida de um l\u00edder por meio da vida e dos textos de John Stott. \u00c9 impressionante quantas delas ainda uso depois de quase quatro d\u00e9cadas de minist\u00e9rio. <strong>Desafios da Lideran\u00e7a Crist\u00e3<\/strong> \u00e9 uma obra \u00e0 qual o jovem l\u00edder crist\u00e3o pode recorrer para se tornar um l\u00edder b\u00edblico.<\/p><\/blockquote>\n<p>\u2013 <em>Ajith Fernando<\/em><\/p>\n<p>&nbsp;<\/p>\n<blockquote><p>Ao ler este pequeno, mas poderoso livro, lembrei-me do impacto das palestras que John Stott apresentou em Quito, no Equador, em 1985. Elas tocaram a minha vida de modo definitivo, a ponto de experimentarmos uma mudan\u00e7a no trabalho com estudantes evang\u00e9licos na Am\u00e9rica Latina. Desde que nos conhecemos em Cambridge, em 1959, John Stott tem sido um modelo para mim de um estilo verdadeiramente b\u00edblico de lideran\u00e7a.<\/p><\/blockquote>\n<p><em>\u2013 Samuel Escobar<\/em><\/p>\n","protected":false},"excerpt":{"rendered":"<p>Aprendi muitas li\u00e7\u00f5es sobre o estilo de vida de um l\u00edder por meio da vida e dos textos de John Stott. \u00c9 impressionante quantas delas ainda uso depois de quase quatro d\u00e9cadas de minist\u00e9rio. Desafios da Lideran\u00e7a Crist\u00e3 \u00e9 uma obra \u00e0 qual o jovem l\u00edder crist\u00e3o pode recorrer para se tornar um l\u00edder b\u00edblico. [&hellip;]<\/p>\n","protected":false},"author":24,"featured_media":0,"parent":0,"menu_order":2,"comment_status":"closed","ping_status":"closed","template":"","meta":{"footnotes":""},"class_list":["post-9","page","type-page","status-publish","hentry"],"_links":{"self":[{"href":"https:\/\/ultimato.com.br\/sites\/desafios-lideranca-crista\/wp-json\/wp\/v2\/pages\/9","targetHints":{"allow":["GET"]}}],"collection":[{"href":"https:\/\/ultimato.com.br\/sites\/desafios-lideranca-crista\/wp-json\/wp\/v2\/pages"}],"about":[{"href":"https:\/\/ultimato.com.br\/sites\/desafios-lideranca-crista\/wp-json\/wp\/v2\/types\/page"}],"author":[{"embeddable":true,"href":"https:\/\/ultimato.com.br\/sites\/desafios-lideranca-crista\/wp-json\/wp\/v2\/users\/24"}],"replies":[{"embeddable":true,"href":"https:\/\/ultimato.com.br\/sites\/desafios-lideranca-crista\/wp-json\/wp\/v2\/comments?post=9"}],"version-history":[{"count":1,"href":"https:\/\/ultimato.com.br\/sites\/desafios-lideranca-crista\/wp-json\/wp\/v2\/pages\/9\/revisions"}],"predecessor-version":[{"id":16,"href":"https:\/\/ultimato.com.br\/sites\/desafios-lideranca-crista\/wp-json\/wp\/v2\/pages\/9\/revisions\/16"}],"wp:attachment":[{"href":"https:\/\/ultimato.com.br\/sites\/desafios-lideranca-crista\/wp-json\/wp\/v2\/media?parent=9"}],"curies":[{"name":"wp","href":"https:\/\/api.w.org\/{rel}","templated":true}]}}