{"id":8,"date":"2016-04-27T23:42:54","date_gmt":"2016-04-27T23:42:54","guid":{"rendered":"http:\/\/ultimato.com.br\/sites\/desafios-lideranca-crista\/?page_id=8"},"modified":"2016-04-27T23:43:12","modified_gmt":"2016-04-27T23:43:12","slug":"o-autor","status":"publish","type":"page","link":"https:\/\/ultimato.com.br\/sites\/desafios-lideranca-crista\/o-autor\/","title":{"rendered":"O Autor"},"content":{"rendered":"<p><img loading=\"lazy\" decoding=\"async\" class=\"alignleft size-thumbnail wp-image-14\" src=\"http:\/\/ultimato.com.br\/sites\/desafios-lideranca-crista\/files\/2016\/04\/autor_dlc-150x150.jpg\" alt=\"autor_dlc\" width=\"150\" height=\"150\" \/>Conhecido no mundo inteiro como te\u00f3logo, escritor e evangelista, John Stott \u00e9 autor de mais de quarenta livros, incluindo <a href=\"http:\/\/www.ultimato.com.br\/loja\/produtos\/a-missao-crista-no-mundo-moderno\" target=\"_blank\">A Miss\u00e3o Crist\u00e3 no Mundo Moderno<\/a>, <a href=\"http:\/\/www.ultimato.com.br\/loja\/produtos\/a-biblia-toda-o-ano-todo\" target=\"_blank\">A B\u00edblia Toda, O Ano Todo<\/a>, <a href=\"http:\/\/www.ultimato.com.br\/loja\/produtos\/por-que-sou-cristao\" target=\"_blank\">Por Que Sou Crist\u00e3o<\/a>, <a href=\"http:\/\/www.ultimato.com.br\/loja\/produtos\/o-discipulo-radical\" target=\"_blank\">O Disc\u00edpulo Radical<\/a>,<a href=\"http:\/\/www.ultimato.com.br\/loja\/produtos\/os-cristaos-e-os-desafios-contemporaneos\" target=\"_blank\">Os Crist\u00e3os e os Desafios Contempor\u00e2neos<\/a>, <a href=\"http:\/\/www.ultimato.com.br\/loja\/produtos\/para-entender-a-biblia\" target=\"_blank\">Para Entender a B\u00edblia<\/a>, <a href=\"http:\/\/www.ultimato.com.br\/loja\/produtos\/as-controversias-de-jesus\" target=\"_blank\">As Controv\u00e9rsias de Jesus<\/a> e o campe\u00e3o de vendas\u00a0<a href=\"http:\/\/www.ultimato.com.br\/loja\/produtos\/cristianismo-basico\" target=\"_blank\">Cristianismo B\u00e1sico<\/a>. Stott foi pastor em\u00e9rito da All Souls Church, em Londres, e fundador do London Institute for Contemporary Christianity. Foi indicado pela revista <i>Time<\/i> como uma das cem personalidades mais influentes do mundo.<\/p>\n","protected":false},"excerpt":{"rendered":"<p>Conhecido no mundo inteiro como te\u00f3logo, escritor e evangelista, John Stott \u00e9 autor de mais de quarenta livros, incluindo A Miss\u00e3o Crist\u00e3 no Mundo Moderno, A B\u00edblia Toda, O Ano Todo, Por Que Sou Crist\u00e3o, O Disc\u00edpulo Radical,Os Crist\u00e3os e os Desafios Contempor\u00e2neos, Para Entender a B\u00edblia, As Controv\u00e9rsias de Jesus e o campe\u00e3o de [&hellip;]<\/p>\n","protected":false},"author":24,"featured_media":0,"parent":0,"menu_order":3,"comment_status":"closed","ping_status":"closed","template":"","meta":{"footnotes":""},"class_list":["post-8","page","type-page","status-publish","hentry"],"_links":{"self":[{"href":"https:\/\/ultimato.com.br\/sites\/desafios-lideranca-crista\/wp-json\/wp\/v2\/pages\/8","targetHints":{"allow":["GET"]}}],"collection":[{"href":"https:\/\/ultimato.com.br\/sites\/desafios-lideranca-crista\/wp-json\/wp\/v2\/pages"}],"about":[{"href":"https:\/\/ultimato.com.br\/sites\/desafios-lideranca-crista\/wp-json\/wp\/v2\/types\/page"}],"author":[{"embeddable":true,"href":"https:\/\/ultimato.com.br\/sites\/desafios-lideranca-crista\/wp-json\/wp\/v2\/users\/24"}],"replies":[{"embeddable":true,"href":"https:\/\/ultimato.com.br\/sites\/desafios-lideranca-crista\/wp-json\/wp\/v2\/comments?post=8"}],"version-history":[{"count":1,"href":"https:\/\/ultimato.com.br\/sites\/desafios-lideranca-crista\/wp-json\/wp\/v2\/pages\/8\/revisions"}],"predecessor-version":[{"id":15,"href":"https:\/\/ultimato.com.br\/sites\/desafios-lideranca-crista\/wp-json\/wp\/v2\/pages\/8\/revisions\/15"}],"wp:attachment":[{"href":"https:\/\/ultimato.com.br\/sites\/desafios-lideranca-crista\/wp-json\/wp\/v2\/media?parent=8"}],"curies":[{"name":"wp","href":"https:\/\/api.w.org\/{rel}","templated":true}]}}