{"id":6,"date":"2017-01-26T11:05:09","date_gmt":"2017-01-26T13:05:09","guid":{"rendered":"http:\/\/ultimato.com.br\/sites\/de-quem-e-terra-santa\/?page_id=6"},"modified":"2017-01-26T11:05:09","modified_gmt":"2017-01-26T13:05:09","slug":"o-livro","status":"publish","type":"page","link":"https:\/\/ultimato.com.br\/sites\/de-quem-e-terra-santa\/","title":{"rendered":"O Livro"},"content":{"rendered":"<p>O conflito entre Israel e a Palestina \u00e9 parte do cumprimento das profecias e promessas do Antigo Testamento?<\/p>\n<p>A cria\u00e7\u00e3o do estado de Israel \u00e9 um dos ind\u00edcios de que a segunda vinda de Cristo est\u00e1 pr\u00f3xima?<\/p>\n<p>Quando perguntarmos: \u201cDe quem \u00e9 a terra santa?\u201d, que tipo de pergunta estamos fazendo?<\/p>\n<p>Estamos falando de leis internacionais, direitos humanos, soberania do Estado? Ou estamos falando de religi\u00e3o e perguntando se um povo pode reivindicar o direito \u00e0 terra com base nas suas cren\u00e7as?<\/p>\n<p>N\u00e3o s\u00e3o perguntas f\u00e1ceis. Al\u00e9m disso, quest\u00f5es como a cria\u00e7\u00e3o do Estado de Israel, antissemitismo, islamismo, entre outras, dividem os crist\u00e3os.<\/p>\n<p><strong>De Quem \u00e9 a Terra Santa<\/strong> mostra n\u00e3o apenas a hist\u00f3ria e as quest\u00f5es pol\u00edticas, mas tamb\u00e9m as quest\u00f5es religiosas e os diferentes modos como os crist\u00e3os interpretam a B\u00edblia quando o assunto \u00e9 o permanente conflito entre Israel e a Palestina.<\/p>\n<blockquote><p>Indispens\u00e1vel para aqueles que querem entender o que realmente est\u00e1 acontecendo no Oriente M\u00e9dio.<\/p><\/blockquote>\n<p>\u2013 <em>Jeremy Moodey<\/em>, Embrace the Middle East<\/p>\n","protected":false},"excerpt":{"rendered":"<p>O conflito entre Israel e a Palestina \u00e9 parte do cumprimento das profecias e promessas do Antigo Testamento? A cria\u00e7\u00e3o do estado de Israel \u00e9 um dos ind\u00edcios de que a segunda vinda de Cristo est\u00e1 pr\u00f3xima? Quando perguntarmos: \u201cDe quem \u00e9 a terra santa?\u201d, que tipo de pergunta estamos fazendo? Estamos falando de leis [&hellip;]<\/p>\n","protected":false},"author":24,"featured_media":0,"parent":0,"menu_order":1,"comment_status":"closed","ping_status":"closed","template":"","meta":{"footnotes":""},"class_list":["post-6","page","type-page","status-publish","hentry"],"_links":{"self":[{"href":"https:\/\/ultimato.com.br\/sites\/de-quem-e-terra-santa\/wp-json\/wp\/v2\/pages\/6","targetHints":{"allow":["GET"]}}],"collection":[{"href":"https:\/\/ultimato.com.br\/sites\/de-quem-e-terra-santa\/wp-json\/wp\/v2\/pages"}],"about":[{"href":"https:\/\/ultimato.com.br\/sites\/de-quem-e-terra-santa\/wp-json\/wp\/v2\/types\/page"}],"author":[{"embeddable":true,"href":"https:\/\/ultimato.com.br\/sites\/de-quem-e-terra-santa\/wp-json\/wp\/v2\/users\/24"}],"replies":[{"embeddable":true,"href":"https:\/\/ultimato.com.br\/sites\/de-quem-e-terra-santa\/wp-json\/wp\/v2\/comments?post=6"}],"version-history":[{"count":1,"href":"https:\/\/ultimato.com.br\/sites\/de-quem-e-terra-santa\/wp-json\/wp\/v2\/pages\/6\/revisions"}],"predecessor-version":[{"id":13,"href":"https:\/\/ultimato.com.br\/sites\/de-quem-e-terra-santa\/wp-json\/wp\/v2\/pages\/6\/revisions\/13"}],"wp:attachment":[{"href":"https:\/\/ultimato.com.br\/sites\/de-quem-e-terra-santa\/wp-json\/wp\/v2\/media?parent=6"}],"curies":[{"name":"wp","href":"https:\/\/api.w.org\/{rel}","templated":true}]}}