{"id":39,"date":"2017-01-30T10:42:00","date_gmt":"2017-01-30T12:42:00","guid":{"rendered":"http:\/\/ultimato.com.br\/sites\/de-quem-e-terra-santa\/?page_id=39"},"modified":"2017-01-30T10:57:57","modified_gmt":"2017-01-30T12:57:57","slug":"release","status":"publish","type":"page","link":"https:\/\/ultimato.com.br\/sites\/de-quem-e-terra-santa\/extras\/release\/","title":{"rendered":"Release"},"content":{"rendered":"<p>Aqui est\u00e1 o\u00a0<em>press-release<\/em>\u00a0do livro <strong>De Quem \u00e9 a Terra Santa<\/strong>\u00a0para voc\u00ea divulgar no seu site, blog, jornal ou outro meio de comunica\u00e7\u00e3o do seu acesso. Ajude-nos a espalhar este conte\u00fado<\/p>\n<p>\u2013 Arquivo em\u00a0<a href=\"http:\/\/ultimato.com.br\/sites\/de-quem-e-terra-santa\/files\/2017\/01\/Release-De-quem-\u00e9-a-Terra-Santa.pdf\" target=\"_blank\">PDF<\/a>.<\/p>\n","protected":false},"excerpt":{"rendered":"<p>Aqui est\u00e1 o\u00a0press-release\u00a0do livro De Quem \u00e9 a Terra Santa\u00a0para voc\u00ea divulgar no seu site, blog, jornal ou outro meio de comunica\u00e7\u00e3o do seu acesso. Ajude-nos a espalhar este conte\u00fado \u2013 Arquivo em\u00a0PDF.<\/p>\n","protected":false},"author":24,"featured_media":0,"parent":9,"menu_order":3,"comment_status":"closed","ping_status":"closed","template":"","meta":{"footnotes":""},"class_list":["post-39","page","type-page","status-publish","hentry"],"_links":{"self":[{"href":"https:\/\/ultimato.com.br\/sites\/de-quem-e-terra-santa\/wp-json\/wp\/v2\/pages\/39","targetHints":{"allow":["GET"]}}],"collection":[{"href":"https:\/\/ultimato.com.br\/sites\/de-quem-e-terra-santa\/wp-json\/wp\/v2\/pages"}],"about":[{"href":"https:\/\/ultimato.com.br\/sites\/de-quem-e-terra-santa\/wp-json\/wp\/v2\/types\/page"}],"author":[{"embeddable":true,"href":"https:\/\/ultimato.com.br\/sites\/de-quem-e-terra-santa\/wp-json\/wp\/v2\/users\/24"}],"replies":[{"embeddable":true,"href":"https:\/\/ultimato.com.br\/sites\/de-quem-e-terra-santa\/wp-json\/wp\/v2\/comments?post=39"}],"version-history":[{"count":2,"href":"https:\/\/ultimato.com.br\/sites\/de-quem-e-terra-santa\/wp-json\/wp\/v2\/pages\/39\/revisions"}],"predecessor-version":[{"id":42,"href":"https:\/\/ultimato.com.br\/sites\/de-quem-e-terra-santa\/wp-json\/wp\/v2\/pages\/39\/revisions\/42"}],"up":[{"embeddable":true,"href":"https:\/\/ultimato.com.br\/sites\/de-quem-e-terra-santa\/wp-json\/wp\/v2\/pages\/9"}],"wp:attachment":[{"href":"https:\/\/ultimato.com.br\/sites\/de-quem-e-terra-santa\/wp-json\/wp\/v2\/media?parent=39"}],"curies":[{"name":"wp","href":"https:\/\/api.w.org\/{rel}","templated":true}]}}